{"id":1014,"date":"2021-07-15T17:05:48","date_gmt":"2021-07-16T01:05:48","guid":{"rendered":"https:\/\/lidaglassware.com\/?post_type=product&#038;p=1014"},"modified":"2022-09-27T01:48:16","modified_gmt":"2022-09-27T09:48:16","slug":"diamond-whiskey-glasses-8oz-225ml","status":"publish","type":"product","link":"https:\/\/lidaglassware.com\/de\/produkt\/diamond-whisky-glaser-8oz-225ml\/","title":{"rendered":"Diamant-Whisky-Gl\u00e4ser, 225 ml"},"content":{"rendered":"<h2>Diamant-Whisky-Gl\u00e4ser, 225 ml<\/h2>\n<p>Diese Diamant-Whisky-Gl\u00e4ser mit einem Fassungsverm\u00f6gen von 8 Unzen\/225 ml eignen sich sowohl f\u00fcr gewerbliche Zwecke als auch f\u00fcr den Heimgebrauch. Diese Whisky-Gl\u00e4ser wurden aus Kalknatronglas hergestellt. Und sie halten auch starker Alltagsbeanspruchung stand.<\/p>\n<p>Dieses Whiskyglas\/altmodische Glas wird maschinell gepresst hergestellt. Es zeigt die \u00fcberragende Klarheit und einen feinen Rand. Sie k\u00f6nnen Ihre eigene Getr\u00e4nkepr\u00e4sentation durchf\u00fchren.<\/p>","protected":false},"excerpt":{"rendered":"<p>Geeignet f\u00fcr den Einsatz in gewerblichen Umgebungen wie Restaurants, Pubs, Partys usw. Ich hoffe, Sie haben Spa\u00df mit diesen altmodischen Diamantbechern.<\/p>","protected":false},"featured_media":1142,"comment_status":"closed","ping_status":"closed","template":"","meta":[],"class_list":["post-1014","product","type-product","status-publish","has-post-thumbnail","hentry","product_cat-whiskey-glasses","product_tag-whiskey-glass"],"_links":{"self":[{"href":"https:\/\/lidaglassware.com\/de\/wp-json\/wp\/v2\/product\/1014","targetHints":{"allow":["GET"]}}],"collection":[{"href":"https:\/\/lidaglassware.com\/de\/wp-json\/wp\/v2\/product"}],"about":[{"href":"https:\/\/lidaglassware.com\/de\/wp-json\/wp\/v2\/types\/product"}],"replies":[{"embeddable":true,"href":"https:\/\/lidaglassware.com\/de\/wp-json\/wp\/v2\/comments?post=1014"}],"wp:featuredmedia":[{"embeddable":true,"href":"https:\/\/lidaglassware.com\/de\/wp-json\/wp\/v2\/media\/1142"}],"wp:attachment":[{"href":"https:\/\/lidaglassware.com\/de\/wp-json\/wp\/v2\/media?parent=1014"}],"curies":[{"name":"wp","href":"https:\/\/api.w.org\/{rel}","templated":true}]}}