{"id":1022,"date":"2021-07-15T17:06:56","date_gmt":"2021-07-16T01:06:56","guid":{"rendered":"https:\/\/lidaglassware.com\/?post_type=product&#038;p=1022"},"modified":"2021-07-18T23:28:37","modified_gmt":"2021-07-19T07:28:37","slug":"colored-pint-glass-16oz-453ml","status":"publish","type":"product","link":"https:\/\/lidaglassware.com\/de\/produkt\/farbiges-pintglas-16oz-453ml\/","title":{"rendered":"Farbiges Pintglas 16oz \/ 453ml"},"content":{"rendered":"<p><strong>Farbiges Pintglas <\/strong><\/p>\n<ul>\n<li>Material: Kalknatronglas<\/li>\n<li>Schwergewichtige Basis<\/li>\n<li>V-Form<\/li>\n<li>Sp\u00fclmaschinenfest<\/li>\n<li>In Geschenkbox erh\u00e4ltlich<\/li>\n<li>Logo ist willkommen<\/li>\n<\/ul>\n<p>&nbsp;<\/p>\n<p>Pantone-Farben k\u00f6nnen f\u00fcr Ihre individuelle Auswahl verwendet werden. Sie verwenden EP-Farbstoffe und sind sp\u00fclmaschinenfest.<\/p>\n<p>Ma\u00dfgeschneiderte Pint-Gl\u00e4ser zeigen ein Unternehmen, das viel Wert auf \u00d6ffentlichkeitsarbeit legt und eine einzigartige Gesch\u00e4ftsperspektive hat. Dies ist pers\u00f6nlicher als die Konkurrenz. Sie eignen sich gut als Werbeartikel f\u00fcr Hochzeiten, Firmenveranstaltungen oder andere festliche Anl\u00e4sse.<\/p>\n<p>Um Ihre Marke hervorzuheben, ist Ihr individuelles Logo ein Muss.<\/p>","protected":false},"excerpt":{"rendered":"<p>Diese farbigen Pint-Gl\u00e4ser dienen als Bier- und Mixgl\u00e4ser f\u00fcr Cocktails und andere Mixgetr\u00e4nke.<\/p>","protected":false},"featured_media":1151,"comment_status":"closed","ping_status":"closed","template":"","meta":[],"class_list":["post-1022","product","type-product","status-publish","has-post-thumbnail","hentry","product_cat-beer-glasses","product_cat-colored-glasses","product_tag-colored-glass","product_tag-pint-glass","product_tag-sprayed-glass"],"_links":{"self":[{"href":"https:\/\/lidaglassware.com\/de\/wp-json\/wp\/v2\/product\/1022","targetHints":{"allow":["GET"]}}],"collection":[{"href":"https:\/\/lidaglassware.com\/de\/wp-json\/wp\/v2\/product"}],"about":[{"href":"https:\/\/lidaglassware.com\/de\/wp-json\/wp\/v2\/types\/product"}],"replies":[{"embeddable":true,"href":"https:\/\/lidaglassware.com\/de\/wp-json\/wp\/v2\/comments?post=1022"}],"wp:featuredmedia":[{"embeddable":true,"href":"https:\/\/lidaglassware.com\/de\/wp-json\/wp\/v2\/media\/1151"}],"wp:attachment":[{"href":"https:\/\/lidaglassware.com\/de\/wp-json\/wp\/v2\/media?parent=1022"}],"curies":[{"name":"wp","href":"https:\/\/api.w.org\/{rel}","templated":true}]}}