{"id":1026,"date":"2021-07-15T17:07:34","date_gmt":"2021-07-16T01:07:34","guid":{"rendered":"https:\/\/lidaglassware.com\/?post_type=product&#038;p=1026"},"modified":"2021-07-18T23:47:01","modified_gmt":"2021-07-19T07:47:01","slug":"colored-mason-jar-mug-16oz-453ml","status":"publish","type":"product","link":"https:\/\/lidaglassware.com\/de\/produkt\/farbiger-einmachglasbecher-16-unzen-453-ml\/","title":{"rendered":"Farbige Einmachglas-Tasse, 453 ml"},"content":{"rendered":"","protected":false},"excerpt":{"rendered":"<p>Dieser Einmachglasbecher ist eine sch\u00f6ne Erinnerung an warme Sommertage und erinnert an die guten alten Zeiten. Es eignet sich hervorragend f\u00fcr den t\u00e4glichen Gebrauch und ist die perfekte Grundlage f\u00fcr saisonale Geschenke und Bastelarbeiten.<\/p>","protected":false},"featured_media":1152,"comment_status":"closed","ping_status":"closed","template":"","meta":[],"class_list":["post-1026","product","type-product","status-publish","has-post-thumbnail","hentry","product_cat-bottles-and-jars","product_cat-colored-glasses","product_tag-colored-glass","product_tag-mason-jar-mug","product_tag-pint-glass","product_tag-sprayed-glass"],"_links":{"self":[{"href":"https:\/\/lidaglassware.com\/de\/wp-json\/wp\/v2\/product\/1026","targetHints":{"allow":["GET"]}}],"collection":[{"href":"https:\/\/lidaglassware.com\/de\/wp-json\/wp\/v2\/product"}],"about":[{"href":"https:\/\/lidaglassware.com\/de\/wp-json\/wp\/v2\/types\/product"}],"replies":[{"embeddable":true,"href":"https:\/\/lidaglassware.com\/de\/wp-json\/wp\/v2\/comments?post=1026"}],"wp:featuredmedia":[{"embeddable":true,"href":"https:\/\/lidaglassware.com\/de\/wp-json\/wp\/v2\/media\/1152"}],"wp:attachment":[{"href":"https:\/\/lidaglassware.com\/de\/wp-json\/wp\/v2\/media?parent=1026"}],"curies":[{"name":"wp","href":"https:\/\/api.w.org\/{rel}","templated":true}]}}