{"id":1030,"date":"2021-07-15T17:08:16","date_gmt":"2021-07-16T01:08:16","guid":{"rendered":"https:\/\/lidaglassware.com\/?post_type=product&#038;p=1030"},"modified":"2021-07-18T23:42:24","modified_gmt":"2021-07-19T07:42:24","slug":"blue-colored-mason-jar-mug-16oz-453ml","status":"publish","type":"product","link":"https:\/\/lidaglassware.com\/de\/produkt\/blauer-einmachglasbecher-16-unzen-453-ml\/","title":{"rendered":"Blauer Einmachglas-Becher, 453 ml"},"content":{"rendered":"<h4><span style=\"color: #333333;\"><strong>Merkmale:<\/strong><\/span><\/h4>\n<ul>\n<li>Farbige Einmachglas-Tasse<\/li>\n<li>Material: Kalknatronglas<\/li>\n<li>Farbe: Laut Pantone<\/li>\n<li>Zubeh\u00f6r: Einmachglas-Becherdeckel und Strohhalm<\/li>\n<li>Auswechselbares gepr\u00e4gtes Logo<\/li>\n<li>Sp\u00fclmaschinenfest<\/li>\n<li>In Geschenkbox erh\u00e4ltlich<\/li>\n<\/ul>","protected":false},"excerpt":{"rendered":"<p>Dieser Einmachglasbecher ist eine sch\u00f6ne Erinnerung an warme Sommertage und erinnert an die guten alten Zeiten. Es eignet sich hervorragend f\u00fcr den t\u00e4glichen Gebrauch und ist die perfekte Grundlage f\u00fcr saisonale Geschenke und Bastelarbeiten.<\/p>","protected":false},"featured_media":1158,"comment_status":"closed","ping_status":"closed","template":"","meta":[],"class_list":["post-1030","product","type-product","status-publish","has-post-thumbnail","hentry","product_cat-bottles-and-jars","product_cat-colored-glasses","product_tag-colored-glass","product_tag-mason-jar-mug","product_tag-pint-glass","product_tag-sprayed-glass"],"_links":{"self":[{"href":"https:\/\/lidaglassware.com\/de\/wp-json\/wp\/v2\/product\/1030","targetHints":{"allow":["GET"]}}],"collection":[{"href":"https:\/\/lidaglassware.com\/de\/wp-json\/wp\/v2\/product"}],"about":[{"href":"https:\/\/lidaglassware.com\/de\/wp-json\/wp\/v2\/types\/product"}],"replies":[{"embeddable":true,"href":"https:\/\/lidaglassware.com\/de\/wp-json\/wp\/v2\/comments?post=1030"}],"wp:featuredmedia":[{"embeddable":true,"href":"https:\/\/lidaglassware.com\/de\/wp-json\/wp\/v2\/media\/1158"}],"wp:attachment":[{"href":"https:\/\/lidaglassware.com\/de\/wp-json\/wp\/v2\/media?parent=1030"}],"curies":[{"name":"wp","href":"https:\/\/api.w.org\/{rel}","templated":true}]}}