{"id":1038,"date":"2021-07-15T17:09:28","date_gmt":"2021-07-16T01:09:28","guid":{"rendered":"https:\/\/lidaglassware.com\/?post_type=product&#038;p=1038"},"modified":"2021-07-18T23:44:18","modified_gmt":"2021-07-19T07:44:18","slug":"cocktail-shaker-lid-with-silicone-seals-for-regular-mouth-mason-ball-canning-jars-stainless-steel","status":"publish","type":"product","link":"https:\/\/lidaglassware.com\/de\/produkt\/cocktail-shaker-deckel-mit-silikon-dichtungen-fur-normale-mund-einmachglaser-einmachglaser-aus-edelstahl\/","title":{"rendered":"Cocktail-Shaker-Deckel mit Silikondichtungen f\u00fcr Einmach-, Kugel- und Einmachgl\u00e4ser mit normaler \u00d6ffnung (Edelstahl)"},"content":{"rendered":"<h4><span style=\"color: #333333;\">Merkmale<\/span><\/h4>\n<ul>\n<li>Cocktail-Shaker-Deckel<\/li>\n<li>Material: Edelstahl<\/li>\n<li>Farbe: Metallfarbe, poliert oder unpoliert<\/li>\n<li>Verwendung: F\u00fcr Einmachgl\u00e4ser oder Tassen<\/li>\n<li>Laserlogo ist akzeptabel<\/li>\n<li>Lebensmittelecht<\/li>\n<li>Verpackt mit Einmachglas oder Becher<\/li>\n<\/ul>\n<p>Dieser Cocktail-Shaker-Deckel aus Edelstahl leckt nicht und rostet nicht! Wir haben alle auf dem Markt erh\u00e4ltlichen Cocktailshaker f\u00fcr Einmachgl\u00e4ser ausprobiert und festgestellt, dass sie beim Sch\u00fctteln alle undicht waren, entweder an der Stelle, an der das Glas auf den Deckel trifft, oder an der Stelle, an der sich Deckel und kleiner Deckel treffen. Unsere L\u00f6sung waren zwei ma\u00dfgeschneiderte Silikondichtringe, und jetzt k\u00f6nnen wir unseren Kunden das beste Produkt auf dem Markt anbieten!<\/p>\n<p>&nbsp;<\/p>","protected":false},"excerpt":{"rendered":"<p>Mixen Sie Ihre Getr\u00e4nke mit Stil. Dieser einzigartige Einmachglas-Shaker-Deckel wird mit Sicherheit Aufmerksamkeit und Kommentare auf sich ziehen. Kaufen Sie Extras f\u00fcr Ihre Freunde, denn sie werden neidisch sein, wenn Sie diesen tollen Deckel auf Ihr Einmachglas schrauben und eine Ladung k\u00f6stlicher Martinis, Margaritas oder Ihren aktuellen Hauscocktail zaubern.<\/p>","protected":false},"featured_media":1168,"comment_status":"closed","ping_status":"closed","template":"","meta":[],"class_list":["post-1038","product","type-product","status-publish","has-post-thumbnail","hentry","product_cat-bottles-and-jars","product_tag-mason-jar-mug","product_tag-shaker-lid"],"_links":{"self":[{"href":"https:\/\/lidaglassware.com\/de\/wp-json\/wp\/v2\/product\/1038","targetHints":{"allow":["GET"]}}],"collection":[{"href":"https:\/\/lidaglassware.com\/de\/wp-json\/wp\/v2\/product"}],"about":[{"href":"https:\/\/lidaglassware.com\/de\/wp-json\/wp\/v2\/types\/product"}],"replies":[{"embeddable":true,"href":"https:\/\/lidaglassware.com\/de\/wp-json\/wp\/v2\/comments?post=1038"}],"wp:featuredmedia":[{"embeddable":true,"href":"https:\/\/lidaglassware.com\/de\/wp-json\/wp\/v2\/media\/1168"}],"wp:attachment":[{"href":"https:\/\/lidaglassware.com\/de\/wp-json\/wp\/v2\/media?parent=1038"}],"curies":[{"name":"wp","href":"https:\/\/api.w.org\/{rel}","templated":true}]}}