{"id":1097,"date":"2021-07-15T17:19:37","date_gmt":"2021-07-16T01:19:37","guid":{"rendered":"https:\/\/lidaglassware.com\/?post_type=product&#038;p=1097"},"modified":"2021-07-18T23:59:55","modified_gmt":"2021-07-19T07:59:55","slug":"hiball-tumbler-10oz-290ml","status":"publish","type":"product","link":"https:\/\/lidaglassware.com\/de\/produkt\/hiball-tumbler-10oz-290ml\/","title":{"rendered":"Hiball-Becher 10oz \/ 290ml"},"content":{"rendered":"<h2>Hiball-Becher 10oz \/ 290ml<\/h2>\n<p>Sie werden maschinell gepresst hergestellt. Es zeigt die \u00fcberragende Klarheit und einen feinen Rand. Sie k\u00f6nnen Ihre eigene Getr\u00e4nkepr\u00e4sentation durchf\u00fchren.<\/p>\n<p>Geeignet f\u00fcr den Einsatz in gewerblichen Umgebungen wie Restaurants, Pubs, Partys usw. Ich hoffe, Sie haben viel Spa\u00df mit diesen Bechern.<\/p>\n<p>&nbsp;<\/p>\n<ul>\n<li>Tischglasbecher<br \/>\nMaterial: Kalknatronglas<br \/>\nKlassisches Design<br \/>\nIn Geschenkbox erh\u00e4ltlich<br \/>\nSp\u00fclmaschinenfest<br \/>\nIdeal zum Servieren kurzer Cocktails und Spirituosen pur oder on the rocks<br \/>\nGeeignet f\u00fcr den gewerblichen Einsatz<\/li>\n<\/ul>","protected":false},"excerpt":{"rendered":"<p>Diese Tischgl\u00e4ser eignen sich sowohl f\u00fcr den gewerblichen Bereich als auch f\u00fcr den privaten Gebrauch. Diese Hiball-Becher wurden aus Kalknatronglas hergestellt. Und sie halten auch starker Alltagsbeanspruchung stand.<\/p>","protected":false},"featured_media":1211,"comment_status":"closed","ping_status":"closed","template":"","meta":[],"class_list":["post-1097","product","type-product","status-publish","has-post-thumbnail","hentry","product_cat-tumbler-glasses","product_tag-custom-glasses","product_tag-decorated-glasses","product_tag-glass-tumbler","product_tag-table-glass"],"_links":{"self":[{"href":"https:\/\/lidaglassware.com\/de\/wp-json\/wp\/v2\/product\/1097","targetHints":{"allow":["GET"]}}],"collection":[{"href":"https:\/\/lidaglassware.com\/de\/wp-json\/wp\/v2\/product"}],"about":[{"href":"https:\/\/lidaglassware.com\/de\/wp-json\/wp\/v2\/types\/product"}],"replies":[{"embeddable":true,"href":"https:\/\/lidaglassware.com\/de\/wp-json\/wp\/v2\/comments?post=1097"}],"wp:featuredmedia":[{"embeddable":true,"href":"https:\/\/lidaglassware.com\/de\/wp-json\/wp\/v2\/media\/1211"}],"wp:attachment":[{"href":"https:\/\/lidaglassware.com\/de\/wp-json\/wp\/v2\/media?parent=1097"}],"curies":[{"name":"wp","href":"https:\/\/api.w.org\/{rel}","templated":true}]}}