{"id":1114,"date":"2021-07-15T17:22:38","date_gmt":"2021-07-16T01:22:38","guid":{"rendered":"https:\/\/lidaglassware.com\/?post_type=product&#038;p=1114"},"modified":"2021-07-19T00:39:14","modified_gmt":"2021-07-19T08:39:14","slug":"latte-glass-coffee-mug-10oz-300ml","status":"publish","type":"product","link":"https:\/\/lidaglassware.com\/de\/produkt\/latte-glas-kaffeetasse-10oz-300ml\/","title":{"rendered":"Latte-Kaffeetasse aus Glas, 10 oz\/300 ml"},"content":{"rendered":"<h2>Latte-Kaffeetasse aus Glas, 10 oz\/300 ml<\/h2>\n<p>Als Spezialist f\u00fcr Glaswaren bieten wir eine gro\u00dfe Auswahl langlebiger und eleganter Produkte an, die Ihren vielf\u00e4ltigen Anforderungen gerecht werden. In dieser gro\u00dfen Tradition machen die hochwertige Form und Haptik dieses Allzweckbechers ihn zu einer perfekten Erg\u00e4nzung f\u00fcr jedes Caf\u00e9 oder Hotel-Fr\u00fchst\u00fccksbuffet. Dieses Glas bietet beispiellose Brillanz und Klarheit und macht sofort deutlich, dass Ihre Kunden das bestm\u00f6gliche Produkt und den bestm\u00f6glichen Service erhalten.<\/p>\n<p>Wann begann das letzte Mal eine tolle Geschichte damit, dass jemand einen Salat a\u00df? Dieser Glasbecher ist der perfekte Begleiter f\u00fcr jede Party!<\/p>\n<p>Wir empfehlen Ihnen, Ihre eigene Marke darauf zu erstellen! F\u00fcllen Sie jetzt Ihren Vorrat auf, damit Sie Brillen parat haben, mit denen Ihre Kunden zufrieden sind.<\/p>\n<p>Wir haben so viele weitere Kaffeegl\u00e4ser f\u00fcr Sie!<\/p>\n<div class=\"mw-body-content\"><\/div>","protected":false},"excerpt":{"rendered":"<p>Latte Glass Coffee Mug 10oz \/ 300ml As a specialist of glassware, providing a wide selection of durable and elegant products to suit your many needs. In that grand tradition, the high-quality form and feel of this all-purpose mug make it a perfect addition to any coffee shop or hotel breakfast buffet. Offering unparalleled brilliance [&hellip;]<\/p>","protected":false},"featured_media":1223,"comment_status":"closed","ping_status":"closed","template":"","meta":[],"class_list":["post-1114","product","type-product","status-publish","has-post-thumbnail","hentry","product_cat-coffee-glasses","product_tag-branded-glasses","product_tag-custom-glasses","product_tag-decorated-glasses","product_tag-glass-coffee-mug"],"_links":{"self":[{"href":"https:\/\/lidaglassware.com\/de\/wp-json\/wp\/v2\/product\/1114","targetHints":{"allow":["GET"]}}],"collection":[{"href":"https:\/\/lidaglassware.com\/de\/wp-json\/wp\/v2\/product"}],"about":[{"href":"https:\/\/lidaglassware.com\/de\/wp-json\/wp\/v2\/types\/product"}],"replies":[{"embeddable":true,"href":"https:\/\/lidaglassware.com\/de\/wp-json\/wp\/v2\/comments?post=1114"}],"wp:featuredmedia":[{"embeddable":true,"href":"https:\/\/lidaglassware.com\/de\/wp-json\/wp\/v2\/media\/1223"}],"wp:attachment":[{"href":"https:\/\/lidaglassware.com\/de\/wp-json\/wp\/v2\/media?parent=1114"}],"curies":[{"name":"wp","href":"https:\/\/api.w.org\/{rel}","templated":true}]}}