{"id":1145,"date":"2021-07-15T17:27:43","date_gmt":"2021-07-16T01:27:43","guid":{"rendered":"https:\/\/lidaglassware.com\/?post_type=product&#038;p=1145"},"modified":"2021-07-18T23:31:26","modified_gmt":"2021-07-19T07:31:26","slug":"colored-pint-glass-with-inside-pattern-16oz-453ml","status":"publish","type":"product","link":"https:\/\/lidaglassware.com\/de\/produkt\/colored-pint-glass-with-inside-pattern-16oz-453ml\/","title":{"rendered":"Farbiges Pintglas mit Innenmuster, 453 ml"},"content":{"rendered":"<h1><span style=\"color: #000000;\">Farbiges Pintglas mit Innenmuster, 453 ml<\/span><\/h1>\n<div class=\"fusion-li-item-content\">\n<ul>\n<li>Farbiges Pintglas mit Innenmuster<\/li>\n<\/ul>\n<\/div>\n<div class=\"fusion-li-item-content\">\n<ul>\n<li>Material: Kalknatronglas<\/li>\n<\/ul>\n<\/div>\n<div class=\"fusion-li-item-content\">\n<ul>\n<li>Schwergewichtige Basis<\/li>\n<\/ul>\n<\/div>\n<div class=\"fusion-li-item-content\">\n<ul>\n<li>V-Form<\/li>\n<\/ul>\n<\/div>\n<div class=\"fusion-li-item-content\">\n<ul>\n<li>Sp\u00fclmaschinenfest<\/li>\n<\/ul>\n<\/div>\n<div class=\"fusion-li-item-content\">\n<ul>\n<li>In Geschenkbox erh\u00e4ltlich<\/li>\n<\/ul>\n<\/div>\n<div class=\"fusion-li-item-content\">\n<ul>\n<li>Logo ist willkommen<\/li>\n<\/ul>\n<p>&nbsp;<\/p>\n<\/div>\n<p>Diese farbigen Pint-Gl\u00e4ser dienen als Bier- und Mixgl\u00e4ser f\u00fcr Cocktails und andere Mixgetr\u00e4nke.<\/p>\n<p>Pantone-Farben k\u00f6nnen f\u00fcr Ihre individuelle Auswahl verwendet werden. Sie verwenden EP-Farbstoffe und sind sp\u00fclmaschinenfest.<\/p>\n<p>Ma\u00dfgeschneiderte Pint-Gl\u00e4ser zeigen ein Unternehmen, das viel Wert auf \u00d6ffentlichkeitsarbeit legt und eine einzigartige Gesch\u00e4ftsperspektive hat.<\/p>\n<p>Um Ihre Marke hervorzuheben, ist Ihr individuelles Logo ein Muss.<\/p>","protected":false},"excerpt":{"rendered":"<p>Dies ist pers\u00f6nlicher als die Konkurrenz. Sie eignen sich gut als Werbeartikel f\u00fcr Hochzeiten, Firmenveranstaltungen oder andere festliche Anl\u00e4sse.<\/p>","protected":false},"featured_media":1251,"comment_status":"closed","ping_status":"closed","template":"","meta":[],"class_list":["post-1145","product","type-product","status-publish","has-post-thumbnail","hentry","product_cat-beer-glasses","product_cat-colored-glasses","product_tag-colored-glass","product_tag-decorated-glasses","product_tag-glass-tumbler","product_tag-pint-glass","product_tag-sprayed-glass","product_tag-table-glass","product_tag-wine-glass"],"_links":{"self":[{"href":"https:\/\/lidaglassware.com\/de\/wp-json\/wp\/v2\/product\/1145","targetHints":{"allow":["GET"]}}],"collection":[{"href":"https:\/\/lidaglassware.com\/de\/wp-json\/wp\/v2\/product"}],"about":[{"href":"https:\/\/lidaglassware.com\/de\/wp-json\/wp\/v2\/types\/product"}],"replies":[{"embeddable":true,"href":"https:\/\/lidaglassware.com\/de\/wp-json\/wp\/v2\/comments?post=1145"}],"wp:featuredmedia":[{"embeddable":true,"href":"https:\/\/lidaglassware.com\/de\/wp-json\/wp\/v2\/media\/1251"}],"wp:attachment":[{"href":"https:\/\/lidaglassware.com\/de\/wp-json\/wp\/v2\/media?parent=1145"}],"curies":[{"name":"wp","href":"https:\/\/api.w.org\/{rel}","templated":true}]}}