{"id":1172,"date":"2021-07-15T17:30:49","date_gmt":"2021-07-16T01:30:49","guid":{"rendered":"https:\/\/lidaglassware.com\/?post_type=product&#038;p=1172"},"modified":"2021-07-18T23:55:17","modified_gmt":"2021-07-19T07:55:17","slug":"hiball-tumbler-set-in-decorations-14-8oz-420ml","status":"publish","type":"product","link":"https:\/\/lidaglassware.com\/de\/produkt\/hiball-tumbler-set-in-decorations-14-8oz-420ml\/","title":{"rendered":"Hiball Trinkbecher-Set mit Dekorationen, 14,8 oz\/420 ml"},"content":{"rendered":"<h2>Hiball Trinkbecher-Set mit Dekorationen, 14,8 oz\/420 ml<\/h2>\n<p>Diese Tischgl\u00e4ser eignen sich sowohl f\u00fcr den gewerblichen Bereich als auch f\u00fcr den privaten Gebrauch. Diese Hiball-Becher wurden aus Kalknatronglas hergestellt. Und sie halten auch starker Alltagsbeanspruchung stand.<\/p>\n<p>Sie werden maschinell gepresst hergestellt. Es zeigt die \u00fcberragende Klarheit und einen feinen Rand. Sie k\u00f6nnen Ihre eigene Getr\u00e4nkepr\u00e4sentation durchf\u00fchren.<\/p>\n<div><\/div>\n<div><\/div>\n<div class=\"fusion-li-item-content\"><strong>Merkmale:<\/strong><\/div>\n<ul>\n<li>Tischglasbecher<\/li>\n<li>Material: Kalknatronglas<\/li>\n<li>Klassisches Design<\/li>\n<li>In Geschenkbox erh\u00e4ltlich<\/li>\n<li>Sp\u00fclmaschinenfest<\/li>\n<li>Ideal zum Servieren kurzer Cocktails und Spirituosen pur oder on the rocks<\/li>\n<li>Geeignet f\u00fcr den gewerblichen Einsatz<\/li>\n<\/ul>","protected":false},"excerpt":{"rendered":"<p>Geeignet f\u00fcr den Einsatz in gewerblichen Umgebungen wie Restaurants, Pubs, Partys usw. Ich hoffe, Sie haben viel Spa\u00df mit diesen Bechern.<\/p>","protected":false},"featured_media":1267,"comment_status":"closed","ping_status":"closed","template":"","meta":[],"class_list":["post-1172","product","type-product","status-publish","has-post-thumbnail","hentry","product_cat-colored-glasses","product_cat-tumbler-glasses","product_tag-colored-glass","product_tag-custom-glasses","product_tag-decorated-glasses","product_tag-glass-tumbler","product_tag-pint-glass","product_tag-sprayed-glass","product_tag-table-glass"],"_links":{"self":[{"href":"https:\/\/lidaglassware.com\/de\/wp-json\/wp\/v2\/product\/1172","targetHints":{"allow":["GET"]}}],"collection":[{"href":"https:\/\/lidaglassware.com\/de\/wp-json\/wp\/v2\/product"}],"about":[{"href":"https:\/\/lidaglassware.com\/de\/wp-json\/wp\/v2\/types\/product"}],"replies":[{"embeddable":true,"href":"https:\/\/lidaglassware.com\/de\/wp-json\/wp\/v2\/comments?post=1172"}],"wp:featuredmedia":[{"embeddable":true,"href":"https:\/\/lidaglassware.com\/de\/wp-json\/wp\/v2\/media\/1267"}],"wp:attachment":[{"href":"https:\/\/lidaglassware.com\/de\/wp-json\/wp\/v2\/media?parent=1172"}],"curies":[{"name":"wp","href":"https:\/\/api.w.org\/{rel}","templated":true}]}}