{"id":1179,"date":"2021-07-15T17:31:55","date_gmt":"2021-07-16T01:31:55","guid":{"rendered":"https:\/\/lidaglassware.com\/?post_type=product&#038;p=1179"},"modified":"2021-07-15T18:14:53","modified_gmt":"2021-07-16T02:14:53","slug":"hiball-tumbler-set-in-gradient-14-8oz-420ml","status":"publish","type":"product","link":"https:\/\/lidaglassware.com\/de\/produkt\/hiball-tumbler-set-in-gradient-14-8oz-420ml\/","title":{"rendered":"Hiball Trinkbecher-Set mit Farbverlauf, 14,8 oz\/420 ml"},"content":{"rendered":"<h2>Hiball Trinkbecher-Set mit Farbverlauf, 14,8 oz\/420 ml<\/h2>\n<p>Sie werden maschinell gepresst hergestellt. Es zeigt die \u00fcberragende Klarheit und einen feinen Rand. Sie k\u00f6nnen Ihre eigene Getr\u00e4nkepr\u00e4sentation durchf\u00fchren.<\/p>\n<p>Geeignet f\u00fcr den Einsatz in gewerblichen Umgebungen wie Restaurants, Pubs, Partys usw. Ich hoffe, Sie haben viel Spa\u00df mit diesen Bechern.<\/p>\n<p>&nbsp;<\/p>\n<h3 id=\"firstHeading\" class=\"firstHeading\" lang=\"en\"><span style=\"color: #000000;\">Becher (Glas)<\/span><\/h3>\n<div id=\"bodyContent\" class=\"mw-body-content\">\n<div id=\"siteSub\" class=\"noprint\">Aus Wikipedia, der freien Enzyklop\u00e4die<\/div>\n<div id=\"contentSub\"><\/div>\n<div id=\"jump-to-nav\" class=\"mw-jump\"><\/div>\n<div id=\"mw-content-text\" class=\"mw-content-ltr\" dir=\"ltr\" lang=\"en\">\n<div class=\"mw-parser-output\">\n<div class=\"thumb tright\">\n<div class=\"thumbinner\">\n<p><a class=\"image\" href=\"https:\/\/en.wikipedia.org\/wiki\/File:\u0421\u0442\u0430\u043a\u0430\u043d.jpg\" target=\"_blank\" rel=\"noopener\"><img decoding=\"async\" class=\"thumbimage\" src=\"https:\/\/upload.wikimedia.org\/wikipedia\/commons\/thumb\/8\/8a\/\u0421\u0442\u0430\u043a\u0430\u043d.jpg\/170px-\u0421\u0442\u0430\u043a\u0430\u043d.jpg\" srcset=\"\/\/upload.wikimedia.org\/wikipedia\/commons\/thumb\/8\/8a\/\u0421\u0442\u0430\u043a\u0430\u043d.jpg\/255px-\u0421\u0442\u0430\u043a\u0430\u043d.jpg 1.5x, \/\/upload.wikimedia.org\/wikipedia\/commons\/thumb\/8\/8a\/\u0421\u0442\u0430\u043a\u0430\u043d.jpg\/340px-\u0421\u0442\u0430\u043a\u0430\u043d.jpg 2x\" alt=\"\" width=\"170\" height=\"235\" data-file-width=\"2394\" data-file-height=\"3304\"><\/a><\/p>\n<div class=\"thumbcaption\">\n<div class=\"magnify\"><\/div>\n<p><span style=\"color: #333333;\">Ein Klassiker mit 20 Facetten\u00a0<a style=\"color: #333333;\" title=\"die Sowjetunion\" href=\"https:\/\/en.wikipedia.org\/wiki\/Soviet_Union\" target=\"_blank\" rel=\"noopener\">Sowjetisch<\/a>Tischglas, hergestellt in der Stadt\u00a0<a style=\"color: #333333;\" title=\"Gus-Chrustalny (Stadt)\" href=\"https:\/\/en.wikipedia.org\/wiki\/Gus-Khrustalny_(town)\" target=\"_blank\" rel=\"noopener\">Gus-Chrustalny<\/a>\u00a0seit 1943.<\/span><\/p>\n<\/div>\n<\/div>\n<\/div>\n<p><span style=\"color: #333333;\">A\u00a0<b>Becher<\/b>\u00a0ist ein Plattboden\u00a0<a class=\"mw-redirect\" style=\"color: #333333;\" title=\"Whiskybecher\" href=\"https:\/\/en.wikipedia.org\/wiki\/Whiskey_tumbler\" target=\"_blank\" rel=\"noopener\">Getr\u00e4nkebeh\u00e4lter<\/a>\u00a0meist aus Kunststoff oder Glas.<\/span><\/p>\n<p><span style=\"color: #333333;\">Sie werden \u201eBecher\u201c genannt, weil solche Gl\u00e4ser urspr\u00fcnglich einen spitzen oder konvexen Boden hatten und nicht ohne Kleckern abgestellt werden konnten. Dies zwang den Trinker, sein Ma\u00df zu beenden.<sup class=\"noprint Inline-Template Template-Fact\">[<i><a style=\"color: #333333;\" title=\"Wikipedia:Zitat erforderlich\" href=\"https:\/\/en.wikipedia.org\/wiki\/Wikipedia:Citation_needed\" target=\"_blank\" rel=\"noopener\"><span title=\"F\u00fcr diese Behauptung sind Verweise auf zuverl\u00e4ssige Quellen erforderlich. (Dezember 2017)\">Zitat erforderlich<\/span><\/a><\/i>]<\/sup><\/span><\/p>\n<ul>\n<li><span style=\"color: #333333;\"><a style=\"color: #333333;\" title=\"Collins-Glas\" href=\"https:\/\/en.wikipedia.org\/wiki\/Collins_glass\" target=\"_blank\" rel=\"noopener\">Collins-Glas<\/a>, f\u00fcr ein gro\u00dfes Mixgetr\u00e4nk<sup id=\"cite_ref-1\" class=\"reference\"><a style=\"color: #333333;\" href=\"https:\/\/en.wikipedia.org\/wiki\/Tumbler_(glass)#cite_note-1\" target=\"_blank\" rel=\"noopener\">[1]<\/a><\/sup><\/span><\/li>\n<li><span style=\"color: #333333;\">Dizzy Cocktailglas, ein Glas mit einem breiten, flachen Kelch, vergleichbar mit einem normalen Cocktailglas, jedoch ohne Stiel<\/span><\/li>\n<li><span style=\"color: #333333;\"><a style=\"color: #333333;\" title=\"Highball-Glas\" href=\"https:\/\/en.wikipedia.org\/wiki\/Highball_glass\" target=\"_blank\" rel=\"noopener\">Highball-Glas<\/a>, f\u00fcr Mixgetr\u00e4nke<sup id=\"cite_ref-Rathbun_2-0\" class=\"reference\"><a style=\"color: #333333;\" href=\"https:\/\/en.wikipedia.org\/wiki\/Tumbler_(glass)#cite_note-Rathbun-2\" target=\"_blank\" rel=\"noopener\">[2]<\/a><\/sup><\/span><\/li>\n<li><span style=\"color: #333333;\">Eisteeglas<\/span><\/li>\n<li><span style=\"color: #333333;\">Saftglas, f\u00fcr Fruchts\u00e4fte und Gem\u00fcses\u00e4fte.<\/span><\/li>\n<li><span style=\"color: #333333;\"><a style=\"color: #333333;\" title=\"Altmodisches Glas\" href=\"https:\/\/en.wikipedia.org\/wiki\/Old_Fashioned_glass\" target=\"_blank\" rel=\"noopener\">Altmodisches Glas<\/a>, traditionell f\u00fcr einen einfachen Cocktail oder Lik\u00f6r\u201c<a style=\"color: #333333;\" title=\"Eisw\u00fcrfel\" href=\"https:\/\/en.wikipedia.org\/wiki\/Ice_cube\" target=\"_blank\" rel=\"noopener\">auf den Felsen<\/a>\u201e. Moderne amerikanische \u201eRocks\u201c-Gl\u00e4ser sind m\u00f6glicherweise viel gr\u00f6\u00dfer und werden f\u00fcr eine Vielzahl von Getr\u00e4nken auf Eis verwendet<\/span><\/li>\n<li><span style=\"color: #333333;\"><a style=\"color: #333333;\" title=\"Schnapsglas\" href=\"https:\/\/en.wikipedia.org\/wiki\/Shot_glass\" target=\"_blank\" rel=\"noopener\">Schnapsglas<\/a>, ein kleines Glas f\u00fcr bis zu 110 ml Alkohol. Das moderne Schnapsglas hat einen dickeren Boden und dickere Seiten als das \u00e4ltere Whiskyglas<\/span><\/li>\n<li><span style=\"color: #333333;\"><a style=\"color: #333333;\" title=\"Tischglas\" href=\"https:\/\/en.wikipedia.org\/wiki\/Table-glass\" target=\"_blank\" rel=\"noopener\">Tischglas<\/a>\u00a0oder\u00a0<i>Stakan Granyonyi<\/i><\/span><\/li>\n<li><span style=\"color: #333333;\">Wasserglas<\/span><\/li>\n<li><span style=\"color: #333333;\">Whiskybecher, ein kleines, d\u00fcnnwandiges Glas f\u00fcr einen puren Schuss Schnaps<\/span><\/li>\n<\/ul>\n<\/div>\n<\/div>\n<\/div>\n<p>&nbsp;<\/p>","protected":false},"excerpt":{"rendered":"<p>Diese Tischgl\u00e4ser eignen sich sowohl f\u00fcr den gewerblichen Bereich als auch f\u00fcr den privaten Gebrauch. Diese Hiball-Becher wurden aus Kalknatronglas hergestellt. Und sie halten auch starker Alltagsbeanspruchung stand.<\/p>","protected":false},"featured_media":1272,"comment_status":"closed","ping_status":"closed","template":"","meta":[],"class_list":["post-1179","product","type-product","status-publish","has-post-thumbnail","hentry","product_cat-colored-glasses","product_cat-tumbler-glasses","product_tag-colored-glass","product_tag-custom-glasses","product_tag-decorated-glasses","product_tag-glass-tumbler","product_tag-pint-glass","product_tag-sprayed-glass","product_tag-table-glass"],"_links":{"self":[{"href":"https:\/\/lidaglassware.com\/de\/wp-json\/wp\/v2\/product\/1179","targetHints":{"allow":["GET"]}}],"collection":[{"href":"https:\/\/lidaglassware.com\/de\/wp-json\/wp\/v2\/product"}],"about":[{"href":"https:\/\/lidaglassware.com\/de\/wp-json\/wp\/v2\/types\/product"}],"replies":[{"embeddable":true,"href":"https:\/\/lidaglassware.com\/de\/wp-json\/wp\/v2\/comments?post=1179"}],"wp:featuredmedia":[{"embeddable":true,"href":"https:\/\/lidaglassware.com\/de\/wp-json\/wp\/v2\/media\/1272"}],"wp:attachment":[{"href":"https:\/\/lidaglassware.com\/de\/wp-json\/wp\/v2\/media?parent=1179"}],"curies":[{"name":"wp","href":"https:\/\/api.w.org\/{rel}","templated":true}]}}