{"id":2021,"date":"2023-08-02T22:41:30","date_gmt":"2023-08-03T06:41:30","guid":{"rendered":"https:\/\/lidaglassware.com\/?post_type=product&#038;p=2021"},"modified":"2023-08-02T23:11:22","modified_gmt":"2023-08-03T07:11:22","slug":"premium-crystal-whiskey-glass-320ml","status":"publish","type":"product","link":"https:\/\/lidaglassware.com\/de\/produkt\/premium-kristall-whiskyglas-320ml\/","title":{"rendered":"Hochwertiges Whiskyglas aus Kristallglas, 320 ml"},"content":{"rendered":"<h2>Hochwertiges Whiskyglas aus Kristallglas, 320 ml<\/h2>\n<p><em><strong>Abschnitt 1: \u201eEin Hauch von Eleganz\u201c<\/strong><\/em><\/p>\n<p>G\u00f6nnen Sie sich die unvergleichliche Raffinesse unserer Kristall-Whiskygl\u00e4ser, die f\u00fcr diejenigen, die echte Qualit\u00e4t sch\u00e4tzen, in Perfektion gefertigt wurden. Diese eleganten Gl\u00e4ser sind nicht nur atemberaubend anzusehen, sondern bieten auch das perfekte Gef\u00e4\u00df f\u00fcr Ihren Lieblingswhisky und verst\u00e4rken dessen Geschmack und Aroma. Mit ihrem brillanten Glanz und der luxuri\u00f6sen Haptik machen diese Gl\u00e4ser jeden Schluck zu einem wahrhaft exquisiten Erlebnis.<\/p>\n<p><em><strong>Abschnitt 2: \u201eF\u00fcr Kenner gebaut\u201c<\/strong><\/em><\/p>\n<p>Unsere Kristall-Whiskygl\u00e4ser wurden speziell f\u00fcr den wahren Whisky-Liebhaber entwickelt. Ihre einzigartige Form l\u00e4sst den Whisky atmen, verst\u00e4rkt den Geschmack und sorgt f\u00fcr einen reichen, vollmundigen Geschmack. Die schwere Basis sorgt f\u00fcr Stabilit\u00e4t, w\u00e4hrend der feine Rand ein angenehmes haptisches Erlebnis bietet. Diese Gl\u00e4ser sind die Wahl von Kennern und verleihen jedem Anlass einen Hauch von Klasse.<\/p>\n<p><em><strong>Abschnitt 3: \u201eDauerhafte Qualit\u00e4t und Handwerkskunst\u201c<\/strong><\/em><\/p>\n<p>Wenn Sie sich f\u00fcr unsere Whiskygl\u00e4ser aus Kristall entscheiden, investieren Sie in Qualit\u00e4t und Handwerkskunst, die Ihnen viele Jahre lang Freude bereiten wird. Jedes Glas wird sorgf\u00e4ltig verarbeitet, um ein makelloses Finish zu gew\u00e4hrleisten. Der langlebige Kristall sorgt f\u00fcr ein klares und funkelndes Erscheinungsbild, das nicht verblasst oder tr\u00fcbt. Vertrauen Sie auf die dauerhafte Sch\u00f6nheit und Leistung unserer Kristall-Whiskygl\u00e4ser, um Ihre Lieblingsgetr\u00e4nke mit Stil und Anmut zu genie\u00dfen.<\/p>\n<div class=\"mw-body-content\">\n<div id=\"bodyContent\" class=\"mw-body-content\">\n<div id=\"mw-content-text\" class=\"mw-content-ltr\" dir=\"ltr\" lang=\"en\">\n<header class=\"content-header\"><\/header>\n<section class=\"content-body text incontent-ads-area\" data-track-section=\"Body\" data-track-ranker=\"*\">&nbsp;<\/p>\n<\/section>\n<\/div>\n<\/div>\n<\/div>","protected":false},"excerpt":{"rendered":"<p>Erleben Sie unvergleichliche Raffinesse mit unseren Kristall-Whiskygl\u00e4sern. Diese f\u00fcr Kenner konzipierten Gl\u00e4ser verst\u00e4rken Geschmack und Aroma. G\u00f6nnen Sie sich noch heute etwas!<\/p>","protected":false},"featured_media":2062,"comment_status":"closed","ping_status":"closed","template":"","meta":[],"class_list":["post-2021","product","type-product","status-publish","has-post-thumbnail","hentry","product_cat-whiskey-glasses","product_tag-branded-glasses","product_tag-decal-process","product_tag-decorated-glasses","product_tag-whiskey-glass","product_tag-wine-glass"],"_links":{"self":[{"href":"https:\/\/lidaglassware.com\/de\/wp-json\/wp\/v2\/product\/2021","targetHints":{"allow":["GET"]}}],"collection":[{"href":"https:\/\/lidaglassware.com\/de\/wp-json\/wp\/v2\/product"}],"about":[{"href":"https:\/\/lidaglassware.com\/de\/wp-json\/wp\/v2\/types\/product"}],"replies":[{"embeddable":true,"href":"https:\/\/lidaglassware.com\/de\/wp-json\/wp\/v2\/comments?post=2021"}],"wp:featuredmedia":[{"embeddable":true,"href":"https:\/\/lidaglassware.com\/de\/wp-json\/wp\/v2\/media\/2062"}],"wp:attachment":[{"href":"https:\/\/lidaglassware.com\/de\/wp-json\/wp\/v2\/media?parent=2021"}],"curies":[{"name":"wp","href":"https:\/\/api.w.org\/{rel}","templated":true}]}}