{"id":2963,"date":"2023-09-07T00:28:13","date_gmt":"2023-09-07T08:28:13","guid":{"rendered":"https:\/\/lidaglassware.com\/?post_type=product&#038;p=2963"},"modified":"2023-09-07T00:38:42","modified_gmt":"2023-09-07T08:38:42","slug":"cocktail-glasses-coupe-350ml","status":"publish","type":"product","link":"https:\/\/lidaglassware.com\/de\/produkt\/cocktailglaser-coupe-350ml\/","title":{"rendered":"Cocktailgl\u00e4ser Coupe 350ml"},"content":{"rendered":"<p>Cocktailgl\u00e4ser-Coup\u00e9: Tauchen Sie ein in die Welt des anspruchsvollen Trinkens mit unserem sorgf\u00e4ltig gefertigten Cocktailgl\u00e4ser-Coup\u00e9.<\/p>\n<p>Jeder Cocktail-Enthusiast wei\u00df, dass das richtige Glas den entscheidenden Unterschied machen kann, und unsere Coupe-Gl\u00e4ser sind genau daf\u00fcr konzipiert. Mit ihrem eleganten breiten Kelch pr\u00e4sentieren sie Ihr Getr\u00e4nk nicht nur sch\u00f6n, sondern b\u00fcndeln auch die Aromen und sorgen daf\u00fcr, dass jeder Schluck ein sinnlicher Genuss wird. Der lange Stiel tr\u00e4gt nicht nur zu seinem klassischen Aussehen bei, sondern sorgt auch daf\u00fcr, dass Ihr Getr\u00e4nk gek\u00fchlt bleibt und nicht von der Handw\u00e4rme ber\u00fchrt wird. Egal, ob Sie einen zeitlosen Martini oder einen Kosmopoliten servieren oder mit neuen Mixologie-Kreationen experimentieren, diese Gl\u00e4ser sind der perfekte Begleiter. Unsere Coupe-Gl\u00e4ser wurden sowohl f\u00fcr professionelle Mixologen als auch f\u00fcr Heim-Barkeeper hergestellt und vereinen Form und Funktion nahtlos. Erweitern Sie Ihre Barsammlung, beeindrucken Sie Ihre G\u00e4ste und versch\u00f6nern Sie jede Cocktailstunde. St\u00f6bern Sie in unserer Kollektion und investieren Sie in ein zeitloses St\u00fcck, bei dem es sowohl um Erlebnis als auch um Pr\u00e4sentation geht.<\/p>","protected":false},"excerpt":{"rendered":"<p>\u201eCoup\u00e9-Cocktailgl\u00e4ser: Erh\u00f6hen Sie Ihr Cocktailerlebnis mit unseren Premium-Coup\u00e9-Gl\u00e4sern. Diese Gl\u00e4ser sind auf Eleganz und Funktionalit\u00e4t ausgelegt und eignen sich perfekt f\u00fcr die Pr\u00e4sentation Ihrer Lieblingsgetr\u00e4nke. Die breite Sch\u00fcssel f\u00e4ngt Aromen ein und verbessert das Geschmacksprofil Ihres Cocktails, w\u00e4hrend der lange Stiel jedes Mal f\u00fcr einen k\u00fchlen Schluck sorgt. Unsere Coupe-Gl\u00e4ser sind ideal f\u00fcr Mixologen und Cocktail-Enthusiasten und ein Muss f\u00fcr jede anspruchsvolle Bar-Sammlung. Jetzt einkaufen und stilvoll servieren!\u201c<\/p>","protected":false},"featured_media":2952,"comment_status":"open","ping_status":"closed","template":"","meta":[],"class_list":["post-2963","product","type-product","status-publish","has-post-thumbnail","hentry","product_cat-cocktail-glasses","product_tag-cocktail-glasses"],"_links":{"self":[{"href":"https:\/\/lidaglassware.com\/de\/wp-json\/wp\/v2\/product\/2963","targetHints":{"allow":["GET"]}}],"collection":[{"href":"https:\/\/lidaglassware.com\/de\/wp-json\/wp\/v2\/product"}],"about":[{"href":"https:\/\/lidaglassware.com\/de\/wp-json\/wp\/v2\/types\/product"}],"replies":[{"embeddable":true,"href":"https:\/\/lidaglassware.com\/de\/wp-json\/wp\/v2\/comments?post=2963"}],"wp:featuredmedia":[{"embeddable":true,"href":"https:\/\/lidaglassware.com\/de\/wp-json\/wp\/v2\/media\/2952"}],"wp:attachment":[{"href":"https:\/\/lidaglassware.com\/de\/wp-json\/wp\/v2\/media?parent=2963"}],"curies":[{"name":"wp","href":"https:\/\/api.w.org\/{rel}","templated":true}]}}