{"id":2965,"date":"2023-09-07T00:40:32","date_gmt":"2023-09-07T08:40:32","guid":{"rendered":"https:\/\/lidaglassware.com\/?post_type=product&#038;p=2965"},"modified":"2023-09-07T00:46:54","modified_gmt":"2023-09-07T08:46:54","slug":"nick-and-nora-glasses-100ml","status":"publish","type":"product","link":"https:\/\/lidaglassware.com\/de\/produkt\/nick-and-nora-glaser-100ml\/","title":{"rendered":"Nick und Nora Gl\u00e4ser 100 ml"},"content":{"rendered":"<p>Nick and Nora-Gl\u00e4ser: Tauchen Sie mit unseren exquisiten Nick and Nora-Gl\u00e4sern in die goldene \u00c4ra der Cocktailzubereitung ein. Diese Gl\u00e4ser sind von den klassischen 1930er-Jahren inspiriert und eine Hommage an die zeitlose Eleganz der Vintage-Mixologie. Ihr ausgepr\u00e4gtes glockenf\u00f6rmiges Design strahlt nicht nur Raffinesse aus, sondern ist auch sorgf\u00e4ltig verarbeitet, um die nuancierten Geschmacksrichtungen und Aromen des von Ihnen gew\u00e4hlten Cocktails hervorzuheben. Der verl\u00e4ngerte Stiel sorgt daf\u00fcr, dass jeder Schluck perfekt gek\u00fchlt wird und nicht von der W\u00e4rme Ihrer Hand ber\u00fchrt wird. Egal, ob Sie ein Fan uralter Klassiker wie Manhattan sind oder sich in die moderne Mixologie wagen, die Gl\u00e4ser von Nick und Nora sind vielseitig genug, um das Herzst\u00fcck jedes Cocktailerlebnisses zu sein. F\u00fcr alle, die Wert auf Tradition, Qualit\u00e4t und einen Hauch Retro-Charme bei ihrem Barzubeh\u00f6r legen, ist unsere Kollektion genau das Richtige. Tauchen Sie tief in die Welt der klassischen Cocktails ein und lassen Sie jedes Getr\u00e4nk eine Geschichte erz\u00e4hlen. St\u00f6bern Sie und investieren Sie in ein St\u00fcck Geschichte, das un\u00fcbertroffene Eleganz und Funktionalit\u00e4t verspricht.<\/p>","protected":false},"excerpt":{"rendered":"<p>Nick and Nora-Brillen: Machen Sie eine Zeitreise in die Vergangenheit mit unseren Vintage-inspirierten Nick and Nora-Brillen. Diese Gl\u00e4ser sind perfekt geformt, um die Aromen und Aromen Ihres Cocktails hervorzuheben und sind eine Anspielung auf die klassische Mixologie. Mit ihrem eleganten Glockendesign und dem langen Stiel sind sie nicht nur stilvoll, sondern auch funktional und sorgen jedes Mal f\u00fcr einen k\u00fchlen Schluck. Unsere Nick- und Nora-Gl\u00e4ser eignen sich ideal f\u00fcr zeitlose Cocktails wie den Sidecar oder moderne Mixturen und sind ein Muss f\u00fcr jeden anspruchsvollen Barkeeper und Cocktailliebhaber. Werten Sie Ihre Barzubeh\u00f6r-Sammlung auf und servieren Sie sie mit einem Hauch Nostalgie.<\/p>","protected":false},"featured_media":2930,"comment_status":"open","ping_status":"closed","template":"","meta":[],"class_list":["post-2965","product","type-product","status-publish","has-post-thumbnail","hentry","product_cat-cocktail-glasses","product_tag-cocktail-glasses"],"_links":{"self":[{"href":"https:\/\/lidaglassware.com\/de\/wp-json\/wp\/v2\/product\/2965","targetHints":{"allow":["GET"]}}],"collection":[{"href":"https:\/\/lidaglassware.com\/de\/wp-json\/wp\/v2\/product"}],"about":[{"href":"https:\/\/lidaglassware.com\/de\/wp-json\/wp\/v2\/types\/product"}],"replies":[{"embeddable":true,"href":"https:\/\/lidaglassware.com\/de\/wp-json\/wp\/v2\/comments?post=2965"}],"wp:featuredmedia":[{"embeddable":true,"href":"https:\/\/lidaglassware.com\/de\/wp-json\/wp\/v2\/media\/2930"}],"wp:attachment":[{"href":"https:\/\/lidaglassware.com\/de\/wp-json\/wp\/v2\/media?parent=2965"}],"curies":[{"name":"wp","href":"https:\/\/api.w.org\/{rel}","templated":true}]}}