{"id":4122,"date":"2024-01-21T23:59:36","date_gmt":"2024-01-22T07:59:36","guid":{"rendered":"https:\/\/lidaglassware.com\/?post_type=product&#038;p=4122"},"modified":"2024-01-22T00:33:07","modified_gmt":"2024-01-22T08:33:07","slug":"premium-vintage-cocktail-glasses","status":"publish","type":"product","link":"https:\/\/lidaglassware.com\/de\/produkt\/premium-vintage-cocktail-glasses\/","title":{"rendered":"Hochwertige Vintage-Cocktailgl\u00e4ser"},"content":{"rendered":"<div class=\"w-full text-token-text-primary\" data-testid=\"conversation-turn-53\">\n<div class=\"px-4 py-2 justify-center text-base md:gap-6 m-auto\">\n<div class=\"flex flex-1 text-base mx-auto gap-3 md:px-5 lg:px-1 xl:px-5 md:max-w-3xl lg:max-w-[40rem] xl:max-w-[48rem] group\">\n<div class=\"relative flex w-full flex-col lg:w-[calc(100%-115px)]\">\n<div class=\"flex-col gap-1 md:gap-3\">\n<div class=\"flex flex-grow flex-col max-w-full\">\n<div class=\"min-h-[20px] text-message flex flex-col items-start gap-3 whitespace-pre-wrap break-words [.text-message+&amp;]:mt-5 overflow-x-auto\" data-message-author-role=\"user\" data-message-id=\"aaa25022-d19a-48eb-ab69-8580ad465879\">\n<h2><strong>Eigenschaften von Premium-Vintage-Cocktailgl\u00e4sern<\/strong><\/h2>\n<\/div>\n<\/div>\n<div class=\"mt-1 flex justify-start gap-3 empty:hidden\">\n<div class=\"text-gray-400 flex self-end lg:self-center justify-center lg:justify-start mt-0 -ml-1 visible\">\n<div class=\"flex items-center gap-1.5 text-xs\">\n<div class=\"flex-1 overflow-hidden\">\n<div class=\"react-scroll-to-bottom--css-hzdtm-79elbk h-full\">\n<div class=\"react-scroll-to-bottom--css-hzdtm-1n7m0yu\">\n<div class=\"flex flex-col pb-9 text-sm\">\n<div class=\"w-full text-token-text-primary\" data-testid=\"conversation-turn-54\">\n<div class=\"px-4 py-2 justify-center text-base md:gap-6 m-auto\">\n<div class=\"flex flex-1 text-base mx-auto gap-3 md:px-5 lg:px-1 xl:px-5 md:max-w-3xl lg:max-w-[40rem] xl:max-w-[48rem] group final-completion\">\n<div class=\"relative flex w-full flex-col lg:w-[calc(100%-115px)] agent-turn\">\n<div class=\"flex-col gap-1 md:gap-3\">\n<div class=\"flex flex-grow flex-col max-w-full\">\n<div class=\"min-h-[20px] text-message flex flex-col items-start gap-3 whitespace-pre-wrap break-words [.text-message+&amp;]:mt-5 overflow-x-auto\" data-message-author-role=\"assistant\" data-message-id=\"bf07d171-3d97-4b13-8b99-395d1abafaf1\">\n<div class=\"markdown prose w-full break-words dark:prose-invert light\">\n<ul>\n<li><strong>Elegantes Kristallschliff-Design<\/strong>: Die Gl\u00e4ser verf\u00fcgen \u00fcber ein detailliertes Kristallschliffmuster, das ein haptisches Erlebnis und ein optisch beeindruckendes Erscheinungsbild bietet, das das Licht wundersch\u00f6n einf\u00e4ngt und bricht.<\/li>\n<li><strong>Vielseitige breite Sch\u00fcssel<\/strong>: Das breite Sch\u00fcsseldesign dient nicht nur der \u00c4sthetik; Es ist perfekt, um die Aromen komplexer Cocktails freizusetzen und das Trinkerlebnis zu verbessern.<\/li>\n<li><strong>Robuster, raffinierter Stiel<\/strong>: Ein langer, schlanker Stiel sorgt f\u00fcr eine elegante Silhouette und sorgt gleichzeitig daf\u00fcr, dass das Getr\u00e4nk k\u00fchl bleibt, da er den Kontakt zwischen Ihrer Hand und der Sch\u00fcssel minimiert.<\/li>\n<li><strong>Hochwertiges Glasmaterial<\/strong>: Diese aus hochwertigem Glas gefertigten Vintage-Cocktailgl\u00e4ser versprechen Langlebigkeit und Klarheit und stellen sicher, dass sie \u00fcber Jahre hinweg ein Herzst\u00fcck Ihrer Barzubeh\u00f6r-Sammlung bleiben.<\/li>\n<li><strong>Perfektes Volumen<\/strong>: Die Gl\u00e4ser sind so dimensioniert, dass sie die ideale Menge Ihres bevorzugten Cocktails aufnehmen und so den Bedarf an Geschmackskonzentration und der richtigen Menge Eis ausgleichen.<\/li>\n<li><strong>Zeitloser Reiz<\/strong>: Mit einem Design, das \u00fcber Trends hinausgeht, eignen sich diese Gl\u00e4ser sowohl f\u00fcr moderne als auch f\u00fcr traditionelle Umgebungen und verleihen jedem Anlass Klasse.<\/li>\n<li><strong>Einfach zu s\u00e4ubern<\/strong>: Trotz ihres aufwendigen Designs sind die Gl\u00e4ser leicht zu reinigen und behalten mit minimalem Aufwand ihren Glanz und ihre Hygiene.<\/li>\n<li><strong>Geschenkfertige Verpackung<\/strong>: Sie werden oft in einer sch\u00f6nen Verpackung geliefert, die sie perfekt zum Verschenken an Liebhaber edler Getr\u00e4nke oder als pr\u00e4chtige Erg\u00e4nzung jeder Glaswarensammlung macht.<\/li>\n<\/ul>\n<\/div>\n<h2><strong>Die Verwendung hochwertiger Vintage-Cocktailgl\u00e4ser<\/strong><\/h2>\n<\/div>\n<\/div>\n<div class=\"mt-1 flex justify-start gap-3 empty:hidden\"><\/div>\n<\/div>\n<div class=\"absolute\">\n<div class=\"flex w-full gap-2 items-center justify-center\">\n<ul>\n<li><strong>Verbesserung der Geschmacksprofile<\/strong>: Die Form und das Design hochwertiger Vintage-Cocktailgl\u00e4ser sind so gestaltet, dass sie den Geschmack und das Aroma klassischer und moderner Cocktails gleicherma\u00dfen hervorheben.<\/li>\n<li><strong>Erhabene Pr\u00e4sentation<\/strong>: Die aufwendigen Schliffe und das klassische Design dieser Gl\u00e4ser sorgen f\u00fcr eine beeindruckende visuelle Pr\u00e4sentation und machen jeden Cocktail zu einem Blickfang.<\/li>\n<li><strong>F\u00fcr besondere Anl\u00e4sse<\/strong>: Sie verleihen Feiern eine gewisse Eleganz und eignen sich daher ideal f\u00fcr Jubil\u00e4en, formelle Abendessen und Meilensteinveranstaltungen.<\/li>\n<li><strong>Vielseitiges Trinkgeschirr<\/strong>: Geeignet f\u00fcr eine Vielzahl von Getr\u00e4nken \u00fcber Cocktails hinaus, einschlie\u00dflich Mocktails, Aperitifs und anderen Spirituosen, die eine elegante Pr\u00e4sentation erfordern.<\/li>\n<li><strong>Grundnahrungsmittel f\u00fcr die Hausbar<\/strong>: Ein Muss f\u00fcr jede Hausbar, das sowohl Funktionalit\u00e4t als auch einen Hauch von Klasse bietet, der das Unterhaltungserlebnis zu Hause aufwerten kann.<\/li>\n<li><strong>Sammlerst\u00fcck<\/strong>: F\u00fcr Liebhaber und Sammler von Glaswaren dienen diese Gl\u00e4ser als Sammlerst\u00fccke, die den Charme und die Eleganz des Vintage-Designs verk\u00f6rpern.<\/li>\n<li><strong>Geschenkzweck<\/strong>: Sie sind durchdachte und luxuri\u00f6se Geschenke f\u00fcr Hochzeiten, Einweihungsfeiern oder jeden Anlass, der einen Ansto\u00df mit etwas Besonderem verdient.<\/li>\n<li><strong>Professioneller Einsatz<\/strong>: Ideal f\u00fcr den Einsatz in gehobenen Bars und Restaurants, wo das Kundenerlebnis durch die Qualit\u00e4t und \u00c4sthetik des Trinkgeschirrs verbessert wird.<\/li>\n<\/ul>\n<p><img fetchpriority=\"high\" decoding=\"async\" class=\"aligncenter wp-image-4127\" src=\"https:\/\/lidaglassware.com\/wp-content\/uploads\/2024\/01\/vintage-cocktail-glasses-5.jpg\" alt=\"Vintage-Cocktailgl\u00e4ser\" width=\"576\" height=\"500\" srcset=\"https:\/\/lidaglassware.com\/wp-content\/uploads\/2024\/01\/vintage-cocktail-glasses-5.jpg 790w, https:\/\/lidaglassware.com\/wp-content\/uploads\/2024\/01\/vintage-cocktail-glasses-5-300x261.jpg 300w, https:\/\/lidaglassware.com\/wp-content\/uploads\/2024\/01\/vintage-cocktail-glasses-5-768x667.jpg 768w, https:\/\/lidaglassware.com\/wp-content\/uploads\/2024\/01\/vintage-cocktail-glasses-5-14x12.jpg 14w, https:\/\/lidaglassware.com\/wp-content\/uploads\/2024\/01\/vintage-cocktail-glasses-5-600x521.jpg 600w\" sizes=\"(max-width: 576px) 100vw, 576px\" \/><\/p>\n<\/div>\n<h2><strong>FAQ f\u00fcr Premium Vintage Cocktailgl\u00e4ser<\/strong><\/h2>\n<\/div>\n<\/div>\n<\/div>\n<\/div>\n<\/div>\n<\/div>\n<\/div>\n<\/div>\n<\/div>\n<div class=\"w-full pt-2 md:pt-0 dark:border-white\/20 md:border-transparent md:dark:border-transparent md:w-[calc(100%-.5rem)]\">\n<form class=\"stretch mx-2 flex flex-row gap-3 last:mb-2 md:mx-4 md:last:mb-6 lg:mx-auto lg:max-w-2xl xl:max-w-3xl\" action=\"\">\n<div class=\"relative flex h-full flex-1 items-stretch md:flex-col\">\n<div class=\"flex w-full items-center\">\n<p><strong>F: Was macht diese Cocktailgl\u00e4ser \u201evintage\u201c?<\/strong> A: Der Begriff \u201eVintage\u201c bezieht sich auf das klassische Design und die \u00c4sthetik, die auf eine bestimmte \u00c4ra der Cocktailkultur zur\u00fcckgehen. Unsere Premium-Vintage-Cocktailgl\u00e4ser zeichnen sich durch zeitlose Muster und Formen aus, die an historische Glaswarenstile erinnern.<\/p>\n<p><strong>F: Sind diese Gl\u00e4ser sp\u00fclmaschinenfest?<\/strong> A: Obwohl sie langlebig sind, empfehlen wir, diese Premium-Gl\u00e4ser von Hand zu waschen, um ihre Klarheit und die aufwendigen Details zu erhalten.<\/p>\n<p><strong>F: K\u00f6nnen diese Gl\u00e4ser zum t\u00e4glichen Trinken verwendet werden?<\/strong> A: Absolut. Obwohl sie elegant und ideal f\u00fcr besondere Anl\u00e4sse sind, sind sie aufgrund ihrer robusten Konstruktion alltagstauglich.<\/p>\n<p><strong>F: Wie viel Fl\u00fcssigkeit fassen diese Gl\u00e4ser?<\/strong> A: Das Fassungsverm\u00f6gen variiert je nach Design, aber normalerweise fassen unsere Vintage-Cocktailgl\u00e4ser zwischen 5 und 10 Unzen und bieten Platz f\u00fcr eine gro\u00dfe Auswahl an Cocktails.<\/p>\n<p><strong>F: Wie reinigt und pflegt man diese Gl\u00e4ser am besten?<\/strong> A: Sanft von Hand mit milder Seife und lauwarmem Wasser waschen, dann mit einem weichen Tuch polieren, um den Glanz des Glases zu erhalten.<\/p>\n<p><strong>F: Sind die Brillen bleifrei?<\/strong> A: Ja, unsere Premium-Vintage-Cocktailgl\u00e4ser bestehen aus bleifreien Materialien und gew\u00e4hrleisten so Sicherheit, ohne Kompromisse bei Qualit\u00e4t oder \u00c4sthetik einzugehen.<\/p>\n<p><strong>F: Gibt es f\u00fcr diese Brille eine Garantie?<\/strong> A: Wir stehen hinter der Qualit\u00e4t unserer Glaswaren und bieten eine Garantie gegen Herstellungsfehler. Weitere Informationen finden Sie in unseren Garantiebestimmungen.<\/p>\n<p><strong>F: Kann ich diese Gl\u00e4ser in gro\u00dfen Mengen f\u00fcr eine Veranstaltung oder als Firmengeschenk bestellen?<\/strong> A: Sicherlich. Wir bieten die M\u00f6glichkeit zum Kauf in gro\u00dfen Mengen und k\u00f6nnen bei gr\u00f6\u00dferen Bestellungen Anpassungsoptionen besprechen.<\/p>\n<p><strong>F: Sind diese Gl\u00e4ser zum Servieren von Wein oder anderen Getr\u00e4nken geeignet?<\/strong> A: Obwohl diese Gl\u00e4ser speziell f\u00fcr Cocktails entwickelt wurden, eignen sie sich aufgrund ihrer Vielseitigkeit f\u00fcr eine Vielzahl von Getr\u00e4nken, einschlie\u00dflich Wein und alkoholfreien Getr\u00e4nken.<\/p>\n<p><strong>F: Wie sind diese Gl\u00e4ser verpackt?<\/strong> A: Jedes Brillenset wird sorgf\u00e4ltig in einer Schutzbox verpackt, die zur Aufbewahrung und zum Verschenken geeignet ist, um sicherzustellen, dass es in makellosem Zustand ankommt.<\/p>\n<\/div>\n<\/div>\n<input type=\"hidden\" name=\"trp-form-language\" value=\"de\"\/><\/form>\n<\/div>\n<\/div>\n<\/div>\n<\/div>\n<\/div>\n<\/div>\n<\/div>\n<\/div>\n<\/div>\n<div class=\"w-full text-token-text-primary\" data-testid=\"conversation-turn-54\">\n<div class=\"px-4 py-2 justify-center text-base md:gap-6 m-auto\">\n<div class=\"flex flex-1 text-base mx-auto gap-3 md:px-5 lg:px-1 xl:px-5 md:max-w-3xl lg:max-w-[40rem] xl:max-w-[48rem] group final-completion\">\n<div class=\"flex-shrink-0 flex flex-col relative items-end\">\n<div>\n<div class=\"pt-0.5\">\n<div class=\"gizmo-shadow-stroke flex h-6 w-6 items-center justify-center overflow-hidden rounded-full\">\n<div class=\"relative p-1 rounded-sm h-9 w-9 text-white flex items-center justify-center\"><\/div>\n<\/div>\n<\/div>\n<\/div>\n<\/div>\n<\/div>\n<\/div>\n<\/div>","protected":false},"excerpt":{"rendered":"<p>Diese Vintage-Cocktailgl\u00e4ser zeichnen sich durch ein elegantes Design mit breitem Kelch und stabilem Stiel aus und eignen sich ideal zum Servieren klassischer Cocktails. Der komplizierte Kristallschliff des Glases verleiht einen Hauch von Raffinesse und macht sie perfekt f\u00fcr Anl\u00e4sse, die einen Hauch von Erhabenheit erfordern. Ob zum Servieren eines gek\u00fchlten Cocktails oder als Statement-St\u00fcck auf Ihrem Esstisch, diese Gl\u00e4ser verleihen jeder Umgebung Vintage-Charme.<\/p>","protected":false},"featured_media":4123,"comment_status":"closed","ping_status":"closed","template":"","meta":[],"class_list":["post-4122","product","type-product","status-publish","has-post-thumbnail","hentry","product_cat-cocktail-glasses","product_tag-cocktail-glasses"],"_links":{"self":[{"href":"https:\/\/lidaglassware.com\/de\/wp-json\/wp\/v2\/product\/4122","targetHints":{"allow":["GET"]}}],"collection":[{"href":"https:\/\/lidaglassware.com\/de\/wp-json\/wp\/v2\/product"}],"about":[{"href":"https:\/\/lidaglassware.com\/de\/wp-json\/wp\/v2\/types\/product"}],"replies":[{"embeddable":true,"href":"https:\/\/lidaglassware.com\/de\/wp-json\/wp\/v2\/comments?post=4122"}],"wp:featuredmedia":[{"embeddable":true,"href":"https:\/\/lidaglassware.com\/de\/wp-json\/wp\/v2\/media\/4123"}],"wp:attachment":[{"href":"https:\/\/lidaglassware.com\/de\/wp-json\/wp\/v2\/media?parent=4122"}],"curies":[{"name":"wp","href":"https:\/\/api.w.org\/{rel}","templated":true}]}}