{"id":4451,"date":"2024-01-28T23:09:10","date_gmt":"2024-01-29T07:09:10","guid":{"rendered":"https:\/\/lidaglassware.com\/?post_type=product&#038;p=4451"},"modified":"2024-01-28T23:09:11","modified_gmt":"2024-01-29T07:09:11","slug":"elegance-christmas-cocktail-glasses","status":"publish","type":"product","link":"https:\/\/lidaglassware.com\/de\/produkt\/elegance-christmas-cocktail-glasses\/","title":{"rendered":"Spiralf\u00f6rmige Eleganz-Weihnachts-Cocktailgl\u00e4ser"},"content":{"rendered":"<h2><strong>Produktmerkmale der Spiraling Elegance Weihnachts-Cocktailgl\u00e4ser:<\/strong><\/h2>\n<ol>\n<li><strong>Einzigartiges Spiralstiel-Design<\/strong>: Ein gr\u00fcn get\u00f6nter, spiralf\u00f6rmiger Stiel sorgt f\u00fcr einen optisch beeindruckenden und ergonomischen Griff.<\/li>\n<li><strong>Festlicher Appell<\/strong>: Der gr\u00fcne Akzent am Stiel sorgt f\u00fcr eine festliche Note, perfekt f\u00fcr die Feiertagsbewirtung.<\/li>\n<li><strong>Vielseitige Kapazit\u00e4t<\/strong>: Mit einem Volumen von 170 ml ist es ideal f\u00fcr eine Vielzahl von Weihnachtscocktails und -getr\u00e4nken.<\/li>\n<li><strong>Robuste Glaskonstruktion<\/strong>: F\u00fcr den dauerhaften Gebrauch konzipiert, h\u00e4lt es dem Klirren und Toasten unz\u00e4hliger Feierlichkeiten stand.<\/li>\n<li><strong>Elegante Sch\u00fcsselform<\/strong>: Die klassische Martini-Glasschale wurde entwickelt, um die Aromen Ihres Cocktails perfekt zu pr\u00e4sentieren und hervorzuheben.<\/li>\n<li><strong>Ideales Geschenk<\/strong>: Ein perfektes Weihnachtsgeschenk f\u00fcr Cocktail-Liebhaber oder eine neuartige Erg\u00e4nzung zu einem Sammlerglas.<\/li>\n<li><strong>Einfach zu s\u00e4ubern<\/strong>: Obwohl Handw\u00e4sche empfohlen wird, um die Unversehrtheit des Stiels zu erhalten, ist er f\u00fcr eine einfache Reinigung konzipiert.<\/li>\n<li><strong>Mehrzwecknutzung<\/strong>: \u00dcber Cocktails hinaus eignet es sich auch zum Servieren von Desserts oder als Dekorationsst\u00fcck f\u00fcr den Urlaub.<\/li>\n<\/ol>\n<p>&nbsp;<\/p>\n<div class=\"flex-1 overflow-hidden\">\n<div class=\"react-scroll-to-bottom--css-mibgk-79elbk h-full\">\n<div class=\"react-scroll-to-bottom--css-mibgk-1n7m0yu\">\n<div class=\"flex flex-col pb-9 text-sm\">\n<div class=\"w-full text-token-text-primary\" data-testid=\"conversation-turn-47\">\n<div class=\"px-4 py-2 justify-center text-base md:gap-6 m-auto\">\n<div class=\"flex flex-1 text-base mx-auto gap-3 md:px-5 lg:px-1 xl:px-5 md:max-w-3xl lg:max-w-[40rem] xl:max-w-[48rem] group final-completion\">\n<div class=\"relative flex w-full flex-col lg:w-[calc(100%-115px)] agent-turn\">\n<div class=\"flex-col gap-1 md:gap-3\">\n<div class=\"flex flex-grow flex-col max-w-full\">\n<div class=\"min-h-[20px] text-message flex flex-col items-start gap-3 whitespace-pre-wrap break-words [.text-message+&amp;]:mt-5 overflow-x-auto\" data-message-author-role=\"assistant\" data-message-id=\"556c83ef-9967-4a91-9282-9930f03e0281\">\n<div class=\"markdown prose w-full break-words dark:prose-invert light\">\n<h2><strong>Die Weihnachts-Cocktailgl\u00e4ser von Spiraling Elegance k\u00f6nnen f\u00fcr eine Vielzahl festlicher Anl\u00e4sse und Zwecke verwendet werden:<\/strong><\/h2>\n<ol>\n<li><strong>Wir servieren spezielle Cocktails<\/strong>: Kreieren und servieren Sie Ihre typischen Weihnachtscocktails, wie z. B. Weihnachts-Martinis oder gew\u00fcrzte Cranberry-Mischungen, und verleihen Sie Ihrer Getr\u00e4nkepr\u00e4sentation einen Hauch von Eleganz.<\/li>\n<li><strong>Urlaubsdekoration<\/strong>: Verwenden Sie das Glas als Teil Ihres weihnachtlichen Tischgedecks oder Ihrer Bardekoration und unterstreichen Sie die festliche Dekoration mit seinem einzigartigen Design und den gr\u00fcnen Akzenten.<\/li>\n<li><strong>Dessertpr\u00e4sentationen<\/strong>: \u00dcber Getr\u00e4nke hinaus eignet sich dieses Glas f\u00fcr die Pr\u00e4sentation geschichteter oder dekonstruierter Desserts wie Mousses oder Sorbets f\u00fcr einen raffinierten Abschluss eines Festtagsessens.<\/li>\n<li><strong>Geschenk Geben<\/strong>: Als stilvolles und einzigartiges Geschenk eignet sich das Glas perfekt f\u00fcr Cocktailliebhaber oder alle, die festliches Bargeschirr sch\u00e4tzen.<\/li>\n<li><strong>Ansto\u00dfen bei besonderen Anl\u00e4ssen<\/strong>: Erh\u00f6hen Sie Ihre Toasts zu Weihnachten und Silvester mit diesem eleganten Glas und machen Sie den Moment noch unvergesslicher.<\/li>\n<li><strong>Sammlerst\u00fcck<\/strong>: F\u00fcr diejenigen, die einzigartiges oder saisonales Barzubeh\u00f6r sammeln, ist dieses Glas eine tolle Erg\u00e4nzung f\u00fcr jede Sammlung.<\/li>\n<\/ol>\n<\/div>\n<\/div>\n<\/div>\n<\/div>\n<\/div>\n<\/div>\n<\/div>\n<\/div>\n<\/div>\n<\/div>\n<\/div>\n<\/div>\n<p>&nbsp;<\/p>\n<h2><strong>FAQ zu den Spiraling Elegance Weihnachtscocktailgl\u00e4sern<\/strong><\/h2>\n<div class=\"flex-1 overflow-hidden\">\n<div class=\"react-scroll-to-bottom--css-mibgk-79elbk h-full\">\n<div class=\"react-scroll-to-bottom--css-mibgk-1n7m0yu\">\n<div class=\"flex flex-col pb-9 text-sm\">\n<div class=\"w-full text-token-text-primary\" data-testid=\"conversation-turn-47\">\n<div class=\"px-4 py-2 justify-center text-base md:gap-6 m-auto\">\n<div class=\"flex flex-1 text-base mx-auto gap-3 md:px-5 lg:px-1 xl:px-5 md:max-w-3xl lg:max-w-[40rem] xl:max-w-[48rem] group final-completion\">\n<div class=\"relative flex w-full flex-col lg:w-[calc(100%-115px)] agent-turn\">\n<div class=\"flex-col gap-1 md:gap-3\">\n<div class=\"flex flex-grow flex-col max-w-full\">\n<div class=\"min-h-[20px] text-message flex flex-col items-start gap-3 whitespace-pre-wrap break-words [.text-message+&amp;]:mt-5 overflow-x-auto\" data-message-author-role=\"assistant\" data-message-id=\"556c83ef-9967-4a91-9282-9930f03e0281\">\n<ol>\n<li><strong>Was macht die Weihnachtscocktailgl\u00e4ser von Spiraling Elegance einzigartig?<\/strong>\n<ul>\n<li>Dieses Glas zeichnet sich durch seinen markanten Spiralstiel und das festliche Design aus, ideal f\u00fcr Feiertagsfeiern und verleiht jedem Cocktail-Erlebnis einen Hauch von Eleganz.<\/li>\n<\/ul>\n<\/li>\n<li><strong>Welche Getr\u00e4nke werden in diesem Glas am besten serviert?<\/strong>\n<ul>\n<li>Das Glas eignet sich perfekt f\u00fcr eine Vielzahl von Weihnachtscocktails, insbesondere f\u00fcr solche, die \u201eup\u201c wie Martinis oder Cosmopolitans serviert werden und deren Aroma und Geschmack durch das Glasdesign verst\u00e4rkt werden.<\/li>\n<\/ul>\n<\/li>\n<li><strong>Wie sollte ich mein Cocktailglas pflegen, damit es im besten Zustand bleibt?<\/strong>\n<ul>\n<li>Handw\u00e4sche wird empfohlen, um die Unversehrtheit des Glases und seine einzigartigen Designmerkmale zu erhalten. Vermeiden Sie die Verwendung von Scheuerschw\u00e4mmen und aggressiven Chemikalien.<\/li>\n<\/ul>\n<\/li>\n<li><strong>Kann dieses Glas individuell gestaltet werden?<\/strong>\n<ul>\n<li>F\u00fcr individuelle Designs, einschlie\u00dflich Gravuren oder Sonderanfertigungen <a href=\"https:\/\/lidaglassware.com\/de\/glassware-decoration\/\" target=\"_blank\" rel=\"noopener sponsored\">Dekorationen<\/a>, k\u00f6nnen Sie sich bei Lida Glassware nach den verf\u00fcgbaren Anpassungsoptionen erkundigen.<\/li>\n<\/ul>\n<\/li>\n<li><strong>Eignet sich das Glas auch f\u00fcr andere Zwecke als zum Servieren von Cocktails?<\/strong>\n<ul>\n<li>Auf jeden Fall kann es eine stilvolle Option zum Servieren von Desserts oder sogar als elegantes Dekorationsst\u00fcck f\u00fcr Ihren festlich gedeckten Tisch sein.<\/li>\n<\/ul>\n<\/li>\n<li><strong>Warum werden f\u00fcr Cocktails unterschiedliche Gl\u00e4ser verwendet?<\/strong>\n<ul>\n<li>Verschiedene Glastypen heben verschiedene Aspekte eines Cocktails hervor, wie Farbe, Geschmack, Temperatur und Aroma. Das richtige Glas kann das gesamte Cocktailerlebnis verbessern.<\/li>\n<\/ul>\n<\/li>\n<li><strong>Welches Fassungsverm\u00f6gen hat dieses Glas?<\/strong>\n<ul>\n<li>Das Spiraling Elegance Weihnachts-Cocktailglas fasst normalerweise ein Standard-Cocktail-Volumen und ist somit ideal f\u00fcr eine Reihe von Getr\u00e4nken.<\/li>\n<\/ul>\n<\/li>\n<li><strong>Wie verbessert dieses Glas das Cocktailerlebnis?<\/strong>\n<ul>\n<li>Das einzigartige Design tr\u00e4gt nicht nur zur optischen Attraktivit\u00e4t bei, sondern tr\u00e4gt auch zum Aroma- und Geschmacksprofil des Cocktails bei und bereichert das Trinkerlebnis.<\/li>\n<\/ul>\n<\/li>\n<li><strong>Kann das Glas sowohl f\u00fcr formelle als auch f\u00fcr ungezwungene Anl\u00e4sse verwendet werden?<\/strong>\n<ul>\n<li>Ja, aufgrund seines vielseitigen Designs eignet es sich sowohl f\u00fcr elegante Feiertagspartys als auch f\u00fcr ungezwungene festliche Zusammenk\u00fcnfte.<\/li>\n<\/ul>\n<\/li>\n<li><strong>Wo kann ich die Weihnachtscocktailgl\u00e4ser von Spiraling Elegance kaufen?<\/strong>\n<ul>\n<li>Sie k\u00f6nnen die Website von Lida Glassware besuchen oder <a href=\"https:\/\/lidaglassware.com\/de\/contact\/\" target=\"_blank\" rel=\"noopener sponsored\">kontaktiere uns<\/a> f\u00fcr Kaufdetails und um das umfangreiche Sortiment an eleganten Glaswaren zu erkunden.<\/li>\n<\/ul>\n<\/li>\n<\/ol>\n<\/div>\n<\/div>\n<div class=\"mt-1 flex justify-start gap-3 empty:hidden\"><\/div>\n<\/div>\n<\/div>\n<\/div>\n<\/div>\n<\/div>\n<\/div>\n<\/div>\n<\/div>\n<\/div>","protected":false},"excerpt":{"rendered":"<p>Die Spiraling Elegance Weihnachts-Cocktailgl\u00e4ser sind der Inbegriff festlicher Eleganz. Sein gedrehter Stiel dient nicht nur als \u00e4sthetisches Herzst\u00fcck, sondern bietet auch einen bequemen Halt und sorgt daf\u00fcr, dass Ihre Feiertags-Toasts ebenso fr\u00f6hlich wie stilvoll sind. Die Klarheit des Glases erg\u00e4nzt die leuchtenden Farben Ihrer saisonalen Cocktails, w\u00e4hrend der gr\u00fcne Akzent der Spirale die traditionelle Weihnachtspalette widerspiegelt. Dieses Glas soll Ihren Feiertagstreffen einen Hauch von Eleganz verleihen und jeden Schluck Ihrer selbst gemixten Cocktails zu einem feierlichen Erlebnis machen.<\/p>","protected":false},"featured_media":4454,"comment_status":"closed","ping_status":"closed","template":"","meta":[],"class_list":["post-4451","product","type-product","status-publish","has-post-thumbnail","hentry","product_cat-cocktail-glasses","product_tag-cocktail-glasses"],"_links":{"self":[{"href":"https:\/\/lidaglassware.com\/de\/wp-json\/wp\/v2\/product\/4451","targetHints":{"allow":["GET"]}}],"collection":[{"href":"https:\/\/lidaglassware.com\/de\/wp-json\/wp\/v2\/product"}],"about":[{"href":"https:\/\/lidaglassware.com\/de\/wp-json\/wp\/v2\/types\/product"}],"replies":[{"embeddable":true,"href":"https:\/\/lidaglassware.com\/de\/wp-json\/wp\/v2\/comments?post=4451"}],"wp:featuredmedia":[{"embeddable":true,"href":"https:\/\/lidaglassware.com\/de\/wp-json\/wp\/v2\/media\/4454"}],"wp:attachment":[{"href":"https:\/\/lidaglassware.com\/de\/wp-json\/wp\/v2\/media?parent=4451"}],"curies":[{"name":"wp","href":"https:\/\/api.w.org\/{rel}","templated":true}]}}