{"id":4615,"date":"2024-03-11T23:35:17","date_gmt":"2024-03-12T07:35:17","guid":{"rendered":"https:\/\/lidaglassware.com\/?post_type=product&#038;p=4615"},"modified":"2024-03-11T23:35:19","modified_gmt":"2024-03-12T07:35:19","slug":"classic-old-fashioned-glasses-elegant-rock-glasses","status":"publish","type":"product","link":"https:\/\/lidaglassware.com\/de\/produkt\/classic-old-fashioned-glasses-elegant-rock-glasses\/","title":{"rendered":"Klassische altmodische Gl\u00e4ser \u2013 elegante Rock-Brillen"},"content":{"rendered":"<div class=\"w-full text-token-text-primary\" data-testid=\"conversation-turn-7\">\n<div class=\"px-4 py-2 justify-center text-base md:gap-6 m-auto\">\n<div class=\"flex flex-1 text-base mx-auto gap-3 md:px-5 lg:px-1 xl:px-5 md:max-w-3xl lg:max-w-[40rem] xl:max-w-[48rem] group final-completion\">\n<div class=\"relative flex w-full flex-col agent-turn\">\n<div class=\"flex-col gap-1 md:gap-3\">\n<div class=\"flex flex-grow flex-col max-w-full\">\n<div class=\"min-h-[20px] text-message flex flex-col items-start gap-3 whitespace-pre-wrap break-words [.text-message+&amp;]:mt-5 overflow-x-auto\" data-message-author-role=\"assistant\" data-message-id=\"9e7dfef1-73df-4be7-952f-24ba7d0f0568\">\n<div class=\"markdown prose w-full break-words dark:prose-invert light\">\n<p><strong>Produktmerkmale:<\/strong><\/p>\n<ol>\n<li><strong>Elegantes Design:<\/strong> Diese altmodischen Whiskygl\u00e4ser zeichnen sich durch ein raffiniertes Schliffglasmuster aus und verleihen Ihrer Trinkgeschirrsammlung einen Hauch von Eleganz. Perfekt f\u00fcr diejenigen, die die sch\u00f6nen Dinge im Leben sch\u00e4tzen.<\/li>\n<li><strong>Hochwertiges Material:<\/strong> Diese aus hochwertigem, langlebigem Glas gefertigten Lowball-Gl\u00e4ser sind auf Langlebigkeit ausgelegt und sorgen daf\u00fcr, dass Sie Ihre Lieblingsgetr\u00e4nke auch in den kommenden Jahren stilvoll genie\u00dfen k\u00f6nnen.<\/li>\n<li><strong>Vielseitig einsetzbar:<\/strong> Diese Gl\u00e4ser eignen sich ideal zum Servieren von Whiskey, Scotch, Bourbon oder anderen Spirituosen und sind vielseitig genug f\u00fcr ungezwungene und formelle Anl\u00e4sse. Sie k\u00f6nnen auch f\u00fcr alkoholfreie Getr\u00e4nke verwendet werden und sind somit eine tolle Erg\u00e4nzung f\u00fcr jede Hausbar.<\/li>\n<li><strong>Perfekte Gr\u00f6\u00dfe:<\/strong> Da diese Gl\u00e4ser die ideale Fl\u00fcssigkeitsmenge aufnehmen k\u00f6nnen, erm\u00f6glichen sie das perfekte Servieren Ihres Getr\u00e4nks, mit oder ohne Eis. Die weite \u00d6ffnung verst\u00e4rkt au\u00dferdem das Aroma und den Geschmack Ihres Getr\u00e4nks.<\/li>\n<li><strong>Bequemer Griff:<\/strong> Die Gr\u00f6\u00dfe und Form dieser Gl\u00e4ser ist auf einen bequemen Halt ausgelegt, sodass Sie Ihr Getr\u00e4nk entspannt und ohne Beschwerden genie\u00dfen k\u00f6nnen.<\/li>\n<li><strong>Tolle Geschenkidee:<\/strong> Diese altmodischen Gl\u00e4ser sind ein fantastisches Geschenk f\u00fcr Whisky-Enthusiasten, Frischverm\u00e4hlte oder alle, die ihre Glaswarensammlung aufwerten m\u00f6chten. Perfekt f\u00fcr Einweihungsfeiern, Hochzeiten, Jubil\u00e4en oder jeden besonderen Anlass.<\/li>\n<li><strong>Einfach zu s\u00e4ubern:<\/strong> Diese Gl\u00e4ser sind leicht zu reinigen und zu pflegen, sodass sie nach jedem Gebrauch weiterhin wie neu aussehen. Sie sind sp\u00fclmaschinenfest, es wird jedoch empfohlen, sie von Hand zu waschen, um ihren Glanz und ihre Qualit\u00e4t zu erhalten.<\/li>\n<li><strong>Reflektierende Basis:<\/strong> Die Gl\u00e4ser verf\u00fcgen \u00fcber einen reflektierenden Boden, der die Farbe und das Erscheinungsbild Ihres Getr\u00e4nks hervorhebt und jeden Schluck zu einem Erlebnis macht.<\/li>\n<li><strong>Sichere Verpackung:<\/strong> Die Gl\u00e4ser werden in einer sicheren Verpackung geliefert, sodass sie unversehrt und gebrauchsfertig bei Ihnen ankommen.<\/li>\n<li><strong>Zufriedenheitsgarantie:<\/strong> Die Zufriedenheit unserer Kunden steht f\u00fcr uns an erster Stelle. F\u00fcr diese Brille gibt es eine Zufriedenheitsgarantie, um sicherzustellen, dass Sie mit Ihrem Kauf rundum zufrieden sind.<\/li>\n<\/ol>\n<p>&nbsp;<\/p>\n<\/div>\n<p><strong>Welche Whiskys eignen sich f\u00fcr altmodische Steingl\u00e4ser?<\/strong><\/p>\n<p>Bourbon, Rye Whiskey<\/p>\n<p><strong>Warum?<\/strong><\/p>\n<p>Der breite Rand und der stabile Boden des Old Fashioned Glass erm\u00f6glichen ein optimales Geschmackserlebnis von Bourbon- und Rye-Whiskys. Diese sch\u00f6nen Whiskygl\u00e4ser eignen sich zum Mischen von Zutaten f\u00fcr Cocktails und bieten ausreichend Platz f\u00fcr Eis, wodurch sie sich perfekt f\u00fcr \u201eon-the-rocks\u201c oder ordentliche Portionen eignen. Durch den offenen Kelch entfalten sich die Aromen des Whiskys und bereichern das Geschmacksprofil, das der Trinker erlebt.<\/p>\n<\/div>\n<\/div>\n<div class=\"mt-1 flex justify-start gap-3 empty:hidden\"><\/div>\n<\/div>\n<div class=\"absolute\">\n<div class=\"flex w-full gap-2 items-center justify-center\"><img fetchpriority=\"high\" decoding=\"async\" class=\"aligncenter wp-image-4619\" src=\"https:\/\/lidaglassware.com\/wp-content\/uploads\/2024\/03\/Classic-Old-Fashioned-Glasses-3.jpg\" alt=\"Klassische altmodische Brille\" width=\"522\" height=\"400\" srcset=\"https:\/\/lidaglassware.com\/wp-content\/uploads\/2024\/03\/Classic-Old-Fashioned-Glasses-3.jpg 750w, https:\/\/lidaglassware.com\/wp-content\/uploads\/2024\/03\/Classic-Old-Fashioned-Glasses-3-300x230.jpg 300w, https:\/\/lidaglassware.com\/wp-content\/uploads\/2024\/03\/Classic-Old-Fashioned-Glasses-3-16x12.jpg 16w, https:\/\/lidaglassware.com\/wp-content\/uploads\/2024\/03\/Classic-Old-Fashioned-Glasses-3-600x460.jpg 600w\" sizes=\"(max-width: 522px) 100vw, 522px\" \/><\/div>\n<\/div>\n<\/div>\n<\/div>\n<\/div>\n<\/div>\n<div class=\"mx-auto\">\n<div>\n<div class=\"mx-auto mt-2 inline-flex rounded-xl border border-gray-100 dark:border-gray-700\"><\/div>\n<\/div>\n<\/div>","protected":false},"excerpt":{"rendered":"<p>Altmodische Gl\u00e4ser, auch Lowball- oder Rock-Gl\u00e4ser genannt. Sie werden typischerweise zum Servieren von Spirituosen (ohne Mixer) oder mit Eis (on the rocks) verwendet. Sie haben ein kurzes, breites Design und eignen sich daher ideal f\u00fcr Cocktails oder Spirituosen, die nicht viel mit anderen Fl\u00fcssigkeiten gemischt werden m\u00fcssen.<\/p>\n<p>Altmodische Gl\u00e4ser zeichnen sich durch ein detailliertes, geschliffenes Glasdesign aus, das ein raffiniertes, dekoratives Aussehen vermittelt. Dieser Stil wird oft mit traditionellem oder klassischem Bargeschirr in Verbindung gebracht.<\/p>","protected":false},"featured_media":4617,"comment_status":"closed","ping_status":"closed","template":"","meta":[],"class_list":["post-4615","product","type-product","status-publish","has-post-thumbnail","hentry","product_cat-whiskey-glasses","product_tag-old-fashioned-glass","product_tag-whiskey-glass"],"_links":{"self":[{"href":"https:\/\/lidaglassware.com\/de\/wp-json\/wp\/v2\/product\/4615","targetHints":{"allow":["GET"]}}],"collection":[{"href":"https:\/\/lidaglassware.com\/de\/wp-json\/wp\/v2\/product"}],"about":[{"href":"https:\/\/lidaglassware.com\/de\/wp-json\/wp\/v2\/types\/product"}],"replies":[{"embeddable":true,"href":"https:\/\/lidaglassware.com\/de\/wp-json\/wp\/v2\/comments?post=4615"}],"wp:featuredmedia":[{"embeddable":true,"href":"https:\/\/lidaglassware.com\/de\/wp-json\/wp\/v2\/media\/4617"}],"wp:attachment":[{"href":"https:\/\/lidaglassware.com\/de\/wp-json\/wp\/v2\/media?parent=4615"}],"curies":[{"name":"wp","href":"https:\/\/api.w.org\/{rel}","templated":true}]}}