{"id":4621,"date":"2024-03-11T23:41:23","date_gmt":"2024-03-12T07:41:23","guid":{"rendered":"https:\/\/lidaglassware.com\/?post_type=product&#038;p=4621"},"modified":"2024-03-11T23:59:53","modified_gmt":"2024-03-12T07:59:53","slug":"elegant-crystal-whiskey-tumbler-glasses","status":"publish","type":"product","link":"https:\/\/lidaglassware.com\/de\/produkt\/elegant-crystal-whiskey-tumbler-glasses\/","title":{"rendered":"Elegante Kristall-Whisky-Becher \u2013 Anspruchsvolles geschliffenes Glasdesign f\u00fcr Premium-Spirituosen"},"content":{"rendered":"<div class=\"w-full text-token-text-primary\" data-testid=\"conversation-turn-7\">\n<div class=\"px-4 py-2 justify-center text-base md:gap-6 m-auto\">\n<div class=\"flex flex-1 text-base mx-auto gap-3 md:px-5 lg:px-1 xl:px-5 md:max-w-3xl lg:max-w-[40rem] xl:max-w-[48rem] group final-completion\">\n<div class=\"relative flex w-full flex-col agent-turn\">\n<div class=\"flex-col gap-1 md:gap-3\">\n<div class=\"flex flex-grow flex-col max-w-full\">\n<div class=\"min-h-[20px] text-message flex flex-col items-start gap-3 whitespace-pre-wrap break-words [.text-message+&amp;]:mt-5 overflow-x-auto\" data-message-author-role=\"assistant\" data-message-id=\"9e7dfef1-73df-4be7-952f-24ba7d0f0568\">\n<div class=\"markdown prose w-full break-words dark:prose-invert light\">\n<div class=\"flex-1 overflow-hidden\">\n<div class=\"react-scroll-to-bottom--css-giasf-79elbk h-full\">\n<div class=\"react-scroll-to-bottom--css-giasf-1n7m0yu\">\n<div class=\"flex flex-col text-sm pb-9\">\n<div class=\"w-full text-token-text-primary\" data-testid=\"conversation-turn-13\">\n<div class=\"px-4 py-2 justify-center text-base md:gap-6 m-auto\">\n<div class=\"flex flex-1 text-base mx-auto gap-3 md:px-5 lg:px-1 xl:px-5 md:max-w-3xl lg:max-w-[40rem] xl:max-w-[48rem] group final-completion\">\n<div class=\"relative flex w-full flex-col agent-turn\">\n<div class=\"flex-col gap-1 md:gap-3\">\n<div class=\"flex flex-grow flex-col max-w-full\">\n<div class=\"min-h-[20px] text-message flex flex-col items-start gap-3 whitespace-pre-wrap break-words [.text-message+&amp;]:mt-5 overflow-x-auto\" data-message-author-role=\"assistant\" data-message-id=\"c830d6ad-ea0a-469a-83c1-902f8ce9498f\">\n<div class=\"markdown prose w-full break-words dark:prose-invert light\">\n<p><strong>Produktmerkmale:<\/strong><\/p>\n<ol>\n<li><strong>Elegantes Kristalldesign:<\/strong> Dieses Whiskyglas verf\u00fcgt \u00fcber ein elegantes, raffiniertes Schliffglasmuster, das Ihrem Trinkerlebnis einen Hauch von Luxus und Raffinesse verleiht. Perfekt zum Genie\u00dfen Ihrer Lieblings-Premium-Spirituosen.<\/li>\n<li><strong>Hochwertiger Kristall:<\/strong> Dieser aus hochwertigem Kristall gefertigte Glasbecher bietet au\u00dfergew\u00f6hnliche Klarheit und Brillanz und bringt die wahre Farbe und Textur Ihres Whiskys, Bourbons oder Scotchs zur Geltung.<\/li>\n<li><strong>Langlebig und robust:<\/strong> Mit einem dicken, beschwerten Boden bietet das Glas einen stabilen und bequemen Halt, wodurch das Risiko von Versch\u00fcttungen verringert und der Gesamtgenuss Ihres Getr\u00e4nks gesteigert wird.<\/li>\n<li><strong>Vielseitig einsetzbar:<\/strong> Dieser Becher eignet sich ideal zum Servieren von Whiskey, Scotch, Bourbon oder anderen feinen Spirituosen und ist eine vielseitige Erg\u00e4nzung Ihrer Barzubeh\u00f6r-Sammlung, die sowohl f\u00fcr ungezwungene als auch f\u00fcr formelle Anl\u00e4sse geeignet ist.<\/li>\n<li><strong>Perfekte Geschenkidee:<\/strong> Ein ausgezeichnetes Geschenk f\u00fcr Whisky-Liebhaber, Freunde, Familie oder Kollegen. Perfekt f\u00fcr Geburtstage, Hochzeiten, Jubil\u00e4en oder jeden besonderen Anlass.<\/li>\n<li><strong>Optimale Gr\u00f6\u00dfe:<\/strong> Entwickelt, um die perfekte Menge der von Ihnen gew\u00e4hlten Spirituose aufzunehmen, mit oder ohne Eis, und so den Geschmack und das Aroma Ihres Getr\u00e4nks f\u00fcr ein unvergleichliches Geschmackserlebnis zu verbessern.<\/li>\n<li><strong>Einfach zu s\u00e4ubern:<\/strong> Dieser Glasbecher ist leicht zu pflegen und zu reinigen und stellt sicher, dass er auch in den kommenden Jahren gl\u00e4nzt und beeindruckt. Um die Qualit\u00e4t und den Glanz zu bewahren, wird Handw\u00e4sche empfohlen.<\/li>\n<li><strong>Einzigartiger \u00e4sthetischer Reiz:<\/strong> Das aufwendige Design und der funkelnde Kristall erzeugen einen atemberaubenden visuellen Effekt und verleihen Ihrer Hausbar oder Ihrem Getr\u00e4nkeambiente Eleganz und Stil.<\/li>\n<li><strong>Sichere Verpackung:<\/strong> Wird in einer sicheren Schutzverpackung geliefert, um sicherzustellen, dass es unversehrt und einsatzbereit bei Ihnen ankommt.<\/li>\n<li><strong>Kundenzufriedenheitsgarantie:<\/strong> Wir f\u00fchlen uns Ihrer Zufriedenheit verpflichtet und stehen hinter der Qualit\u00e4t unserer Produkte. Wenn Sie nicht vollst\u00e4ndig zufrieden sind, bieten wir Ihnen eine Kundenzufriedenheitsgarantie, damit Sie beruhigt sein k\u00f6nnen.<\/li>\n<\/ol>\n<\/div>\n<\/div>\n<\/div>\n<\/div>\n<\/div>\n<\/div>\n<\/div>\n<\/div>\n<\/div>\n<\/div>\n<\/div>\n<\/div>\n<p>&nbsp;<\/p>\n<\/div>\n<p><strong>Welche Whiskys eignen sich f\u00fcr die Verwendung von Whisky-Tumbler-Glas \/ h<\/strong><strong>Highball-Glas?<\/strong><\/p>\n<p>Blended Whisky<\/p>\n<p><strong>Warum?<\/strong><\/p>\n<p>Das Highball-Glas ist hoch und gerade und eignet sich daher perfekt f\u00fcr Mixgetr\u00e4nke, die \u00fcblicherweise aus Blended Whiskey hergestellt werden. Die H\u00f6he des Glases erm\u00f6glicht eine ausgewogene Mischung aus Whisky, Eis und Mixern, sodass sich die subtilen Aromen des gemischten Whiskys reibungslos mit anderen Zutaten verbinden und ein erfrischendes Getr\u00e4nk entstehen, ohne den Charakter des Whiskys zu \u00fcbert\u00f6nen.<\/p>\n<p>Dieses Vintage-Whiskyglas ist mit eingravierten Mustern versehen, die jedes Getr\u00e4nk elegant und sch\u00f6n machen.<\/p>\n<\/div>\n<\/div>\n<div class=\"mt-1 flex justify-start gap-3 empty:hidden\"><img fetchpriority=\"high\" decoding=\"async\" class=\"aligncenter wp-image-4624\" src=\"https:\/\/lidaglassware.com\/wp-content\/uploads\/2024\/03\/Elegant-Crystal-Whiskey-Tumbler-Glasses-3.jpg\" alt=\"Elegante Kristall-Whisky-Becher\" width=\"459\" height=\"400\" srcset=\"https:\/\/lidaglassware.com\/wp-content\/uploads\/2024\/03\/Elegant-Crystal-Whiskey-Tumbler-Glasses-3.jpg 750w, https:\/\/lidaglassware.com\/wp-content\/uploads\/2024\/03\/Elegant-Crystal-Whiskey-Tumbler-Glasses-3-300x262.jpg 300w, https:\/\/lidaglassware.com\/wp-content\/uploads\/2024\/03\/Elegant-Crystal-Whiskey-Tumbler-Glasses-3-14x12.jpg 14w, https:\/\/lidaglassware.com\/wp-content\/uploads\/2024\/03\/Elegant-Crystal-Whiskey-Tumbler-Glasses-3-600x523.jpg 600w\" sizes=\"(max-width: 459px) 100vw, 459px\" \/><\/div>\n<\/div>\n<div class=\"absolute\">\n<div class=\"flex w-full gap-2 items-center justify-center\"><\/div>\n<\/div>\n<\/div>\n<\/div>\n<\/div>\n<\/div>\n<div class=\"mx-auto\">\n<div>\n<div class=\"mx-auto mt-2 inline-flex rounded-xl border border-gray-100 dark:border-gray-700\"><\/div>\n<\/div>\n<\/div>","protected":false},"excerpt":{"rendered":"<div class=\"w-full text-token-text-primary\" data-testid=\"conversation-turn-9\">\n<div class=\"px-4 py-2 justify-center text-base md:gap-6 m-auto\">\n<div class=\"flex flex-1 text-base mx-auto gap-3 md:px-5 lg:px-1 xl:px-5 md:max-w-3xl lg:max-w-[40rem] xl:max-w-[48rem] group\">\n<div class=\"relative flex w-full flex-col agent-turn\">\n<div class=\"flex-col gap-1 md:gap-3\">\n<div class=\"flex flex-grow flex-col max-w-full\">\n<div class=\"min-h-[20px] text-message flex flex-col items-start gap-3 whitespace-pre-wrap break-words [.text-message+&amp;]:mt-5 overflow-x-auto\" data-message-author-role=\"assistant\" data-message-id=\"d47d6b18-1cbe-4b1f-9f5e-99593617b313\">\n<div class=\"markdown prose w-full break-words dark:prose-invert light\">\n<p>Dieser Kristallglasbecher wurde speziell f\u00fcr den Genuss von Spirituosen wie Whisky entwickelt. Diese Art von Glas ist f\u00fcr seinen dicken Boden und sein robustes Design bekannt und eignet sich daher ideal f\u00fcr den Genuss von Whisky pur oder on the rocks.<\/p>\n<p>Das aufwendig geschliffene Glasmuster in der unteren H\u00e4lfte verleiht einen Hauch von Raffinesse und Eleganz und verbessert das gesamte Trinkerlebnis, indem es das Licht reflektiert und die satten Farben des Lik\u00f6rs zur Geltung bringt. Das klare, hochwertige Kristallglas erm\u00f6glicht es dem Trinker au\u00dferdem, die wahre Farbe und Viskosit\u00e4t des Whiskys zu erkennen.<\/p>\n<p>Aufgrund seines klassischen und vielseitigen Designs wird dieses Glas h\u00e4ufig in einer Vielzahl von Umgebungen verwendet, von ungezwungenen Zusammenk\u00fcnften bis hin zu formelleren Anl\u00e4ssen.<\/p>\n<\/div>\n<\/div>\n<\/div>\n<\/div>\n<\/div>\n<\/div>\n<\/div>\n<\/div>","protected":false},"featured_media":4625,"comment_status":"closed","ping_status":"closed","template":"","meta":[],"class_list":["post-4621","product","type-product","status-publish","has-post-thumbnail","hentry","product_cat-tumbler-glasses","product_tag-glass-tumbler","product_tag-whiskey-glass"],"_links":{"self":[{"href":"https:\/\/lidaglassware.com\/de\/wp-json\/wp\/v2\/product\/4621","targetHints":{"allow":["GET"]}}],"collection":[{"href":"https:\/\/lidaglassware.com\/de\/wp-json\/wp\/v2\/product"}],"about":[{"href":"https:\/\/lidaglassware.com\/de\/wp-json\/wp\/v2\/types\/product"}],"replies":[{"embeddable":true,"href":"https:\/\/lidaglassware.com\/de\/wp-json\/wp\/v2\/comments?post=4621"}],"wp:featuredmedia":[{"embeddable":true,"href":"https:\/\/lidaglassware.com\/de\/wp-json\/wp\/v2\/media\/4625"}],"wp:attachment":[{"href":"https:\/\/lidaglassware.com\/de\/wp-json\/wp\/v2\/media?parent=4621"}],"curies":[{"name":"wp","href":"https:\/\/api.w.org\/{rel}","templated":true}]}}