{"id":4746,"date":"2024-04-02T00:05:41","date_gmt":"2024-04-02T08:05:41","guid":{"rendered":"https:\/\/lidaglassware.com\/?post_type=product&#038;p=4746"},"modified":"2024-04-02T00:20:21","modified_gmt":"2024-04-02T08:20:21","slug":"personalized-stemless-wine-glasses-in-bulk","status":"publish","type":"product","link":"https:\/\/lidaglassware.com\/de\/produkt\/personalized-stemless-wine-glasses-in-bulk\/","title":{"rendered":"Personalisierte Weingl\u00e4ser ohne Stiel, 13oz und 14oz in gro\u00dfen Mengen"},"content":{"rendered":"<div class=\"w-full text-token-text-primary\" data-testid=\"conversation-turn-7\">\n<div class=\"px-4 py-2 justify-center text-base md:gap-6 m-auto\">\n<div class=\"flex flex-1 text-base mx-auto gap-3 md:px-5 lg:px-1 xl:px-5 md:max-w-3xl lg:max-w-[40rem] xl:max-w-[48rem] group final-completion\">\n<div class=\"relative flex w-full flex-col agent-turn\">\n<div class=\"flex-col gap-1 md:gap-3\">\n<div class=\"flex flex-grow flex-col max-w-full\">\n<div class=\"min-h-[20px] text-message flex flex-col items-start gap-3 whitespace-pre-wrap break-words [.text-message+&amp;]:mt-5 overflow-x-auto\" data-message-author-role=\"assistant\" data-message-id=\"9e7dfef1-73df-4be7-952f-24ba7d0f0568\">\n<div class=\"markdown prose w-full break-words dark:prose-invert light\">\n<div class=\"flex-1 overflow-hidden\">\n<div class=\"react-scroll-to-bottom--css-giasf-79elbk h-full\">\n<div class=\"react-scroll-to-bottom--css-giasf-1n7m0yu\">\n<div class=\"flex flex-col text-sm pb-9\">\n<div class=\"w-full text-token-text-primary\" data-testid=\"conversation-turn-13\">\n<div class=\"px-4 py-2 justify-center text-base md:gap-6 m-auto\">\n<div class=\"flex flex-1 text-base mx-auto gap-3 md:px-5 lg:px-1 xl:px-5 md:max-w-3xl lg:max-w-[40rem] xl:max-w-[48rem] group final-completion\">\n<div class=\"relative flex w-full flex-col agent-turn\">\n<div class=\"flex-col gap-1 md:gap-3\">\n<div class=\"flex flex-grow flex-col max-w-full\">\n<div class=\"min-h-[20px] text-message flex flex-col items-start gap-3 whitespace-pre-wrap break-words [.text-message+&amp;]:mt-5 overflow-x-auto\" data-message-author-role=\"assistant\" data-message-id=\"c830d6ad-ea0a-469a-83c1-902f8ce9498f\">\n<div class=\"markdown prose w-full break-words dark:prose-invert light\">\n<h2><strong>Vorteile:<\/strong><\/h2>\n<ul>\n<li><strong>Bessere Stabilit\u00e4t<\/strong>: Weingl\u00e4ser ohne Stiel haben normalerweise eine abgerundete Kelchform, die auf einem flachen Boden ruht, wodurch sie im Vergleich zu Gl\u00e4sern mit Stiel weniger leicht umkippen.<\/li>\n<li><strong>Vielseitigkeit und Komfort<\/strong>: W\u00e4hrend Getr\u00e4nke ohne Wein aus Stielgl\u00e4sern genossen werden k\u00f6nnen (wir verwenden sie gerne f\u00fcr Cocktails oder sogar Bier), gibt es Gelegenheiten, die nach etwas l\u00e4ssigerem Trinkgeschirr verlangen.<\/li>\n<li><strong>Einfach zu verstauen<\/strong>: Wenn Sie nur \u00fcber begrenzten Schrankraum oder vertikale Aufbewahrungsm\u00f6glichkeiten verf\u00fcgen, ist ein Satz Weingl\u00e4ser ohne Stiel m\u00f6glicherweise die bessere Wahl.<\/li>\n<li><strong>Moderne \u00c4sthetik<\/strong>: Sie bieten eine moderne und stilvolle \u00c4sthetik, die jeden Anlass versch\u00f6nern kann.<\/li>\n<\/ul>\n<\/div>\n<\/div>\n<\/div>\n<\/div>\n<\/div>\n<\/div>\n<\/div>\n<\/div>\n<\/div>\n<\/div>\n<\/div>\n<\/div>\n<p>&nbsp;<\/p>\n<\/div>\n<h2><strong>Sind Weingl\u00e4ser ohne Stiel aus der Mode?<\/strong><\/h2>\n<p><span style=\"text-decoration: underline;\">Absolut nicht.<\/span><\/p>\n<p><strong>Warum?<\/strong><\/p>\n<p>Weingl\u00e4ser ohne Stiel sind nicht aus der Mode; Tats\u00e4chlich sind sie aufgrund ihrer Vielseitigkeit, modernen \u00c4sthetik und Praktikabilit\u00e4t in bestimmten Umgebungen nach wie vor beliebt. Stiellose Gl\u00e4ser werden f\u00fcr ihr modernes Aussehen und ihre einfache Handhabung gelobt und eignen sich daher f\u00fcr ungezwungene Zusammenk\u00fcnfte, Veranstaltungen im Freien und informelle Weinproben. Aufgrund ihres Designs neigen sie weniger zum Umkippen und lassen sich leichter in Schr\u00e4nken mit begrenztem Platz verstauen.<\/p>\n<p>Sie sind jedoch m\u00f6glicherweise nicht die beste Wahl, um die Temperatur des Weins aufrechtzuerhalten, da durch direktes Halten der Sch\u00fcssel K\u00f6rperw\u00e4rme auf den Wein \u00fcbertragen werden kann, was m\u00f6glicherweise seinen Geschmack beeintr\u00e4chtigt.<\/p>\n<p><img fetchpriority=\"high\" decoding=\"async\" class=\"aligncenter size-large wp-image-4751\" src=\"https:\/\/lidaglassware.com\/wp-content\/uploads\/2024\/04\/LDC011-2-Box-1024x666.jpg\" alt=\"Weinglas ohne Stiel mit Box\" width=\"800\" height=\"520\" srcset=\"https:\/\/lidaglassware.com\/wp-content\/uploads\/2024\/04\/LDC011-2-Box-1024x666.jpg 1024w, https:\/\/lidaglassware.com\/wp-content\/uploads\/2024\/04\/LDC011-2-Box-300x195.jpg 300w, https:\/\/lidaglassware.com\/wp-content\/uploads\/2024\/04\/LDC011-2-Box-768x499.jpg 768w, https:\/\/lidaglassware.com\/wp-content\/uploads\/2024\/04\/LDC011-2-Box-1536x999.jpg 1536w, https:\/\/lidaglassware.com\/wp-content\/uploads\/2024\/04\/LDC011-2-Box-18x12.jpg 18w, https:\/\/lidaglassware.com\/wp-content\/uploads\/2024\/04\/LDC011-2-Box-600x390.jpg 600w, https:\/\/lidaglassware.com\/wp-content\/uploads\/2024\/04\/LDC011-2-Box.jpg 1661w\" sizes=\"(max-width: 800px) 100vw, 800px\" \/><\/p>\n<\/div>\n<\/div>\n<div class=\"mt-1 flex justify-start gap-3 empty:hidden\">\n<div class=\"w-full text-token-text-primary\" data-testid=\"conversation-turn-9\">\n<div class=\"px-4 py-2 justify-center text-base md:gap-6 m-auto\">\n<div class=\"flex flex-1 text-base mx-auto gap-3 md:px-5 lg:px-1 xl:px-5 md:max-w-3xl lg:max-w-[40rem] xl:max-w-[48rem] group\">\n<div class=\"relative flex w-full flex-col agent-turn\">\n<div class=\"flex-col gap-1 md:gap-3\">\n<div class=\"flex flex-grow flex-col max-w-full\">\n<div class=\"min-h-[20px] text-message flex flex-col items-start gap-3 whitespace-pre-wrap break-words [.text-message+&amp;]:mt-5 overflow-x-auto\" data-message-author-role=\"assistant\" data-message-id=\"13f4aff9-7a25-4b8e-93b3-a957333a1896\">\n<div class=\"markdown prose w-full break-words dark:prose-invert light\">\n<p>Stiellose Weingl\u00e4ser, die in verschiedenen Materialien auf dem Markt erh\u00e4ltlich sind, wie z. B. Standardglas und Kristall, erf\u00fcllen unterschiedliche Vorlieben und Verwendungszwecke.<\/p>\n<p>Hinsichtlich der Herstellungstechniken gibt es zwei Hauptmethoden: Maschinenblasen und Handblasen. Bei maschinengeblasenen Gl\u00e4sern wird der Rand durch einen Prozess namens \u201eHei\u00dfschneiden\u201c bearbeitet, wodurch ein Rand mit einem Ring und einer Tropfkante entsteht. Andererseits weisen mundgeblasene Gl\u00e4ser typischerweise ein \u201eCold Cut\u201c-Finish auf. Dabei wird die Felge mit einer Maschine geschnitten, dann gegl\u00e4ttet und poliert und anschlie\u00dfend mit einem Brenner erhitzt, um sicherzustellen, dass die Felge au\u00dfergew\u00f6hnlich glatt und d\u00fcnn ist.<\/p>\n<p>Es ist jedoch wichtig, die Kostenauswirkungen dieser Produktionsmethoden zu beachten. Mundgeblasene Gl\u00e4ser sind aufgrund des arbeitsintensiven Prozesses und der Pr\u00e4zision, die f\u00fcr den Kaltschnitt erforderlich ist, der f\u00fcr eine erstklassige Haptik und Optik sorgt, tendenziell teurer.<\/p>\n<p><img decoding=\"async\" class=\"aligncenter size-large wp-image-4747\" src=\"https:\/\/lidaglassware.com\/wp-content\/uploads\/2024\/04\/LDC011-Box-1024x666.jpg\" alt=\"Weinglas ohne Stiel mit Box\" width=\"800\" height=\"520\" srcset=\"https:\/\/lidaglassware.com\/wp-content\/uploads\/2024\/04\/LDC011-Box-1024x666.jpg 1024w, https:\/\/lidaglassware.com\/wp-content\/uploads\/2024\/04\/LDC011-Box-300x195.jpg 300w, https:\/\/lidaglassware.com\/wp-content\/uploads\/2024\/04\/LDC011-Box-768x499.jpg 768w, https:\/\/lidaglassware.com\/wp-content\/uploads\/2024\/04\/LDC011-Box-1536x999.jpg 1536w, https:\/\/lidaglassware.com\/wp-content\/uploads\/2024\/04\/LDC011-Box-18x12.jpg 18w, https:\/\/lidaglassware.com\/wp-content\/uploads\/2024\/04\/LDC011-Box-600x390.jpg 600w, https:\/\/lidaglassware.com\/wp-content\/uploads\/2024\/04\/LDC011-Box.jpg 1661w\" sizes=\"(max-width: 800px) 100vw, 800px\" \/><\/p>\n<p>Unser Unternehmen freut sich, eine neue Produktlinie vorstellen zu k\u00f6nnen, die die Kosteneffizienz der maschinellen Fertigung mit der raffinierten Verarbeitung kaltgeschnittener R\u00e4nder kombiniert. Indem wir f\u00fcr den Gro\u00dfteil der Fertigung maschinelle Prozesse einsetzen und eine Kaltschneidetechnik f\u00fcr den Rand einbeziehen, k\u00f6nnen wir die Kosten kontrollieren und dennoch ein wundersch\u00f6n verarbeitetes Produkt liefern. Diese Innovation erm\u00f6glicht es uns, die Eleganz und Gl\u00e4tte eines handbearbeiteten Rands ohne den hohen Preis anzubieten, der mit vollst\u00e4ndig handgefertigten Brillen verbunden ist.<\/p>\n<p>Ganz gleich, ob Sie einen Direktkauf t\u00e4tigen oder Ihr Produkt mit Ihrem individuellen Logo und Ihrer Verpackung individuell gestalten m\u00f6chten, wir bieten Ihnen einen schnellen Service. Z\u00f6gern Sie nicht, Ihre Marke oder pers\u00f6nliche Sammlung noch heute aufzuwerten.<\/p>\n<\/div>\n<\/div>\n<\/div>\n<\/div>\n<\/div>\n<\/div>\n<\/div>\n<\/div>\n<\/div>\n<\/div>\n<\/div>\n<\/div>\n<\/div>\n<\/div>\n<p><img decoding=\"async\" class=\"aligncenter wp-image-4749\" src=\"https:\/\/lidaglassware.com\/wp-content\/uploads\/2024\/04\/LDC011-Stemless-Wine-Glass-2.jpg\" alt=\"Weinglas ohne Stiel\" width=\"500\" height=\"500\" srcset=\"https:\/\/lidaglassware.com\/wp-content\/uploads\/2024\/04\/LDC011-Stemless-Wine-Glass-2.jpg 800w, https:\/\/lidaglassware.com\/wp-content\/uploads\/2024\/04\/LDC011-Stemless-Wine-Glass-2-300x300.jpg 300w, https:\/\/lidaglassware.com\/wp-content\/uploads\/2024\/04\/LDC011-Stemless-Wine-Glass-2-150x150.jpg 150w, https:\/\/lidaglassware.com\/wp-content\/uploads\/2024\/04\/LDC011-Stemless-Wine-Glass-2-768x768.jpg 768w, https:\/\/lidaglassware.com\/wp-content\/uploads\/2024\/04\/LDC011-Stemless-Wine-Glass-2-12x12.jpg 12w, https:\/\/lidaglassware.com\/wp-content\/uploads\/2024\/04\/LDC011-Stemless-Wine-Glass-2-600x600.jpg 600w, https:\/\/lidaglassware.com\/wp-content\/uploads\/2024\/04\/LDC011-Stemless-Wine-Glass-2-100x100.jpg 100w\" sizes=\"(max-width: 500px) 100vw, 500px\" \/><\/p>","protected":false},"excerpt":{"rendered":"<div class=\"w-full text-token-text-primary\" data-testid=\"conversation-turn-9\">\n<div class=\"px-4 py-2 justify-center text-base md:gap-6 m-auto\">\n<div class=\"flex flex-1 text-base mx-auto gap-3 md:px-5 lg:px-1 xl:px-5 md:max-w-3xl lg:max-w-[40rem] xl:max-w-[48rem] group\">\n<div class=\"relative flex w-full flex-col agent-turn\">\n<div class=\"flex-col gap-1 md:gap-3\">\n<div class=\"flex flex-grow flex-col max-w-full\">\n<div class=\"min-h-[20px] text-message flex flex-col items-start gap-3 whitespace-pre-wrap break-words [.text-message+&amp;]:mt-5 overflow-x-auto\" data-message-author-role=\"assistant\" data-message-id=\"d47d6b18-1cbe-4b1f-9f5e-99593617b313\">\n<div class=\"markdown prose w-full break-words dark:prose-invert light\">\n<p>Stiellose Gl\u00e4ser werden f\u00fcr ihr modernes Aussehen und ihre einfache Handhabung gelobt und eignen sich daher f\u00fcr ungezwungene Zusammenk\u00fcnfte, Veranstaltungen im Freien und informelle Weinproben. Aufgrund ihres Designs neigen sie weniger zum Umkippen und lassen sich leichter in Schr\u00e4nken mit begrenztem Platz verstauen.<\/p>\n<\/div>\n<\/div>\n<\/div>\n<\/div>\n<\/div>\n<\/div>\n<\/div>\n<\/div>","protected":false},"featured_media":4748,"comment_status":"closed","ping_status":"closed","template":"","meta":[],"class_list":["post-4746","product","type-product","status-publish","has-post-thumbnail","hentry","product_cat-whiskey-glasses","product_cat-wine-glasses","product_tag-custom-glasses","product_tag-whiskey-glass","product_tag-wine-glass","product_tag-wine-glasses"],"_links":{"self":[{"href":"https:\/\/lidaglassware.com\/de\/wp-json\/wp\/v2\/product\/4746","targetHints":{"allow":["GET"]}}],"collection":[{"href":"https:\/\/lidaglassware.com\/de\/wp-json\/wp\/v2\/product"}],"about":[{"href":"https:\/\/lidaglassware.com\/de\/wp-json\/wp\/v2\/types\/product"}],"replies":[{"embeddable":true,"href":"https:\/\/lidaglassware.com\/de\/wp-json\/wp\/v2\/comments?post=4746"}],"wp:featuredmedia":[{"embeddable":true,"href":"https:\/\/lidaglassware.com\/de\/wp-json\/wp\/v2\/media\/4748"}],"wp:attachment":[{"href":"https:\/\/lidaglassware.com\/de\/wp-json\/wp\/v2\/media?parent=4746"}],"curies":[{"name":"wp","href":"https:\/\/api.w.org\/{rel}","templated":true}]}}