{"id":71,"date":"2020-12-16T00:12:08","date_gmt":"2020-12-16T08:12:08","guid":{"rendered":"http:\/\/lidaglassware.com\/?post_type=product&#038;p=71"},"modified":"2021-07-19T00:03:08","modified_gmt":"2021-07-19T08:03:08","slug":"hiball-tumbler-glass-250ml","status":"publish","type":"product","link":"https:\/\/lidaglassware.com\/de\/produkt\/hiball-tumbler-glass-250ml\/","title":{"rendered":"Hiball Trinkglas 250 ml \/ 9 oz"},"content":{"rendered":"<p>\u2022 Hiball-Becher<br \/>\n\u2022 Klassisches Design<br \/>\n\u2022 Gro\u00dfer Widerstand<br \/>\n\u2022 Thermoschockbest\u00e4ndig von -20 \u00b0C bis +100 \u00b0C<br \/>\n\u2022 Glas zerbricht bei Bruch in stumpfe Bruchst\u00fccke<br \/>\n\u2022 Ideal zum Servieren von Softdrinks, Wasser, Saft oder Hei\u00dfgetr\u00e4nken<br \/>\n\u2022 Sicher f\u00fcr Kinder<br \/>\n\u2022 Mikrowellenfest<br \/>\n\u2022 Sp\u00fclmaschinenfest<\/p>\n<p>\u2022 Verpackung: 298 x 372 x 422 mm, 72 St\u00fcck<\/p>","protected":false},"excerpt":{"rendered":"<p>Als klassische Erg\u00e4nzung zu Ihren Glaswaren bieten diese Trinkgl\u00e4ser einen starken Stil. Mit ihrem klaren, quadratischen Design sind diese Gl\u00e4ser der perfekte Ort f\u00fcr jedes Getr\u00e4nk. Zum Schluss einfach eine gro\u00dfz\u00fcgige Portion Eis, einen Strohhalm und eine Zitronenscheibe hinzuf\u00fcgen.<\/p>","protected":false},"featured_media":73,"comment_status":"open","ping_status":"closed","template":"","meta":[],"class_list":["post-71","product","type-product","status-publish","has-post-thumbnail","hentry","product_cat-tumbler-glasses","product_tag-tumbler"],"_links":{"self":[{"href":"https:\/\/lidaglassware.com\/de\/wp-json\/wp\/v2\/product\/71","targetHints":{"allow":["GET"]}}],"collection":[{"href":"https:\/\/lidaglassware.com\/de\/wp-json\/wp\/v2\/product"}],"about":[{"href":"https:\/\/lidaglassware.com\/de\/wp-json\/wp\/v2\/types\/product"}],"replies":[{"embeddable":true,"href":"https:\/\/lidaglassware.com\/de\/wp-json\/wp\/v2\/comments?post=71"}],"wp:featuredmedia":[{"embeddable":true,"href":"https:\/\/lidaglassware.com\/de\/wp-json\/wp\/v2\/media\/73"}],"wp:attachment":[{"href":"https:\/\/lidaglassware.com\/de\/wp-json\/wp\/v2\/media?parent=71"}],"curies":[{"name":"wp","href":"https:\/\/api.w.org\/{rel}","templated":true}]}}