{"id":860,"date":"2021-07-12T23:21:00","date_gmt":"2021-07-13T07:21:00","guid":{"rendered":"https:\/\/lidaglassware.com\/?post_type=product&#038;p=860"},"modified":"2022-09-27T00:21:05","modified_gmt":"2022-09-27T08:21:05","slug":"beverage-highball-glass-12oz","status":"publish","type":"product","link":"https:\/\/lidaglassware.com\/de\/produkt\/beverage-highball-glass-12oz\/","title":{"rendered":"Getr\u00e4nke-\/Highballglas 12oz"},"content":{"rendered":"<ul class=\"product-point\">\n<li>Kapazit\u00e4t: 12 Unzen<\/li>\n<li>Gr\u00f6\u00dfe: 79x145mm<\/li>\n<li>Gewicht: 340g<\/li>\n<li>Logo: Sp\u00fclmaschinenfest<\/li>\n<\/ul>\n<p>\u2022 Schlanke Cocktail-Highballs<br \/>\n\u2022 Material: Natronkalkglas<br \/>\n\u2022 Sp\u00fclmaschinenfest<br \/>\n\u2022 Schwerer Blasenboden<br \/>\n\u2022 Perfekt f\u00fcr eine gro\u00dfe Auswahl an Getr\u00e4nken, darunter Cocktails, Softdrinks oder Mixer<br \/>\n\u2022 Ideal f\u00fcr den gewerblichen oder privaten Gebrauch<\/p>\n<p>Diese aus hochwertigem Glas und schlankem Design gefertigten Gl\u00e4ser bieten Stil und Haltbarkeit. Ideal f\u00fcr den t\u00e4glichen Gebrauch zu Hause oder in einer Bar.<\/p>","protected":false},"excerpt":{"rendered":"<p>Dieses Highball-Glas ist die beste L\u00f6sung f\u00fcr Barlieferanten oder alle, die hochwertige Glaswaren f\u00fcr besondere Anl\u00e4sse, Weihnachtsfeiern oder Geschenke auf Lager haben m\u00f6chten.<\/p>","protected":false},"featured_media":861,"comment_status":"open","ping_status":"closed","template":"","meta":[],"class_list":["post-860","product","type-product","status-publish","has-post-thumbnail","hentry","product_cat-tumbler-glasses","product_tag-hiball-glasses","product_tag-promotional-glassware","product_tag-tumbler"],"_links":{"self":[{"href":"https:\/\/lidaglassware.com\/de\/wp-json\/wp\/v2\/product\/860","targetHints":{"allow":["GET"]}}],"collection":[{"href":"https:\/\/lidaglassware.com\/de\/wp-json\/wp\/v2\/product"}],"about":[{"href":"https:\/\/lidaglassware.com\/de\/wp-json\/wp\/v2\/types\/product"}],"replies":[{"embeddable":true,"href":"https:\/\/lidaglassware.com\/de\/wp-json\/wp\/v2\/comments?post=860"}],"wp:featuredmedia":[{"embeddable":true,"href":"https:\/\/lidaglassware.com\/de\/wp-json\/wp\/v2\/media\/861"}],"wp:attachment":[{"href":"https:\/\/lidaglassware.com\/de\/wp-json\/wp\/v2\/media?parent=860"}],"curies":[{"name":"wp","href":"https:\/\/api.w.org\/{rel}","templated":true}]}}