{"id":867,"date":"2021-07-13T00:27:00","date_gmt":"2021-07-13T08:27:00","guid":{"rendered":"https:\/\/lidaglassware.com\/?post_type=product&#038;p=867"},"modified":"2021-07-13T01:47:11","modified_gmt":"2021-07-13T09:47:11","slug":"promotional-latte-glass-mug-350ml","status":"publish","type":"product","link":"https:\/\/lidaglassware.com\/de\/produkt\/promotional-latte-glass-mug-350ml\/","title":{"rendered":"Werbebecher aus Latte-Glas, 350 ml"},"content":{"rendered":"<p>Merkmale<\/p>\n<div class=\"product-point-box\">\n<ul class=\"product-point\">\n<li style=\"list-style-type: none;\">\n<ul class=\"product-point\">\n<li>Mit Griff<\/li>\n<li>Sauberes Glas<\/li>\n<li>Logo-Branding<\/li>\n<li>Perfekt zum Servieren von Irish Coffee und mehr!<\/li>\n<\/ul>\n<\/li>\n<\/ul>\n<div class=\"product-point-title\">Ma\u00dfe<\/div>\n<ul class=\"product-point\">\n<li style=\"list-style-type: none;\">\n<ul class=\"product-point\">\n<li>Fassungsverm\u00f6gen: 350 ml<\/li>\n<li>Gr\u00f6\u00dfe: 88x50x105mm<\/li>\n<li>Material: Natronkalkglas<\/li>\n<li>Typ: Maschinell gepresst<\/li>\n<\/ul>\n<\/li>\n<\/ul>\n<p>Es ist der Top-Hot-Sale-Artikel!<\/p>\n<\/div>","protected":false},"excerpt":{"rendered":"<p>Dieser Latte-Glasbecher erfreut sich recht hoher Verkaufszahlen, was ein gutes Preis-Leistungs-Verh\u00e4ltnis darstellt. Es ist ideal zum Servieren k\u00f6stlicher Kaffeecocktails, hei\u00dfer Kaffee, Tee, hei\u00dfer Schokolade und vielem mehr!<\/p>","protected":false},"featured_media":869,"comment_status":"open","ping_status":"closed","template":"","meta":[],"class_list":["post-867","product","type-product","status-publish","has-post-thumbnail","hentry","product_cat-coffee-glasses","product_tag-coffee-glass","product_tag-glass-mug","product_tag-promotional-glassware"],"_links":{"self":[{"href":"https:\/\/lidaglassware.com\/de\/wp-json\/wp\/v2\/product\/867","targetHints":{"allow":["GET"]}}],"collection":[{"href":"https:\/\/lidaglassware.com\/de\/wp-json\/wp\/v2\/product"}],"about":[{"href":"https:\/\/lidaglassware.com\/de\/wp-json\/wp\/v2\/types\/product"}],"replies":[{"embeddable":true,"href":"https:\/\/lidaglassware.com\/de\/wp-json\/wp\/v2\/comments?post=867"}],"wp:featuredmedia":[{"embeddable":true,"href":"https:\/\/lidaglassware.com\/de\/wp-json\/wp\/v2\/media\/869"}],"wp:attachment":[{"href":"https:\/\/lidaglassware.com\/de\/wp-json\/wp\/v2\/media?parent=867"}],"curies":[{"name":"wp","href":"https:\/\/api.w.org\/{rel}","templated":true}]}}