{"id":887,"date":"2021-07-13T01:47:38","date_gmt":"2021-07-13T09:47:38","guid":{"rendered":"https:\/\/lidaglassware.com\/?post_type=product&#038;p=887"},"modified":"2021-07-13T01:48:54","modified_gmt":"2021-07-13T09:48:54","slug":"promotional-painting-glass-tumbler-for-donjulio-brand","status":"publish","type":"product","link":"https:\/\/lidaglassware.com\/de\/produkt\/promotional-painting-glass-tumbler-for-donjulio-brand\/","title":{"rendered":"Werbebecher aus bemaltem Glas f\u00fcr die Marke Donjulio"},"content":{"rendered":"<p>Spezifikation:<\/p>\n<p>Typ: Maschinengepresst<\/p>\n<p>Gr\u00f6\u00dfe: 8,1\u00d711,4cm<\/p>\n<p>Fassungsverm\u00f6gen: 330 ml<\/p>\n<p>Marke: Jameson oder OEM<\/p>\n<p><img fetchpriority=\"high\" decoding=\"async\" class=\"alignnone wp-image-877 size-full\" src=\"https:\/\/lidaglassware.com\/wp-content\/uploads\/2021\/07\/Stackable-Glasses-Set-5.jpg\" alt=\"\" width=\"850\" height=\"425\" srcset=\"https:\/\/lidaglassware.com\/wp-content\/uploads\/2021\/07\/Stackable-Glasses-Set-5.jpg 850w, https:\/\/lidaglassware.com\/wp-content\/uploads\/2021\/07\/Stackable-Glasses-Set-5-300x150.jpg 300w, https:\/\/lidaglassware.com\/wp-content\/uploads\/2021\/07\/Stackable-Glasses-Set-5-768x384.jpg 768w, https:\/\/lidaglassware.com\/wp-content\/uploads\/2021\/07\/Stackable-Glasses-Set-5-600x300.jpg 600w\" sizes=\"(max-width: 850px) 100vw, 850px\" \/><\/p>","protected":false},"excerpt":{"rendered":"<p>Dieses stapelbare Glas ist die beste L\u00f6sung f\u00fcr Barlieferanten oder alle, die hochwertige Glaswaren f\u00fcr besondere Anl\u00e4sse, Weihnachtsfeiern oder Geschenke lagern m\u00f6chten.<\/p>","protected":false},"featured_media":879,"comment_status":"open","ping_status":"closed","template":"","meta":[],"class_list":["post-887","product","type-product","status-publish","has-post-thumbnail","hentry","product_cat-tumbler-glasses","product_tag-hiball-glasses","product_tag-promotional-glassware","product_tag-tumbler"],"_links":{"self":[{"href":"https:\/\/lidaglassware.com\/de\/wp-json\/wp\/v2\/product\/887","targetHints":{"allow":["GET"]}}],"collection":[{"href":"https:\/\/lidaglassware.com\/de\/wp-json\/wp\/v2\/product"}],"about":[{"href":"https:\/\/lidaglassware.com\/de\/wp-json\/wp\/v2\/types\/product"}],"replies":[{"embeddable":true,"href":"https:\/\/lidaglassware.com\/de\/wp-json\/wp\/v2\/comments?post=887"}],"wp:featuredmedia":[{"embeddable":true,"href":"https:\/\/lidaglassware.com\/de\/wp-json\/wp\/v2\/media\/879"}],"wp:attachment":[{"href":"https:\/\/lidaglassware.com\/de\/wp-json\/wp\/v2\/media?parent=887"}],"curies":[{"name":"wp","href":"https:\/\/api.w.org\/{rel}","templated":true}]}}