{"id":925,"date":"2021-07-13T23:58:43","date_gmt":"2021-07-14T07:58:43","guid":{"rendered":"https:\/\/lidaglassware.com\/?post_type=product&#038;p=925"},"modified":"2024-01-15T21:49:57","modified_gmt":"2024-01-16T05:49:57","slug":"beer-glass-cup-350ml","status":"publish","type":"product","link":"https:\/\/lidaglassware.com\/de\/produkt\/beer-glass-cup-350ml\/","title":{"rendered":"Bierglasbecher 350ml"},"content":{"rendered":"<div class=\"product-point-title\">Merkmale<\/div>\n<ul class=\"product-point\">\n<li>Klassisches Bierkrug-Design<\/li>\n<li>Stabiler Griff mit Daumenauflage<\/li>\n<li>Auch bekannt als Steinkrug, Bierkrug, Kneipenglas oder Fassbecher<\/li>\n<li>Ideal f\u00fcr Bars, Restaurants, Tavernen, Pubs und Sportbars<\/li>\n<\/ul>\n<div class=\"product-point-title\">Zus\u00e4tzliche Information<\/div>\n<ul class=\"product-point\">\n<li>Fassungsverm\u00f6gen: 350 ml<\/li>\n<li>Gr\u00f6\u00dfe: 70x70x141mm<\/li>\n<li>Gewicht: 480g<\/li>\n<li>Verpackung: 2 St\u00fcck\/Karton, 24 St\u00fcck\/Karton<\/li>\n<li>Kartongr\u00f6\u00dfe: 37x32x33cm<\/li>\n<\/ul>\n<div class=\"product-point-title\">Pflege und Anleitung<\/div>\n<ul class=\"product-point\">\n<li>Sp\u00fclmaschinenfest<\/li>\n<\/ul>","protected":false},"excerpt":{"rendered":"<p>Es ist seit vielen Jahren der hei\u00df verkaufte Bierkrug. Beste Wahl f\u00fcr Barartikelh\u00e4ndler. Auch f\u00fcr Weinmarken, die Veranstaltungen durchf\u00fchren. Es ist die beste M\u00f6glichkeit, Ihr Branding zu f\u00f6rdern.<\/p>","protected":false},"featured_media":932,"comment_status":"open","ping_status":"closed","template":"","meta":[],"class_list":["post-925","product","type-product","status-publish","has-post-thumbnail","hentry","product_cat-beer-glasses","product_tag-beer-mugs","product_tag-glassware","product_tag-promotional-glassware"],"_links":{"self":[{"href":"https:\/\/lidaglassware.com\/de\/wp-json\/wp\/v2\/product\/925","targetHints":{"allow":["GET"]}}],"collection":[{"href":"https:\/\/lidaglassware.com\/de\/wp-json\/wp\/v2\/product"}],"about":[{"href":"https:\/\/lidaglassware.com\/de\/wp-json\/wp\/v2\/types\/product"}],"replies":[{"embeddable":true,"href":"https:\/\/lidaglassware.com\/de\/wp-json\/wp\/v2\/comments?post=925"}],"wp:featuredmedia":[{"embeddable":true,"href":"https:\/\/lidaglassware.com\/de\/wp-json\/wp\/v2\/media\/932"}],"wp:attachment":[{"href":"https:\/\/lidaglassware.com\/de\/wp-json\/wp\/v2\/media?parent=925"}],"curies":[{"name":"wp","href":"https:\/\/api.w.org\/{rel}","templated":true}]}}