{"id":940,"date":"2021-07-15T16:57:33","date_gmt":"2021-07-16T00:57:33","guid":{"rendered":"https:\/\/lidaglassware.com\/?post_type=product&#038;p=940"},"modified":"2024-01-15T22:32:50","modified_gmt":"2024-01-16T06:32:50","slug":"mini-shooter-glasses-1-2oz-35ml","status":"publish","type":"product","link":"https:\/\/lidaglassware.com\/de\/produkt\/mini-shooter-glaser-1-2oz-35ml\/","title":{"rendered":"Mini-Shooter-Gl\u00e4ser 1,2 Unzen \/ 35 ml"},"content":{"rendered":"<p>Bringen Sie Ihre Partys mit Leichtigkeit zum Flie\u00dfen mit dem Brim <a href=\"http:\/\/www.itsglassware.com\/product-category\/shot-glasses\/\" target=\"_blank\" rel=\"noopener\"><span style=\"color: #000000;\">Shooter-Brille<\/span><\/a>. Sie m\u00fcssen nicht herumfummeln und versuchen, den perfekten Shot zu dosieren. F\u00fcllen Sie das Glas einfach bis zum Rand und schon haben Sie einen Shot!<\/p>\n<p>&nbsp;<\/p>\n<h2><strong>Produktmerkmale der Mini-Shooter-Brille:<\/strong><\/h2>\n<ol>\n<li><strong>Kompakte Gr\u00f6\u00dfe:<\/strong> Diese Gl\u00e4ser sind kleiner als herk\u00f6mmliche Shooter-Gl\u00e4ser und fassen normalerweise zwischen 1 und 2 Unzen. Sie eignen sich perfekt f\u00fcr Verkostungen und die Kontrolle der Portionsgr\u00f6\u00dfen.<\/li>\n<li><strong>Design:<\/strong> Mini-Shooter-Gl\u00e4ser zeichnen sich oft durch ein schlankes und elegantes Design mit klaren Linien und einer klaren Oberfl\u00e4che aus, die die Farbe und Klarheit der Spirituose im Inneren zur Geltung bringt.<\/li>\n<li><strong>Qualit\u00e4tsmaterial:<\/strong> Sie bestehen aus hochwertigem Glas, sind langlebig und sowohl f\u00fcr den privaten als auch f\u00fcr den gewerblichen Gebrauch geeignet.<\/li>\n<li><strong>Bequemer Griff:<\/strong> Sie sind so konzipiert, dass sie bequem in der Hand liegen und aufgrund ihrer Gr\u00f6\u00dfe und Form leicht zu halten und zu trinken sind.<\/li>\n<li><strong>Vielseitigkeit:<\/strong> Ideal f\u00fcr eine Vielzahl von Spirituosen, darunter Wodka, Tequila und Premium-Lik\u00f6re, sowie zum Servieren von Mini-Cocktails oder Dessert-Shots.<\/li>\n<li><strong>Ideal f\u00fcr Verkostungen:<\/strong> Aufgrund ihrer geringen Gr\u00f6\u00dfe eignen sie sich perfekt f\u00fcr Spirituosenverkostungen und erm\u00f6glichen es den G\u00e4sten, eine Vielzahl von Getr\u00e4nken ohne \u00fcberm\u00e4\u00dfigen Konsum zu probieren.<\/li>\n<li><strong>Einfach zu s\u00e4ubern:<\/strong> Sie sind im Allgemeinen sp\u00fclmaschinenfest und leicht zu reinigen und zu pflegen, was sie zu einer praktischen Wahl f\u00fcr den regelm\u00e4\u00dfigen Gebrauch macht.<\/li>\n<li><strong>\u00c4sthetischer Anreiz:<\/strong> Die Mini-Shooter-Gl\u00e4ser k\u00f6nnen die Pr\u00e4sentation Ihrer Spirituosen oder Mini-Cocktails verbessern und Ihrer Veranstaltung oder Ihrem Bar-Ambiente einen Hauch von Eleganz verleihen.<\/li>\n<li><strong>Stapelbares Design:<\/strong> Viele Mini-Shooter-Gl\u00e4ser sind stapelbar und sparen so Platz in Ihrem Schrank oder Barbereich.<\/li>\n<li><strong>Perfekt f\u00fcr Partys:<\/strong> Ideal f\u00fcr den Einsatz auf Partys, Veranstaltungen oder in einer Bar, wo Sie einen kleinen, konzentrierten Geschmack eines Getr\u00e4nks anbieten m\u00f6chten.<\/li>\n<\/ol>","protected":false},"excerpt":{"rendered":"<p>Mini-Shooter-Gl\u00e4ser sind die perfekte Mischung aus Spa\u00df und Funktionalit\u00e4t und bieten eine wunderbare M\u00f6glichkeit, Ihre Lieblingslik\u00f6re in kleinen Dosen zu genie\u00dfen. Diese Gl\u00e4ser sind eine kleinere Version des klassischen Shooter-Glases und wurden f\u00fcr den kontrollierteren und eleganteren Genuss von Spirituosen entwickelt. Aufgrund ihrer kompakten Gr\u00f6\u00dfe eignen sie sich ideal f\u00fcr Verkostungen, sodass Sie eine Vielzahl von Getr\u00e4nken probieren k\u00f6nnen, ohne sich zu sehr darauf einzulassen. Ob f\u00fcr eine anspruchsvolle Spirituosenverkostung, ein zwangloses Beisammensein oder als Teil einer Hausbar-Kollektion \u2013 Mini-Shooter-Gl\u00e4ser verleihen jedem geselligen Beisammensein einen Hauch von Raffinesse.<\/p>","protected":false},"featured_media":4070,"comment_status":"closed","ping_status":"closed","template":"","meta":[],"class_list":["post-940","product","type-product","status-publish","has-post-thumbnail","hentry","product_cat-branded-glasses","product_cat-shot-glasses","product_tag-shot-glasses"],"_links":{"self":[{"href":"https:\/\/lidaglassware.com\/de\/wp-json\/wp\/v2\/product\/940","targetHints":{"allow":["GET"]}}],"collection":[{"href":"https:\/\/lidaglassware.com\/de\/wp-json\/wp\/v2\/product"}],"about":[{"href":"https:\/\/lidaglassware.com\/de\/wp-json\/wp\/v2\/types\/product"}],"replies":[{"embeddable":true,"href":"https:\/\/lidaglassware.com\/de\/wp-json\/wp\/v2\/comments?post=940"}],"wp:featuredmedia":[{"embeddable":true,"href":"https:\/\/lidaglassware.com\/de\/wp-json\/wp\/v2\/media\/4070"}],"wp:attachment":[{"href":"https:\/\/lidaglassware.com\/de\/wp-json\/wp\/v2\/media?parent=940"}],"curies":[{"name":"wp","href":"https:\/\/api.w.org\/{rel}","templated":true}]}}