{"id":941,"date":"2021-07-15T16:57:34","date_gmt":"2021-07-16T00:57:34","guid":{"rendered":"https:\/\/lidaglassware.com\/?post_type=product&#038;p=941"},"modified":"2024-01-15T22:28:20","modified_gmt":"2024-01-16T06:28:20","slug":"shot-glass-tankards-0-9oz-25ml","status":"publish","type":"product","link":"https:\/\/lidaglassware.com\/de\/produkt\/schnapsglaskruge-0-9oz-25ml\/","title":{"rendered":"Schnapsglas-Kr\u00fcge 0,9 oz\/25 ml"},"content":{"rendered":"<p>Der <span style=\"color: #000000;\"><a style=\"color: #000000;\" href=\"http:\/\/www.itsglassware.com\/product-category\/shot-glasses\/\" target=\"_blank\" rel=\"noopener\">Schnapsglas<\/a> <\/span>Humpen verleihen dem Servieren von Shots und Spirituosen ein traditionelles Aussehen. Mit ihrem miniaturisierten, traditionellen Bierkrug-Design bieten diese Mini-Kruggl\u00e4ser eine wirklich einzigartige M\u00f6glichkeit, Sch\u00fctzen zu servieren.<\/p>\n<p>Um ein unvergessliches Getr\u00e4nk zu erhalten, f\u00fcllen Sie es einfach mit Ihrer Lieblingsspirituose auf und servieren Sie es auf Partys.<\/p>","protected":false},"excerpt":{"rendered":"<p>Schnapsglaskr\u00fcge vereinen den Charme und die Robustheit traditioneller Kr\u00fcge mit der kompakten Gr\u00f6\u00dfe eines Schnapsglases und schaffen so eine einzigartige und k\u00f6stliche M\u00f6glichkeit, Ihre Lieblingsspirituosen zu genie\u00dfen. Diese Minikr\u00fcge, oft mit Henkel und stabiler Basis, bieten eine neuartige Variante des klassischen Schnapsglas-Designs. Perfekt f\u00fcr alle, die einen Hauch von altmodischem Stil in ihrem Trinkgeschirr sch\u00e4tzen. Diese Humpen eignen sich hervorragend f\u00fcr Mottopartys, als Sammlerst\u00fccke oder um Ihrem normalen Shot-Trinkerlebnis etwas Spa\u00df zu verleihen. Ihr unverwechselbares Design macht sie nicht nur zu einem Gespr\u00e4chsstoff, sondern bietet auch einen bequemen Griff, der das Vergn\u00fcgen Ihrer Aufnahmen steigert.<\/p>","protected":false},"featured_media":4069,"comment_status":"closed","ping_status":"closed","template":"","meta":[],"class_list":["post-941","product","type-product","status-publish","has-post-thumbnail","hentry","product_cat-shot-glasses","product_tag-glassware","product_tag-promotional-glassware","product_tag-shot-glasses"],"_links":{"self":[{"href":"https:\/\/lidaglassware.com\/de\/wp-json\/wp\/v2\/product\/941","targetHints":{"allow":["GET"]}}],"collection":[{"href":"https:\/\/lidaglassware.com\/de\/wp-json\/wp\/v2\/product"}],"about":[{"href":"https:\/\/lidaglassware.com\/de\/wp-json\/wp\/v2\/types\/product"}],"replies":[{"embeddable":true,"href":"https:\/\/lidaglassware.com\/de\/wp-json\/wp\/v2\/comments?post=941"}],"wp:featuredmedia":[{"embeddable":true,"href":"https:\/\/lidaglassware.com\/de\/wp-json\/wp\/v2\/media\/4069"}],"wp:attachment":[{"href":"https:\/\/lidaglassware.com\/de\/wp-json\/wp\/v2\/media?parent=941"}],"curies":[{"name":"wp","href":"https:\/\/api.w.org\/{rel}","templated":true}]}}