{"id":942,"date":"2021-07-15T16:57:34","date_gmt":"2021-07-16T00:57:34","guid":{"rendered":"https:\/\/lidaglassware.com\/?post_type=product&#038;p=942"},"modified":"2024-01-15T22:24:42","modified_gmt":"2024-01-16T06:24:42","slug":"wyborowa-shot-glasses-1-7oz-50ml","status":"publish","type":"product","link":"https:\/\/lidaglassware.com\/de\/produkt\/wyborowa-schnapsglaser-1-7oz-50ml\/","title":{"rendered":"WYBOROWA Schnapsgl\u00e4ser 1,7 oz\/50 ml"},"content":{"rendered":"<p>Diese WYBOROWA Schnapsgl\u00e4ser sind <a href=\"https:\/\/lidaglassware.com\/de\/customization\/\" target=\"_blank\" rel=\"noopener sponsored\">individuell angepasst<\/a> mit <span style=\"color: #000000;\">gebrandmarkt<\/span> Logo.<\/p>\n<p>Das sch\u00f6ne und kristallklare Design sorgt daf\u00fcr, dass Sie Ihre Weinzeit genie\u00dfen k\u00f6nnen. Ben\u00f6tigen Sie auch eine eigene Brille?<\/p>\n<p>Wir ben\u00f6tigen lediglich Ihre W\u00fcnsche bez\u00fcglich des Volumens und des von Ihnen bevorzugten Logos\/Monogramms. Wir unterbreiten Ihnen dann die einzigartigen Pl\u00e4ne Ihrer Wahl. Sie erhalten das besondere Erlebnis eines einfachen Kaufs und garantierter Qualit\u00e4t.<\/p>","protected":false},"excerpt":{"rendered":"<p>Schnapsgl\u00e4ser mit gepr\u00e4gtem Logo verleihen jeder Bar eine pers\u00f6nliche Note und kombinieren Funktionalit\u00e4t mit individuellem Flair. Diese Gl\u00e4ser sind nicht nur blo\u00dfe Gef\u00e4\u00dfe f\u00fcr Ihre Lieblingsspirituosen; Sie sind ein Statement f\u00fcr Stil und Individualit\u00e4t. Diese Schnapsgl\u00e4ser mit gepr\u00e4gten Logos sind ideal f\u00fcr Unternehmen, die ihr Barzubeh\u00f6r mit einem Branding versehen m\u00f6chten, f\u00fcr Veranstaltungen, die ein unvergessliches Andenken suchen, oder sogar als einzigartiges Geschenk und bieten sowohl Praktikabilit\u00e4t als auch eine pers\u00f6nliche Note. Das erhabene Design des Logos verleiht dem Erlebnis ein taktiles Element und macht jeden Schluck zu einer spannenderen Angelegenheit.<\/p>","protected":false},"featured_media":4068,"comment_status":"closed","ping_status":"closed","template":"","meta":[],"class_list":["post-942","product","type-product","status-publish","has-post-thumbnail","hentry","product_cat-branded-glasses","product_cat-shot-glasses"],"_links":{"self":[{"href":"https:\/\/lidaglassware.com\/de\/wp-json\/wp\/v2\/product\/942","targetHints":{"allow":["GET"]}}],"collection":[{"href":"https:\/\/lidaglassware.com\/de\/wp-json\/wp\/v2\/product"}],"about":[{"href":"https:\/\/lidaglassware.com\/de\/wp-json\/wp\/v2\/types\/product"}],"replies":[{"embeddable":true,"href":"https:\/\/lidaglassware.com\/de\/wp-json\/wp\/v2\/comments?post=942"}],"wp:featuredmedia":[{"embeddable":true,"href":"https:\/\/lidaglassware.com\/de\/wp-json\/wp\/v2\/media\/4068"}],"wp:attachment":[{"href":"https:\/\/lidaglassware.com\/de\/wp-json\/wp\/v2\/media?parent=942"}],"curies":[{"name":"wp","href":"https:\/\/api.w.org\/{rel}","templated":true}]}}