{"id":945,"date":"2021-07-15T16:57:34","date_gmt":"2021-07-16T00:57:34","guid":{"rendered":"https:\/\/lidaglassware.com\/?post_type=product&#038;p=945"},"modified":"2022-09-27T01:30:59","modified_gmt":"2022-09-27T09:30:59","slug":"colored-double-shot-glasses-2-1oz-60ml","status":"publish","type":"product","link":"https:\/\/lidaglassware.com\/de\/produkt\/colored-double-shot-glasses-2-1oz-60ml\/","title":{"rendered":"Farbige Doppel-Schnapsgl\u00e4ser, 60 ml"},"content":{"rendered":"<h2>Farbige Doppelschnapsgl\u00e4ser<\/h2>\n<p><span style=\"color: #333333;\">Der Doppelg\u00e4nger\u00a0<a style=\"color: #333333;\" href=\"http:\/\/www.itsglassware.com\/product-category\/shot-glasses\/\" target=\"_blank\" rel=\"noopener\">Schnapsgl\u00e4ser<\/a> widersprechen dem \u00fcblichen k\u00fcrzeren Schnapsglas-Design. Es f\u00fchrt das Highball-Element in die Welt der Sch\u00fctzen ein.<\/span><\/p>\n<p><span style=\"color: #333333;\">Dank des Fassungsverm\u00f6gens von 60 ml eignen sich die Schnapsgl\u00e4ser perfekt f\u00fcr Partys und eignen sich hervorragend f\u00fcr die Erstellung besonders gro\u00dfer Aufnahmen und sogar f\u00fcr visuelle Darstellungen mit mehrschichtigen Aufnahmen. Was auch immer Ihr Gift ist, das schwere Design der Double Shot Glasses stellt sicher, dass sie so viel Strafe aushalten, wie Sie servieren k\u00f6nnen!<\/span><\/p>\n<p><span style=\"color: #333333;\">Wir fertigen nach Ihren W\u00fcnschen verschiedene Farben. Auch das Logo ist auf beiden Seiten oder an unterschiedlichen Stellen m\u00f6glich.<\/span><\/p>\n<h4 id=\"firstHeading\" class=\"firstHeading\" lang=\"en\"><span style=\"color: #333333;\">Schnapsglas<\/span><\/h4>\n<div id=\"bodyContent\" class=\"mw-body-content\">\n<div id=\"siteSub\"><span style=\"color: #333333;\">Aus Wikipedia, der freien Enzyklop\u00e4die<\/span><\/div>\n<\/div>\n<p><span style=\"color: #333333;\">A <b>Schnapsglas<\/b> ist ein kleiner <a class=\"mw-redirect\" style=\"color: #333333;\" title=\"Glas (Trinkgeschirr)\" href=\"https:\/\/en.wikipedia.org\/wiki\/Glass_(drinkware)\" target=\"_blank\" rel=\"noopener\">Glas<\/a> Entwickelt zum Halten oder Messen <a style=\"color: #333333;\" title=\"Destilliertes Getr\u00e4nk\" href=\"https:\/\/en.wikipedia.org\/wiki\/Distilled_beverage\" target=\"_blank\" rel=\"noopener\">Spirituosen oder Spirituosen<\/a>, der entweder direkt aus dem Glas (\u201eein Shot\u201c) getrunken oder in ein Glas gegossen wird <a style=\"color: #333333;\" title=\"Cocktail\" href=\"https:\/\/en.wikipedia.org\/wiki\/Cocktail\" target=\"_blank\" rel=\"noopener\">Cocktail<\/a>. Ein \u201eSchuss\u201c Alkohol ist nicht dasselbe wie ein \u201e<a style=\"color: #333333;\" title=\"Shooter (Getr\u00e4nk)\" href=\"https:\/\/en.wikipedia.org\/wiki\/Shooter_(drink)\" target=\"_blank\" rel=\"noopener\">Sch\u00fctze<\/a>&#8220;.<\/span><\/p>\n<p><span style=\"color: #333333;\">Schnapsgl\u00e4ser sind mit den verschiedensten Motiven verziert <a style=\"color: #333333;\" title=\"Toast (Ehre)\" href=\"https:\/\/en.wikipedia.org\/wiki\/Toast_(honor)\" target=\"_blank\" rel=\"noopener\">Toasts<\/a>, Werbung und humorvolle Bilder<\/span>res sind beliebt <a title=\"Souvenir\" href=\"https:\/\/en.wikipedia.org\/wiki\/Souvenir\" target=\"_blank\" rel=\"noopener\">Souvenirs<\/a> Und <a title=\"Breweriana\" href=\"https:\/\/en.wikipedia.org\/wiki\/Breweriana\" target=\"_blank\" rel=\"noopener\">Sammlerst\u00fccke<\/a>.<\/p>","protected":false},"excerpt":{"rendered":"<p>Die eleganten, minimalistischen, geraden Seiten passen m\u00fchelos in jedes Barzubeh\u00f6r-Sortiment und machen sie zum idealen Schnapsglas f\u00fcr Ihre Vitrine.<\/p>","protected":false},"featured_media":1002,"comment_status":"closed","ping_status":"closed","template":"","meta":[],"class_list":["post-945","product","type-product","status-publish","has-post-thumbnail","hentry","product_cat-branded-glasses","product_cat-colored-glasses","product_cat-shot-glasses"],"_links":{"self":[{"href":"https:\/\/lidaglassware.com\/de\/wp-json\/wp\/v2\/product\/945","targetHints":{"allow":["GET"]}}],"collection":[{"href":"https:\/\/lidaglassware.com\/de\/wp-json\/wp\/v2\/product"}],"about":[{"href":"https:\/\/lidaglassware.com\/de\/wp-json\/wp\/v2\/types\/product"}],"replies":[{"embeddable":true,"href":"https:\/\/lidaglassware.com\/de\/wp-json\/wp\/v2\/comments?post=945"}],"wp:featuredmedia":[{"embeddable":true,"href":"https:\/\/lidaglassware.com\/de\/wp-json\/wp\/v2\/media\/1002"}],"wp:attachment":[{"href":"https:\/\/lidaglassware.com\/de\/wp-json\/wp\/v2\/media?parent=945"}],"curies":[{"name":"wp","href":"https:\/\/api.w.org\/{rel}","templated":true}]}}