{"id":950,"date":"2021-07-15T16:57:34","date_gmt":"2021-07-16T00:57:34","guid":{"rendered":"https:\/\/lidaglassware.com\/?post_type=product&#038;p=950"},"modified":"2022-09-27T16:39:46","modified_gmt":"2022-09-28T00:39:46","slug":"square-shot-glasses-2-1oz-60ml","status":"publish","type":"product","link":"https:\/\/lidaglassware.com\/de\/produkt\/quadratische-schnapsglaser-2-1oz-60ml\/","title":{"rendered":"Quadratische Schnapsgl\u00e4ser, 60 ml"},"content":{"rendered":"<h2>Quadratische Schnapsgl\u00e4ser 60 ml<\/h2>\n<p>&nbsp;<\/p>\n<p><span style=\"color: #000000;\">Dieser Platz <a style=\"color: #000000;\" href=\"http:\/\/www.itsglassware.com\/product-category\/shot-glasses\/\" target=\"_blank\" rel=\"noopener\">Schnapsgl\u00e4ser<\/a> sind bei normalen runden Brillen anders. Sie haben eine quadratische Form. Die Dicke betr\u00e4gt an der Ecke etwa 7 mm. Von oben leuchtet es wie Diamanten.<\/span><\/p>\n<p><span style=\"color: #000000;\">Logo wird ebenfalls dringend empfohlen. Beim Halten in den H\u00e4nden erinnert das schwere Gewicht an das Genie\u00dfen.<\/span><\/p>\n<p>&nbsp;<\/p>\n<p><span style=\"color: #000000;\">Aus WIKI<\/span><\/p>\n<p><span style=\"color: #000000;\">A <b>Schnapsglas<\/b> ist ein kleiner <a class=\"mw-redirect\" style=\"color: #000000;\" title=\"Glas (Trinkgeschirr)\" href=\"https:\/\/en.wikipedia.org\/wiki\/Glass_(drinkware)\" target=\"_blank\" rel=\"noopener\">Glas<\/a> Entwickelt zum Halten oder Messen <a style=\"color: #000000;\" title=\"Destilliertes Getr\u00e4nk\" href=\"https:\/\/en.wikipedia.org\/wiki\/Distilled_beverage\" target=\"_blank\" rel=\"noopener\">Spirituosen oder Spirituosen<\/a>, der entweder direkt aus dem Glas (\u201eein Shot\u201c) getrunken oder in ein Glas gegossen wird <a style=\"color: #000000;\" title=\"Cocktail\" href=\"https:\/\/en.wikipedia.org\/wiki\/Cocktail\" target=\"_blank\" rel=\"noopener\">Cocktail<\/a>. Ein \u201eSchuss\u201c Alkohol ist nicht dasselbe wie ein \u201e<a style=\"color: #000000;\" title=\"Shooter (Getr\u00e4nk)\" href=\"https:\/\/en.wikipedia.org\/wiki\/Shooter_(drink)\" target=\"_blank\" rel=\"noopener\">Sch\u00fctze<\/a>&#8220;.<\/span><\/p>\n<p><span style=\"color: #000000;\">Schnapsgl\u00e4ser sind mit den verschiedensten Motiven verziert <a style=\"color: #000000;\" title=\"Toast (Ehre)\" href=\"https:\/\/en.wikipedia.org\/wiki\/Toast_(honor)\" target=\"_blank\" rel=\"noopener\">Toasts<\/a>, Werbung und humorvolle Bilder sind beliebt <a style=\"color: #000000;\" title=\"Souvenir\" href=\"https:\/\/en.wikipedia.org\/wiki\/Souvenir\" target=\"_blank\" rel=\"noopener\">Souvenirs<\/a> Und <a style=\"color: #000000;\" title=\"Breweriana\" href=\"https:\/\/en.wikipedia.org\/wiki\/Breweriana\" target=\"_blank\" rel=\"noopener\">Sammlerst\u00fccke<\/a>.<\/span><\/p>","protected":false},"excerpt":{"rendered":"<p>Sehr klar, nur um es sich vorzustellen: Wenn man die Spirituosen oder Spirituosen in die Gl\u00e4ser gie\u00dft, was f\u00fcr eine gl\u00fcckliche Zeit, wenn man von unten nach oben trinkt!<\/p>","protected":false},"featured_media":1023,"comment_status":"closed","ping_status":"closed","template":"","meta":[],"class_list":["post-950","product","type-product","status-publish","has-post-thumbnail","hentry","product_cat-shot-glasses","product_tag-shot-glasses"],"_links":{"self":[{"href":"https:\/\/lidaglassware.com\/de\/wp-json\/wp\/v2\/product\/950","targetHints":{"allow":["GET"]}}],"collection":[{"href":"https:\/\/lidaglassware.com\/de\/wp-json\/wp\/v2\/product"}],"about":[{"href":"https:\/\/lidaglassware.com\/de\/wp-json\/wp\/v2\/types\/product"}],"replies":[{"embeddable":true,"href":"https:\/\/lidaglassware.com\/de\/wp-json\/wp\/v2\/comments?post=950"}],"wp:featuredmedia":[{"embeddable":true,"href":"https:\/\/lidaglassware.com\/de\/wp-json\/wp\/v2\/media\/1023"}],"wp:attachment":[{"href":"https:\/\/lidaglassware.com\/de\/wp-json\/wp\/v2\/media?parent=950"}],"curies":[{"name":"wp","href":"https:\/\/api.w.org\/{rel}","templated":true}]}}