{"id":953,"date":"2021-07-15T16:57:35","date_gmt":"2021-07-16T00:57:35","guid":{"rendered":"https:\/\/lidaglassware.com\/?post_type=product&#038;p=953"},"modified":"2021-07-20T17:47:18","modified_gmt":"2021-07-21T01:47:18","slug":"glass-votive-candle-holders-110ml","status":"publish","type":"product","link":"https:\/\/lidaglassware.com\/de\/produkt\/glass-votive-candle-holders-110ml\/","title":{"rendered":"Votivkerzenhalter aus Glas, 110 ml"},"content":{"rendered":"<h2>Votivkerzenhalter aus Glas, 110 ml<\/h2>\n<p>Ein gr\u00f6\u00dferer und beliebter Kerzenhalter aus Glas.<\/p>\n<p>Wenn Sie den normalen Markt f\u00fcr Kerzen schlagen wollen, m\u00fcssen Sie Ihre eigenen Kerzen f\u00fcr die Konkurrenz und f\u00fcr den Gewinn entwerfen. Wir sind hier und warten auf Sie, um zu erkennen, was Sie denken und was Sie brauchen.<\/p>\n<p>Wir haben verschiedene L\u00f6sungen f\u00fcr Sie. Einfach anrufen oder mailen!<\/p>","protected":false},"excerpt":{"rendered":"<p>Glass Votive Candle Holders 110ml A bigger and popular glass candle holders. If you want to beat the normal market of candle, you need to design your own for the competition, for the profit. We are here waiting for you, to realize what you think and what you need. We have different solutions for you. [&hellip;]<\/p>","protected":false},"featured_media":1035,"comment_status":"closed","ping_status":"closed","template":"","meta":[],"class_list":["post-953","product","type-product","status-publish","has-post-thumbnail","hentry","product_cat-glass-candle-holders"],"_links":{"self":[{"href":"https:\/\/lidaglassware.com\/de\/wp-json\/wp\/v2\/product\/953","targetHints":{"allow":["GET"]}}],"collection":[{"href":"https:\/\/lidaglassware.com\/de\/wp-json\/wp\/v2\/product"}],"about":[{"href":"https:\/\/lidaglassware.com\/de\/wp-json\/wp\/v2\/types\/product"}],"replies":[{"embeddable":true,"href":"https:\/\/lidaglassware.com\/de\/wp-json\/wp\/v2\/comments?post=953"}],"wp:featuredmedia":[{"embeddable":true,"href":"https:\/\/lidaglassware.com\/de\/wp-json\/wp\/v2\/media\/1035"}],"wp:attachment":[{"href":"https:\/\/lidaglassware.com\/de\/wp-json\/wp\/v2\/media?parent=953"}],"curies":[{"name":"wp","href":"https:\/\/api.w.org\/{rel}","templated":true}]}}