{"id":957,"date":"2021-07-15T16:57:35","date_gmt":"2021-07-16T00:57:35","guid":{"rendered":"https:\/\/lidaglassware.com\/?post_type=product&#038;p=957"},"modified":"2021-07-19T00:33:06","modified_gmt":"2021-07-19T08:33:06","slug":"rocks-tumblers-7oz-200ml","status":"publish","type":"product","link":"https:\/\/lidaglassware.com\/de\/produkt\/rocks-tumblers-7oz-200ml\/","title":{"rendered":"Rocks-Becher 7oz \/ 200ml"},"content":{"rendered":"<h2>Rocks-Becher 7oz \/ 200ml<\/h2>\n<p>Dieses Whiskyglas\/altmodische Glas wird durch maschinelles Pressen hergestellt, mit der Handwerkskunst wie Kristallglas. Es zeigt die \u00fcberragende Klarheit und einen feinen Rand. Sie k\u00f6nnen Ihre eigene Getr\u00e4nkepr\u00e4sentation durchf\u00fchren.<\/p>\n<p>Geeignet f\u00fcr den Einsatz in gewerblichen Umgebungen wie Restaurants, Pubs, Partys usw. Ich hoffe, Sie haben Spa\u00df mit diesen altmodischen Diamantbechern.<\/p>\n<p>&nbsp;<\/p>\n<div class=\"mw-body-content\">\n<div id=\"bodyContent\" class=\"mw-body-content\">\n<div id=\"mw-content-text\" class=\"mw-content-ltr\" dir=\"ltr\" lang=\"en\">\n<p>&nbsp;<\/p>\n<\/div>\n<\/div>\n<\/div>","protected":false},"excerpt":{"rendered":"<p>Ideal zum Servieren eines k\u00fchlen Whiskeys \u201eon the rocks\u201c. Diese 20-cl-Rocks-Becher werden als allt\u00e4gliches Trinkglas verwendet. Durch das klassische Design sind diese Becher ideal f\u00fcr eine schnelle und einfache Reinigung.<\/p>","protected":false},"featured_media":1052,"comment_status":"closed","ping_status":"closed","template":"","meta":[],"class_list":["post-957","product","type-product","status-publish","has-post-thumbnail","hentry","product_cat-whiskey-glasses","product_tag-whiskey-glass"],"_links":{"self":[{"href":"https:\/\/lidaglassware.com\/de\/wp-json\/wp\/v2\/product\/957","targetHints":{"allow":["GET"]}}],"collection":[{"href":"https:\/\/lidaglassware.com\/de\/wp-json\/wp\/v2\/product"}],"about":[{"href":"https:\/\/lidaglassware.com\/de\/wp-json\/wp\/v2\/types\/product"}],"replies":[{"embeddable":true,"href":"https:\/\/lidaglassware.com\/de\/wp-json\/wp\/v2\/comments?post=957"}],"wp:featuredmedia":[{"embeddable":true,"href":"https:\/\/lidaglassware.com\/de\/wp-json\/wp\/v2\/media\/1052"}],"wp:attachment":[{"href":"https:\/\/lidaglassware.com\/de\/wp-json\/wp\/v2\/media?parent=957"}],"curies":[{"name":"wp","href":"https:\/\/api.w.org\/{rel}","templated":true}]}}