{"id":963,"date":"2021-07-15T16:57:36","date_gmt":"2021-07-16T00:57:36","guid":{"rendered":"https:\/\/lidaglassware.com\/?post_type=product&#038;p=963"},"modified":"2021-07-20T17:46:53","modified_gmt":"2021-07-21T01:46:53","slug":"square-glass-votive-candle-holders","status":"publish","type":"product","link":"https:\/\/lidaglassware.com\/de\/produkt\/quadratische-votivkerzenhalter-aus-glas\/","title":{"rendered":"Quadratische Votivkerzenhalter aus Glas"},"content":{"rendered":"<h2>Quadratische Votivkerzenhalter aus Glas<\/h2>\n<p>Schaffen Sie eine fantastische Tischdekoration f\u00fcr Hochzeiten und Dinnerpartys oder erstrahlen Sie in wundersch\u00f6nem Licht, das eine elegante Atmosph\u00e4re in Ihren Schlafzimmern, Badezimmern oder \u00fcberall dort schafft, wo Sie den friedlichen, entspannenden Mondschein w\u00fcnschen, den nur Kerzenlicht bietet.<\/p>\n<p>Wenn Sie den normalen Markt f\u00fcr Kerzen schlagen wollen, m\u00fcssen Sie Ihre eigenen Kerzen f\u00fcr die Konkurrenz und f\u00fcr den Gewinn entwerfen. Wir sind hier und warten auf Sie, um zu erkennen, was Sie denken und was Sie brauchen.<\/p>\n<p>Wir haben verschiedene L\u00f6sungen f\u00fcr Sie. Einfach anrufen oder mailen!<\/p>","protected":false},"excerpt":{"rendered":"<p>Das klare Glas l\u00e4sst Kerzenlicht zu jedem Anlass ein bezauberndes Funkeln erzeugen.<\/p>","protected":false},"featured_media":1080,"comment_status":"closed","ping_status":"closed","template":"","meta":[],"class_list":["post-963","product","type-product","status-publish","has-post-thumbnail","hentry","product_cat-glass-candle-holders","product_tag-glass-candle-holder"],"_links":{"self":[{"href":"https:\/\/lidaglassware.com\/de\/wp-json\/wp\/v2\/product\/963","targetHints":{"allow":["GET"]}}],"collection":[{"href":"https:\/\/lidaglassware.com\/de\/wp-json\/wp\/v2\/product"}],"about":[{"href":"https:\/\/lidaglassware.com\/de\/wp-json\/wp\/v2\/types\/product"}],"replies":[{"embeddable":true,"href":"https:\/\/lidaglassware.com\/de\/wp-json\/wp\/v2\/comments?post=963"}],"wp:featuredmedia":[{"embeddable":true,"href":"https:\/\/lidaglassware.com\/de\/wp-json\/wp\/v2\/media\/1080"}],"wp:attachment":[{"href":"https:\/\/lidaglassware.com\/de\/wp-json\/wp\/v2\/media?parent=963"}],"curies":[{"name":"wp","href":"https:\/\/api.w.org\/{rel}","templated":true}]}}