{"id":985,"date":"2021-07-15T17:01:04","date_gmt":"2021-07-16T01:01:04","guid":{"rendered":"https:\/\/lidaglassware.com\/?post_type=product&#038;p=985"},"modified":"2021-07-19T00:40:57","modified_gmt":"2021-07-19T08:40:57","slug":"mini-glass-coffee-mug-4oz-120ml","status":"publish","type":"product","link":"https:\/\/lidaglassware.com\/de\/produkt\/mini-glass-coffee-mug-4oz-120ml\/","title":{"rendered":"Mini-Kaffeetasse aus Glas, 120 ml"},"content":{"rendered":"<h2>Mini-Kaffeetasse aus Glas, 120 ml<\/h2>\n<p>Das Schnapsglas aus Minibecherglas fasst etwa 110 ml Ihres Lieblingslik\u00f6rs. Sie sind bezaubernd und es macht Spa\u00df, daraus Kaffee zu trinken. Ein toller Gespr\u00e4chsstoff auf jeder Cocktailparty oder als Kaffee-Accessoire! Sie sind 2 Zoll gro\u00df und haben einen Munddurchmesser von 2,7 Zoll. Der niedliche kleine Tassengriff und das kreative Design dieses Schnapsglases sorgen auch f\u00fcr tolle Dekorationsst\u00fccke.<\/p>\n<p>Wann begann das letzte Mal eine tolle Geschichte damit, dass jemand einen Salat a\u00df? Dieses Mini-Kaffeeglas ist der perfekte Begleiter f\u00fcr jede Party!<\/p>\n<p>&nbsp;<\/p>\n<div class=\"mw-body-content\"><\/div>","protected":false},"excerpt":{"rendered":"<p>Wir empfehlen Ihnen, Ihre eigene Marke darauf zu erstellen! F\u00fcllen Sie jetzt Ihren Vorrat auf, damit Sie Brillen parat haben, mit denen Ihre Kunden zufrieden sind.<\/p>\n<p>&nbsp;<\/p>","protected":false},"featured_media":1111,"comment_status":"closed","ping_status":"closed","template":"","meta":[],"class_list":["post-985","product","type-product","status-publish","has-post-thumbnail","hentry","product_cat-coffee-glasses","product_tag-glass-coffee-mug"],"_links":{"self":[{"href":"https:\/\/lidaglassware.com\/de\/wp-json\/wp\/v2\/product\/985","targetHints":{"allow":["GET"]}}],"collection":[{"href":"https:\/\/lidaglassware.com\/de\/wp-json\/wp\/v2\/product"}],"about":[{"href":"https:\/\/lidaglassware.com\/de\/wp-json\/wp\/v2\/types\/product"}],"replies":[{"embeddable":true,"href":"https:\/\/lidaglassware.com\/de\/wp-json\/wp\/v2\/comments?post=985"}],"wp:featuredmedia":[{"embeddable":true,"href":"https:\/\/lidaglassware.com\/de\/wp-json\/wp\/v2\/media\/1111"}],"wp:attachment":[{"href":"https:\/\/lidaglassware.com\/de\/wp-json\/wp\/v2\/media?parent=985"}],"curies":[{"name":"wp","href":"https:\/\/api.w.org\/{rel}","templated":true}]}}