{"id":993,"date":"2021-07-15T17:02:22","date_gmt":"2021-07-16T01:02:22","guid":{"rendered":"https:\/\/lidaglassware.com\/?post_type=product&#038;p=993"},"modified":"2022-09-27T16:28:13","modified_gmt":"2022-09-28T00:28:13","slug":"hot-shot-glasses-1-2oz-35ml","status":"publish","type":"product","link":"https:\/\/lidaglassware.com\/de\/produkt\/hot-shot-glaser-1-2oz-35ml\/","title":{"rendered":"Hei\u00dfe Schnapsgl\u00e4ser 1,2 Unzen \/ 35 ml"},"content":{"rendered":"<h2>Hei\u00dfe Schnapsgl\u00e4ser 1,2 Unzen \/ 35 ml<\/h2>\n<p>Diese Schnapsgl\u00e4ser haben eine klassische geriffelte Shooter-Glasform und eignen sich perfekt f\u00fcr eine legale Abmessung Ihrer Lieblingsspirituose. Es ist nicht n\u00f6tig, mit verschiedenen Fingerhutma\u00dfen herumzufummeln, um einen exakten Schuss zu erzielen. Gie\u00dfen Sie einfach direkt in dieses Schnapsglas mit schwerem Boden, um einen einzelnen Schuss zu servieren.<\/p>\n<p>Diese City-Schnapsgl\u00e4ser sind ideal f\u00fcr alle Spirituosen und der perfekte Party-Starter. Dieses Design bietet ein stilvolleres Glas mit einer breiten Oberseite und einem dicken, schweren Boden, der Ihren Getr\u00e4nken einen gewagten Look verleiht.<\/p>\n<p>&nbsp;<\/p>\n<h1 id=\"firstHeading\" class=\"firstHeading\" lang=\"en\"><span style=\"color: #000000;\">Schnapsglas<\/span><\/h1>\n<div id=\"bodyContent\" class=\"mw-body-content\">\n<div id=\"siteSub\"><span style=\"color: #000000;\">Aus Wikipedia, der freien Enzyklop\u00e4die<\/span><\/div>\n<div id=\"contentSub\"><\/div>\n<div id=\"jump-to-nav\" class=\"mw-jump\"><\/div>\n<div id=\"mw-content-text\" class=\"mw-content-ltr\" dir=\"ltr\" lang=\"en\">\n<div class=\"thumb tright\">\n<div class=\"thumbinner\">\n<p><span style=\"color: #000000;\"><a class=\"image\" style=\"color: #000000;\" href=\"https:\/\/en.wikipedia.org\/wiki\/File:Three_shotglasses.jpg\" target=\"_blank\" rel=\"noopener\"><img decoding=\"async\" class=\"thumbimage\" src=\"https:\/\/upload.wikimedia.org\/wikipedia\/commons\/thumb\/f\/fb\/Three_shotglasses.jpg\/220px-Three_shotglasses.jpg\" srcset=\"\/\/upload.wikimedia.org\/wikipedia\/commons\/thumb\/f\/fb\/Three_shotglasses.jpg\/330px-Three_shotglasses.jpg 1.5x, \/\/upload.wikimedia.org\/wikipedia\/commons\/thumb\/f\/fb\/Three_shotglasses.jpg\/440px-Three_shotglasses.jpg 2x\" alt=\"\" width=\"220\" height=\"174\" data-file-width=\"3136\" data-file-height=\"2480\"><\/a><\/span><\/p>\n<div class=\"thumbcaption\">\n<div class=\"magnify\"><\/div>\n<p><span style=\"color: #000000;\">Drei Schnapsgl\u00e4ser unterschiedlicher Form und Gr\u00f6\u00dfe<\/span><\/p>\n<\/div>\n<\/div>\n<\/div>\n<div class=\"thumb tright\">\n<div class=\"thumbinner\">\n<p><span style=\"color: #000000;\"><a class=\"image\" style=\"color: #000000;\" href=\"https:\/\/en.wikipedia.org\/wiki\/File:Novelty_Shot_Glasses.JPG\" target=\"_blank\" rel=\"noopener\"><img decoding=\"async\" class=\"thumbimage\" src=\"https:\/\/upload.wikimedia.org\/wikipedia\/commons\/thumb\/0\/0b\/Novelty_Shot_Glasses.JPG\/220px-Novelty_Shot_Glasses.JPG\" srcset=\"\/\/upload.wikimedia.org\/wikipedia\/commons\/thumb\/0\/0b\/Novelty_Shot_Glasses.JPG\/330px-Novelty_Shot_Glasses.JPG 1.5x, \/\/upload.wikimedia.org\/wikipedia\/commons\/thumb\/0\/0b\/Novelty_Shot_Glasses.JPG\/440px-Novelty_Shot_Glasses.JPG 2x\" alt=\"\" width=\"220\" height=\"121\" data-file-width=\"3048\" data-file-height=\"1683\"><\/a><\/span><\/p>\n<div class=\"thumbcaption\">\n<div class=\"magnify\"><\/div>\n<p><span style=\"color: #000000;\">Schnapsgl\u00e4ser in verschiedenen Designs. Schnapsgl\u00e4ser wie diese werden oft als Neuheitsartikel gesammelt.<\/span><\/p>\n<\/div>\n<\/div>\n<\/div>\n<p><span style=\"color: #000000;\">A <b>Schnapsglas<\/b> ist ein kleiner <a class=\"mw-redirect\" style=\"color: #000000;\" title=\"Glas (Trinkgeschirr)\" href=\"https:\/\/en.wikipedia.org\/wiki\/Glass_(drinkware)\" target=\"_blank\" rel=\"noopener\">Glas<\/a> Entwickelt zum Halten oder Messen <a style=\"color: #000000;\" title=\"Destilliertes Getr\u00e4nk\" href=\"https:\/\/en.wikipedia.org\/wiki\/Distilled_beverage\" target=\"_blank\" rel=\"noopener\">Spirituosen oder Spirituosen<\/a>, der entweder direkt aus dem Glas (\u201eein Shot\u201c) getrunken oder in ein Glas gegossen wird <a style=\"color: #000000;\" title=\"Cocktail\" href=\"https:\/\/en.wikipedia.org\/wiki\/Cocktail\" target=\"_blank\" rel=\"noopener\">Cocktail<\/a>. Ein \u201eSchuss\u201c Alkohol ist nicht dasselbe wie ein \u201e<a style=\"color: #000000;\" title=\"Shooter (Getr\u00e4nk)\" href=\"https:\/\/en.wikipedia.org\/wiki\/Shooter_(drink)\" target=\"_blank\" rel=\"noopener\">Sch\u00fctze<\/a>&#8220;.<\/span><\/p>\n<p><span style=\"color: #000000;\">Schnapsgl\u00e4ser sind mit den verschiedensten Motiven verziert <a style=\"color: #000000;\" title=\"Toast (Ehre)\" href=\"https:\/\/en.wikipedia.org\/wiki\/Toast_(honor)\" target=\"_blank\" rel=\"noopener\">Toasts<\/a>, Werbung und humorvolle Bilder sind beliebt <a style=\"color: #000000;\" title=\"Souvenir\" href=\"https:\/\/en.wikipedia.org\/wiki\/Souvenir\" target=\"_blank\" rel=\"noopener\">Souvenirs<\/a> Und <a style=\"color: #000000;\" title=\"Breweriana\" href=\"https:\/\/en.wikipedia.org\/wiki\/Breweriana\" target=\"_blank\" rel=\"noopener\">Sammlerst\u00fccke<\/a>.<\/span><\/p>\n<\/div>\n<\/div>","protected":false},"excerpt":{"rendered":"<p>Hot Shot Glasses 1.2oz \/ 35ml This Shot Glasses offer a classic fluted shooter glass shape perfect for a legal measure of your favourite spirit. There&#8217;s no need to fiddle around with various thimble measures trying to get an exact shot, just pour straight in to this heavy-based shot glass to serve a single shot. [&hellip;]<\/p>","protected":false},"featured_media":1119,"comment_status":"closed","ping_status":"closed","template":"","meta":[],"class_list":["post-993","product","type-product","status-publish","has-post-thumbnail","hentry","product_cat-shot-glasses","product_tag-shot-glasses"],"_links":{"self":[{"href":"https:\/\/lidaglassware.com\/de\/wp-json\/wp\/v2\/product\/993","targetHints":{"allow":["GET"]}}],"collection":[{"href":"https:\/\/lidaglassware.com\/de\/wp-json\/wp\/v2\/product"}],"about":[{"href":"https:\/\/lidaglassware.com\/de\/wp-json\/wp\/v2\/types\/product"}],"replies":[{"embeddable":true,"href":"https:\/\/lidaglassware.com\/de\/wp-json\/wp\/v2\/comments?post=993"}],"wp:featuredmedia":[{"embeddable":true,"href":"https:\/\/lidaglassware.com\/de\/wp-json\/wp\/v2\/media\/1119"}],"wp:attachment":[{"href":"https:\/\/lidaglassware.com\/de\/wp-json\/wp\/v2\/media?parent=993"}],"curies":[{"name":"wp","href":"https:\/\/api.w.org\/{rel}","templated":true}]}}