{"id":2509,"date":"2023-08-31T01:57:06","date_gmt":"2023-08-31T09:57:06","guid":{"rendered":"https:\/\/lidaglassware.com\/?page_id=2509"},"modified":"2024-04-02T01:16:30","modified_gmt":"2024-04-02T09:16:30","slug":"research-development","status":"publish","type":"page","link":"https:\/\/lidaglassware.com\/es\/research-development\/","title":{"rendered":"Investigaci\u00f3n y desarrollo"},"content":{"rendered":"<div data-elementor-type=\"wp-page\" data-elementor-id=\"2509\" class=\"elementor elementor-2509\" data-elementor-post-type=\"page\">\n\t\t\t\t<div class=\"elementor-element elementor-element-777c8847 e-con-full e-flex e-con e-parent\" data-id=\"777c8847\" data-element_type=\"container\" data-settings=\"{&quot;background_background&quot;:&quot;classic&quot;}\">\n\t\t<div class=\"elementor-element elementor-element-2ef0e1be e-flex e-con-boxed e-con e-child\" data-id=\"2ef0e1be\" data-element_type=\"container\">\n\t\t\t\t\t<div class=\"e-con-inner\">\n\t\t\t\t<div class=\"elementor-element elementor-element-ee401e2 elementor-widget elementor-widget-heading\" data-id=\"ee401e2\" data-element_type=\"widget\" data-widget_type=\"heading.default\">\n\t\t\t\t<div class=\"elementor-widget-container\">\n\t\t\t<h1 class=\"elementor-heading-title elementor-size-default\">Investigaci\u00f3n y desarrollo en todos los aspectos<\/h1>\t\t<\/div>\n\t\t\t\t<\/div>\n\t\t\t\t\t<\/div>\n\t\t\t\t<\/div>\n\t\t\t\t<div class=\"elementor-element elementor-element-4488e1a6 elementor-widget elementor-widget-text-editor\" data-id=\"4488e1a6\" data-element_type=\"widget\" data-widget_type=\"text-editor.default\">\n\t\t\t\t<div class=\"elementor-widget-container\">\n\t\t\t\t\t\t\t<p>Mejorar las respuestas de hoy y anticipar las necesidades del ma\u00f1ana.<\/p>\t\t\t\t\t\t<\/div>\n\t\t\t\t<\/div>\n\t\t\t\t<div class=\"elementor-element elementor-element-27c9deb7 elementor-widget elementor-widget-woocommerce-breadcrumb\" data-id=\"27c9deb7\" data-element_type=\"widget\" data-widget_type=\"woocommerce-breadcrumb.default\">\n\t\t\t\t<div class=\"elementor-widget-container\">\n\t\t\t<nav class=\"woocommerce-breadcrumb\" data-no-translation=\"\" data-trp-gettext=\"\">Inicio<\/nav>\t\t<\/div>\n\t\t\t\t<\/div>\n\t\t\t\t<\/div>\n\t\t<div class=\"elementor-element elementor-element-c975448 e-flex e-con-boxed e-con e-parent\" data-id=\"c975448\" data-element_type=\"container\">\n\t\t\t\t\t<div class=\"e-con-inner\">\n\t\t\t\t<div class=\"elementor-element elementor-element-bebb6ad elementor-widget elementor-widget-heading\" data-id=\"bebb6ad\" data-element_type=\"widget\" data-widget_type=\"heading.default\">\n\t\t\t\t<div class=\"elementor-widget-container\">\n\t\t\t<h2 class=\"elementor-heading-title elementor-size-default\">I+D de Lida: Seguimiento de cambios con enfoque en el impacto a medio y largo plazo<\/h2>\t\t<\/div>\n\t\t\t\t<\/div>\n\t\t\t\t\t<\/div>\n\t\t\t\t<\/div>\n\t\t<div class=\"elementor-element elementor-element-f5e908b e-flex e-con-boxed e-con e-parent\" data-id=\"f5e908b\" data-element_type=\"container\">\n\t\t\t\t\t<div class=\"e-con-inner\">\n\t\t<div class=\"elementor-element elementor-element-585ac5d e-con-full e-flex e-con e-child\" data-id=\"585ac5d\" data-element_type=\"container\">\n\t\t\t\t<div class=\"elementor-element elementor-element-c38a76c elementor-widget elementor-widget-image\" data-id=\"c38a76c\" data-element_type=\"widget\" data-widget_type=\"image.default\">\n\t\t\t\t<div class=\"elementor-widget-container\">\n\t\t\t\t\t\t\t\t\t\t\t\t\t<img fetchpriority=\"high\" decoding=\"async\" width=\"800\" height=\"534\" src=\"https:\/\/lidaglassware.com\/wp-content\/uploads\/2023\/08\/R-and-D-from-Pixabay-1024x684.jpg\" class=\"attachment-large size-large wp-image-2483\" alt=\"I+D de Pixabay\" srcset=\"https:\/\/lidaglassware.com\/wp-content\/uploads\/2023\/08\/R-and-D-from-Pixabay-1024x684.jpg 1024w, https:\/\/lidaglassware.com\/wp-content\/uploads\/2023\/08\/R-and-D-from-Pixabay-300x200.jpg 300w, https:\/\/lidaglassware.com\/wp-content\/uploads\/2023\/08\/R-and-D-from-Pixabay-768x513.jpg 768w, https:\/\/lidaglassware.com\/wp-content\/uploads\/2023\/08\/R-and-D-from-Pixabay-1536x1026.jpg 1536w, https:\/\/lidaglassware.com\/wp-content\/uploads\/2023\/08\/R-and-D-from-Pixabay-600x401.jpg 600w, https:\/\/lidaglassware.com\/wp-content\/uploads\/2023\/08\/R-and-D-from-Pixabay.jpg 1920w\" sizes=\"(max-width: 800px) 100vw, 800px\" \/>\t\t\t\t\t\t\t\t\t\t\t\t\t<\/div>\n\t\t\t\t<\/div>\n\t\t\t\t<\/div>\n\t\t<div class=\"elementor-element elementor-element-8432289 e-con-full e-flex e-con e-child\" data-id=\"8432289\" data-element_type=\"container\">\n\t\t\t\t<div class=\"elementor-element elementor-element-75628ae elementor-widget elementor-widget-text-editor\" data-id=\"75628ae\" data-element_type=\"widget\" data-widget_type=\"text-editor.default\">\n\t\t\t\t<div class=\"elementor-widget-container\">\n\t\t\t\t\t\t\t<p>Contamos con un sistema s\u00f3lido para el desarrollo r\u00e1pido de vasos de vidrio y, s\u00ed, tambi\u00e9n tenemos todo un departamento de I+D. Nuestro principal enfoque en I+D es observar las tendencias globales en la industria de la cristaler\u00eda y combinarlas con estrategias de entrada al mercado para nuestros clientes.<\/p><p>Esto nos permite mezclar y combinar <a href=\"https:\/\/lidaglassware.com\/es\/glassware-manufacturing\/\" target=\"_blank\" rel=\"nofollow noopener\"><span style=\"text-decoration: underline;\">nuestra tecnolog\u00eda de fabricaci\u00f3n<\/span><\/a> e ideas con lo que est\u00e1 de moda, trabajando en equipo para fabricar productos de vidrio que realmente se pongan de moda. Adem\u00e1s, nuestra I+D se vuelve a\u00fan mejor y m\u00e1s eficiente al adoptar diferentes perspectivas y difundir nuevos hallazgos en todos los \u00e1mbitos.<\/p>\t\t\t\t\t\t<\/div>\n\t\t\t\t<\/div>\n\t\t\t\t<\/div>\n\t\t\t\t\t<\/div>\n\t\t\t\t<\/div>\n\t\t<div class=\"elementor-element elementor-element-7ab23e7 e-flex e-con-boxed e-con e-parent\" data-id=\"7ab23e7\" data-element_type=\"container\" data-settings=\"{&quot;background_background&quot;:&quot;classic&quot;}\">\n\t\t\t\t\t<div class=\"e-con-inner\">\n\t\t\t\t<div class=\"elementor-element elementor-element-a3ac3b4 elementor-widget elementor-widget-heading\" data-id=\"a3ac3b4\" data-element_type=\"widget\" data-widget_type=\"heading.default\">\n\t\t\t\t<div class=\"elementor-widget-container\">\n\t\t\t<h2 class=\"elementor-heading-title elementor-size-default\">nuestra experiencia<\/h2>\t\t<\/div>\n\t\t\t\t<\/div>\n\t\t\t\t<div class=\"elementor-element elementor-element-2061239 elementor-widget elementor-widget-heading\" data-id=\"2061239\" data-element_type=\"widget\" data-widget_type=\"heading.default\">\n\t\t\t\t<div class=\"elementor-widget-container\">\n\t\t\t<h2 class=\"elementor-heading-title elementor-size-default\">Dominio en todo el ciclo de vida del desarrollo<\/h2>\t\t<\/div>\n\t\t\t\t<\/div>\n\t\t\t\t\t<\/div>\n\t\t\t\t<\/div>\n\t\t<div class=\"elementor-element elementor-element-104aaf6 e-flex e-con-boxed e-con e-parent\" data-id=\"104aaf6\" data-element_type=\"container\" data-settings=\"{&quot;background_background&quot;:&quot;classic&quot;}\">\n\t\t\t\t\t<div class=\"e-con-inner\">\n\t\t<div class=\"elementor-element elementor-element-6d08a64 e-con-full e-flex e-con e-child\" data-id=\"6d08a64\" data-element_type=\"container\">\n\t\t\t\t<div class=\"elementor-element elementor-element-cc5d152 elementor-widget elementor-widget-icon-box\" data-id=\"cc5d152\" data-element_type=\"widget\" data-widget_type=\"icon-box.default\">\n\t\t\t\t<div class=\"elementor-widget-container\">\n\t\t\t\t\t<div class=\"elementor-icon-box-wrapper\">\n\n\t\t\t\n\t\t\t\t\t\t<div class=\"elementor-icon-box-content\">\n\n\t\t\t\t\t\t\t\t\t<h3 class=\"elementor-icon-box-title\">\n\t\t\t\t\t\t<span  >\n\t\t\t\t\t\t\tPerspectivas profundas de la industria y el mercado\t\t\t\t\t\t<\/span>\n\t\t\t\t\t<\/h3>\n\t\t\t\t\n\t\t\t\t\t\t\t\t\t<p class=\"elementor-icon-box-description\">\n\t\t\t\t\t\tCon m\u00e1s de 30 a\u00f1os a sus espaldas, Lida aporta una gran experiencia para afrontar cualquier desaf\u00edo que pueda tener. Ya sea que se trate de realizar un estudio de mercado en profundidad para impulsar sus promociones, asesorarle sobre las mejores opciones de cristaler\u00eda o realizar cualquier otra tarea especializada que necesite, tenemos el conocimiento para hacerlo realidad.\t\t\t\t\t<\/p>\n\t\t\t\t\n\t\t\t<\/div>\n\t\t\t\n\t\t<\/div>\n\t\t\t\t<\/div>\n\t\t\t\t<\/div>\n\t\t\t\t<\/div>\n\t\t<div class=\"elementor-element elementor-element-fbd7f26 e-con-full e-flex e-con e-child\" data-id=\"fbd7f26\" data-element_type=\"container\">\n\t\t\t\t<div class=\"elementor-element elementor-element-50ae9d4 elementor-widget elementor-widget-icon-box\" data-id=\"50ae9d4\" data-element_type=\"widget\" data-widget_type=\"icon-box.default\">\n\t\t\t\t<div class=\"elementor-widget-container\">\n\t\t\t\t\t<div class=\"elementor-icon-box-wrapper\">\n\n\t\t\t\n\t\t\t\t\t\t<div class=\"elementor-icon-box-content\">\n\n\t\t\t\t\t\t\t\t\t<h3 class=\"elementor-icon-box-title\">\n\t\t\t\t\t\t<span  >\n\t\t\t\t\t\t\tSoporte t\u00e9cnico a gran escala\t\t\t\t\t\t<\/span>\n\t\t\t\t\t<\/h3>\n\t\t\t\t\n\t\t\t\t\t\t\t\t\t<p class=\"elementor-icon-box-description\">\n\t\t\t\t\t\tNuestro equipo de ingenier\u00eda no s\u00f3lo conoce la tecnolog\u00eda; ellos tambi\u00e9n entienden el mercado. Se trata de fabricar vasos de primera categor\u00eda que cumplan todos los requisitos para usted. Combinamos funcionalidad, color y materiales para crear soluciones avanzadas que hagan brillar su marca. Adem\u00e1s, contamos con medidas de protecci\u00f3n inteligentes para mejorar nuestro juego y el tuyo.\t\t\t\t\t<\/p>\n\t\t\t\t\n\t\t\t<\/div>\n\t\t\t\n\t\t<\/div>\n\t\t\t\t<\/div>\n\t\t\t\t<\/div>\n\t\t\t\t<\/div>\n\t\t\t\t\t<\/div>\n\t\t\t\t<\/div>\n\t\t<div class=\"elementor-element elementor-element-42d36c0 e-flex e-con-boxed e-con e-parent\" data-id=\"42d36c0\" data-element_type=\"container\" data-settings=\"{&quot;background_background&quot;:&quot;classic&quot;}\">\n\t\t\t\t\t<div class=\"e-con-inner\">\n\t\t<div class=\"elementor-element elementor-element-922ca60 e-con-full e-flex e-con e-child\" data-id=\"922ca60\" data-element_type=\"container\">\n\t\t\t\t<div class=\"elementor-element elementor-element-3def337 elementor-widget elementor-widget-image\" data-id=\"3def337\" data-element_type=\"widget\" data-widget_type=\"image.default\">\n\t\t\t\t<div class=\"elementor-widget-container\">\n\t\t\t\t\t\t\t\t\t\t\t\t\t<img decoding=\"async\" width=\"800\" height=\"534\" src=\"https:\/\/lidaglassware.com\/wp-content\/uploads\/2023\/11\/Lab-and-Research-Centre-1024x684.jpg\" class=\"attachment-large size-large wp-image-3741\" alt=\"Laboratorio y centro de investigaci\u00f3n\" srcset=\"https:\/\/lidaglassware.com\/wp-content\/uploads\/2023\/11\/Lab-and-Research-Centre-1024x684.jpg 1024w, https:\/\/lidaglassware.com\/wp-content\/uploads\/2023\/11\/Lab-and-Research-Centre-300x200.jpg 300w, https:\/\/lidaglassware.com\/wp-content\/uploads\/2023\/11\/Lab-and-Research-Centre-768x513.jpg 768w, https:\/\/lidaglassware.com\/wp-content\/uploads\/2023\/11\/Lab-and-Research-Centre-1536x1026.jpg 1536w, https:\/\/lidaglassware.com\/wp-content\/uploads\/2023\/11\/Lab-and-Research-Centre-600x401.jpg 600w, https:\/\/lidaglassware.com\/wp-content\/uploads\/2023\/11\/Lab-and-Research-Centre.jpg 1920w\" sizes=\"(max-width: 800px) 100vw, 800px\" \/>\t\t\t\t\t\t\t\t\t\t\t\t\t<\/div>\n\t\t\t\t<\/div>\n\t\t\t\t<div class=\"elementor-element elementor-element-6c1f73a elementor-widget elementor-widget-heading\" data-id=\"6c1f73a\" data-element_type=\"widget\" data-widget_type=\"heading.default\">\n\t\t\t\t<div class=\"elementor-widget-container\">\n\t\t\t<h2 class=\"elementor-heading-title elementor-size-default\">Instalaciones del laboratorio de investigaci\u00f3n<\/h2>\t\t<\/div>\n\t\t\t\t<\/div>\n\t\t\t\t<\/div>\n\t\t<div class=\"elementor-element elementor-element-ea24cb8 e-con-full e-flex e-con e-child\" data-id=\"ea24cb8\" data-element_type=\"container\">\n\t\t\t\t<div class=\"elementor-element elementor-element-c861b24 elementor-widget elementor-widget-image\" data-id=\"c861b24\" data-element_type=\"widget\" data-widget_type=\"image.default\">\n\t\t\t\t<div class=\"elementor-widget-container\">\n\t\t\t\t\t\t\t\t\t\t\t\t\t<img decoding=\"async\" width=\"800\" height=\"534\" src=\"https:\/\/lidaglassware.com\/wp-content\/uploads\/2023\/11\/Certificates-1024x684.jpg\" class=\"attachment-large size-large wp-image-3742\" alt=\"Certificados\" srcset=\"https:\/\/lidaglassware.com\/wp-content\/uploads\/2023\/11\/Certificates-1024x684.jpg 1024w, https:\/\/lidaglassware.com\/wp-content\/uploads\/2023\/11\/Certificates-300x200.jpg 300w, https:\/\/lidaglassware.com\/wp-content\/uploads\/2023\/11\/Certificates-768x513.jpg 768w, https:\/\/lidaglassware.com\/wp-content\/uploads\/2023\/11\/Certificates-1536x1026.jpg 1536w, https:\/\/lidaglassware.com\/wp-content\/uploads\/2023\/11\/Certificates-600x401.jpg 600w, https:\/\/lidaglassware.com\/wp-content\/uploads\/2023\/11\/Certificates.jpg 1920w\" sizes=\"(max-width: 800px) 100vw, 800px\" \/>\t\t\t\t\t\t\t\t\t\t\t\t\t<\/div>\n\t\t\t\t<\/div>\n\t\t\t\t<div class=\"elementor-element elementor-element-ed1b707 elementor-widget elementor-widget-heading\" data-id=\"ed1b707\" data-element_type=\"widget\" data-widget_type=\"heading.default\">\n\t\t\t\t<div class=\"elementor-widget-container\">\n\t\t\t<h2 class=\"elementor-heading-title elementor-size-default\">Patentes de productos y tecnolog\u00eda<\/h2>\t\t<\/div>\n\t\t\t\t<\/div>\n\t\t\t\t<\/div>\n\t\t\t\t\t<\/div>\n\t\t\t\t<\/div>\n\t\t<div class=\"elementor-element elementor-element-0bee9a5 e-flex e-con-boxed e-con e-parent\" data-id=\"0bee9a5\" data-element_type=\"container\" data-settings=\"{&quot;background_background&quot;:&quot;classic&quot;}\">\n\t\t\t\t\t<div class=\"e-con-inner\">\n\t\t<div class=\"elementor-element elementor-element-6b1a41a e-con-full e-flex e-con e-child\" data-id=\"6b1a41a\" data-element_type=\"container\">\n\t\t\t\t<div class=\"elementor-element elementor-element-2a0bae9 elementor-widget elementor-widget-image\" data-id=\"2a0bae9\" data-element_type=\"widget\" data-widget_type=\"image.default\">\n\t\t\t\t<div class=\"elementor-widget-container\">\n\t\t\t\t\t\t\t\t\t\t\t\t\t<img loading=\"lazy\" decoding=\"async\" width=\"800\" height=\"534\" src=\"https:\/\/lidaglassware.com\/wp-content\/uploads\/2023\/11\/Our-Factory-1024x684.jpg\" class=\"attachment-large size-large wp-image-3747\" alt=\"Nuestra f\u00e1brica\" srcset=\"https:\/\/lidaglassware.com\/wp-content\/uploads\/2023\/11\/Our-Factory-1024x684.jpg 1024w, https:\/\/lidaglassware.com\/wp-content\/uploads\/2023\/11\/Our-Factory-300x200.jpg 300w, https:\/\/lidaglassware.com\/wp-content\/uploads\/2023\/11\/Our-Factory-768x513.jpg 768w, https:\/\/lidaglassware.com\/wp-content\/uploads\/2023\/11\/Our-Factory-1536x1026.jpg 1536w, https:\/\/lidaglassware.com\/wp-content\/uploads\/2023\/11\/Our-Factory-600x401.jpg 600w, https:\/\/lidaglassware.com\/wp-content\/uploads\/2023\/11\/Our-Factory.jpg 1920w\" sizes=\"(max-width: 800px) 100vw, 800px\" \/>\t\t\t\t\t\t\t\t\t\t\t\t\t<\/div>\n\t\t\t\t<\/div>\n\t\t\t\t<div class=\"elementor-element elementor-element-502d8e2 elementor-widget elementor-widget-heading\" data-id=\"502d8e2\" data-element_type=\"widget\" data-widget_type=\"heading.default\">\n\t\t\t\t<div class=\"elementor-widget-container\">\n\t\t\t<h2 class=\"elementor-heading-title elementor-size-default\">Nuestro Presente<\/h2>\t\t<\/div>\n\t\t\t\t<\/div>\n\t\t\t\t<\/div>\n\t\t<div class=\"elementor-element elementor-element-1a8284c e-con-full e-flex e-con e-child\" data-id=\"1a8284c\" data-element_type=\"container\">\n\t\t\t\t<div class=\"elementor-element elementor-element-ed338b4 elementor-widget elementor-widget-image\" data-id=\"ed338b4\" data-element_type=\"widget\" data-widget_type=\"image.default\">\n\t\t\t\t<div class=\"elementor-widget-container\">\n\t\t\t\t\t\t\t\t\t\t\t\t\t<img loading=\"lazy\" decoding=\"async\" width=\"800\" height=\"534\" src=\"https:\/\/lidaglassware.com\/wp-content\/uploads\/2023\/11\/Our-Future-Development-1024x684.jpg\" class=\"attachment-large size-large wp-image-3748\" alt=\"\" srcset=\"https:\/\/lidaglassware.com\/wp-content\/uploads\/2023\/11\/Our-Future-Development-1024x684.jpg 1024w, https:\/\/lidaglassware.com\/wp-content\/uploads\/2023\/11\/Our-Future-Development-300x200.jpg 300w, https:\/\/lidaglassware.com\/wp-content\/uploads\/2023\/11\/Our-Future-Development-768x513.jpg 768w, https:\/\/lidaglassware.com\/wp-content\/uploads\/2023\/11\/Our-Future-Development-1536x1026.jpg 1536w, https:\/\/lidaglassware.com\/wp-content\/uploads\/2023\/11\/Our-Future-Development-600x401.jpg 600w, https:\/\/lidaglassware.com\/wp-content\/uploads\/2023\/11\/Our-Future-Development.jpg 1920w\" sizes=\"(max-width: 800px) 100vw, 800px\">\t\t\t\t\t\t\t\t\t\t\t\t\t<\/div>\n\t\t\t\t<\/div>\n\t\t\t\t<div class=\"elementor-element elementor-element-032ee3e elementor-widget elementor-widget-heading\" data-id=\"032ee3e\" data-element_type=\"widget\" data-widget_type=\"heading.default\">\n\t\t\t\t<div class=\"elementor-widget-container\">\n\t\t\t<h2 class=\"elementor-heading-title elementor-size-default\">Nuestro futuro<\/h2>\t\t<\/div>\n\t\t\t\t<\/div>\n\t\t\t\t<\/div>\n\t\t\t\t\t<\/div>\n\t\t\t\t<\/div>\n\t\t<div class=\"elementor-element elementor-element-7bc28a35 e-flex e-con-boxed e-con e-parent\" data-id=\"7bc28a35\" data-element_type=\"container\" data-settings=\"{&quot;background_background&quot;:&quot;classic&quot;}\">\n\t\t\t\t\t<div class=\"e-con-inner\">\n\t\t<div class=\"elementor-element elementor-element-31bcf044 e-flex e-con-boxed e-con e-child\" data-id=\"31bcf044\" data-element_type=\"container\">\n\t\t\t\t\t<div class=\"e-con-inner\">\n\t\t\t\t<div class=\"elementor-element elementor-element-edcaa44 elementor-widget elementor-widget-heading\" data-id=\"edcaa44\" data-element_type=\"widget\" data-widget_type=\"heading.default\">\n\t\t\t\t<div class=\"elementor-widget-container\">\n\t\t\t<h1 class=\"elementor-heading-title elementor-size-default\">Consulte a sus expertos en ventas en cristaler\u00eda Lida<\/h1>\t\t<\/div>\n\t\t\t\t<\/div>\n\t\t\t\t\t<\/div>\n\t\t\t\t<\/div>\n\t\t\t\t<div class=\"elementor-element elementor-element-456aa47f elementor-widget elementor-widget-text-editor\" data-id=\"456aa47f\" data-element_type=\"widget\" data-widget_type=\"text-editor.default\">\n\t\t\t\t<div class=\"elementor-widget-container\">\n\t\t\t\t\t\t\t<p>Naveguemos juntos por el mundo de la cristaler\u00eda, manteniendo siempre la calidad y la innovaci\u00f3n a la vanguardia.<\/p>\t\t\t\t\t\t<\/div>\n\t\t\t\t<\/div>\n\t\t<div class=\"elementor-element elementor-element-f87132f e-flex e-con-boxed e-con e-child\" data-id=\"f87132f\" data-element_type=\"container\" data-settings=\"{&quot;background_background&quot;:&quot;classic&quot;}\">\n\t\t\t\t\t<div class=\"e-con-inner\">\n\t\t<div class=\"elementor-element elementor-element-9cc5719 e-con-full e-flex e-con e-child\" data-id=\"9cc5719\" data-element_type=\"container\">\n\t\t\t\t<div class=\"elementor-element elementor-element-9b723ff elementor-align-center elementor-widget elementor-widget-button\" data-id=\"9b723ff\" data-element_type=\"widget\" data-widget_type=\"button.default\">\n\t\t\t\t<div class=\"elementor-widget-container\">\n\t\t\t\t\t<div class=\"elementor-button-wrapper\">\n\t\t\t<a class=\"elementor-button elementor-button-link elementor-size-md\" href=\"#elementor-action:action=popup:open&settings=eyJpZCI6IjQ2NiIsInRvZ2dsZSI6ZmFsc2V9\">\n\t\t\t\t\t\t<span class=\"elementor-button-content-wrapper\">\n\t\t\t\t\t\t<span class=\"elementor-button-icon\">\n\t\t\t\t\t\t\t<\/span>\n\t\t\t\t\t\t\t\t\t<span class=\"elementor-button-text\">SOLICITE UNA COTIZACI\u00d3N R\u00c1PIDA<\/span>\n\t\t\t\t\t<\/span>\n\t\t\t\t\t<\/a>\n\t\t<\/div>\n\t\t\t\t<\/div>\n\t\t\t\t<\/div>\n\t\t\t\t<\/div>\n\t\t<div class=\"elementor-element elementor-element-b6e4116 e-con-full e-flex e-con e-child\" data-id=\"b6e4116\" data-element_type=\"container\">\n\t\t\t\t<div class=\"elementor-element elementor-element-7eee36a elementor-align-center elementor-widget elementor-widget-button\" data-id=\"7eee36a\" data-element_type=\"widget\" data-widget_type=\"button.default\">\n\t\t\t\t<div class=\"elementor-widget-container\">\n\t\t\t\t\t<div class=\"elementor-button-wrapper\">\n\t\t\t<a class=\"elementor-button elementor-button-link elementor-size-md\" href=\"https:\/\/lidaglassware.com\/es\/products\/\">\n\t\t\t\t\t\t<span class=\"elementor-button-content-wrapper\">\n\t\t\t\t\t\t<span class=\"elementor-button-icon\">\n\t\t\t\t\t\t\t<\/span>\n\t\t\t\t\t\t\t\t\t<span class=\"elementor-button-text\">EXPLORA TODOS LOS PRODUCTOS<\/span>\n\t\t\t\t\t<\/span>\n\t\t\t\t\t<\/a>\n\t\t<\/div>\n\t\t\t\t<\/div>\n\t\t\t\t<\/div>\n\t\t\t\t<\/div>\n\t\t\t\t\t<\/div>\n\t\t\t\t<\/div>\n\t\t\t\t\t<\/div>\n\t\t\t\t<\/div>\n\t\t\t\t<\/div>","protected":false},"excerpt":{"rendered":"<p>Research &amp; Development In Every Aspect Enhancing Today&#8217;s Answers While Anticipating Tomorrow&#8217;s Needs. Lida R&amp;D: Tracking Shifts with a Focus on Medium to Long-Term Impact We&#8217;ve got a solid system in place for quick development of glass cups, and yeah, we&#8217;ve got a whole R&amp;D department too. Our main focus in R&amp;D is looking at [&hellip;]<\/p>","protected":false},"author":1,"featured_media":0,"parent":0,"menu_order":0,"comment_status":"closed","ping_status":"closed","template":"","meta":{"footnotes":""},"class_list":["post-2509","page","type-page","status-publish","hentry"],"_links":{"self":[{"href":"https:\/\/lidaglassware.com\/es\/wp-json\/wp\/v2\/pages\/2509","targetHints":{"allow":["GET"]}}],"collection":[{"href":"https:\/\/lidaglassware.com\/es\/wp-json\/wp\/v2\/pages"}],"about":[{"href":"https:\/\/lidaglassware.com\/es\/wp-json\/wp\/v2\/types\/page"}],"author":[{"embeddable":true,"href":"https:\/\/lidaglassware.com\/es\/wp-json\/wp\/v2\/users\/1"}],"replies":[{"embeddable":true,"href":"https:\/\/lidaglassware.com\/es\/wp-json\/wp\/v2\/comments?post=2509"}],"version-history":[{"count":0,"href":"https:\/\/lidaglassware.com\/es\/wp-json\/wp\/v2\/pages\/2509\/revisions"}],"wp:attachment":[{"href":"https:\/\/lidaglassware.com\/es\/wp-json\/wp\/v2\/media?parent=2509"}],"curies":[{"name":"wp","href":"https:\/\/api.w.org\/{rel}","templated":true}]}}