{"id":2575,"date":"2023-09-01T01:39:39","date_gmt":"2023-09-01T09:39:39","guid":{"rendered":"https:\/\/lidaglassware.com\/?page_id=2575"},"modified":"2024-04-02T01:14:31","modified_gmt":"2024-04-02T09:14:31","slug":"quality-control","status":"publish","type":"page","link":"https:\/\/lidaglassware.com\/es\/quality-control\/","title":{"rendered":"Control de calidad"},"content":{"rendered":"<div data-elementor-type=\"wp-page\" data-elementor-id=\"2575\" class=\"elementor elementor-2575\" data-elementor-post-type=\"page\">\n\t\t\t\t<div class=\"elementor-element elementor-element-3f19ff54 e-con-full e-flex e-con e-parent\" data-id=\"3f19ff54\" data-element_type=\"container\" data-settings=\"{&quot;background_background&quot;:&quot;classic&quot;}\">\n\t\t<div class=\"elementor-element elementor-element-1a609c8f e-flex e-con-boxed e-con e-child\" data-id=\"1a609c8f\" data-element_type=\"container\">\n\t\t\t\t\t<div class=\"e-con-inner\">\n\t\t\t\t<div class=\"elementor-element elementor-element-353ff6b0 elementor-widget elementor-widget-heading\" data-id=\"353ff6b0\" data-element_type=\"widget\" data-widget_type=\"heading.default\">\n\t\t\t\t<div class=\"elementor-widget-container\">\n\t\t\t<h1 class=\"elementor-heading-title elementor-size-default\">Control de calidad en cristaler\u00eda Lida<\/h1>\t\t<\/div>\n\t\t\t\t<\/div>\n\t\t\t\t\t<\/div>\n\t\t\t\t<\/div>\n\t\t\t\t<div class=\"elementor-element elementor-element-5c969e5c elementor-widget elementor-widget-text-editor\" data-id=\"5c969e5c\" data-element_type=\"widget\" data-widget_type=\"text-editor.default\">\n\t\t\t\t<div class=\"elementor-widget-container\">\n\t\t\t\t\t\t\t<p>Establecer un sistema de control de calidad cumplido.<\/p>\t\t\t\t\t\t<\/div>\n\t\t\t\t<\/div>\n\t\t\t\t<div class=\"elementor-element elementor-element-dd3eca7 elementor-widget elementor-widget-woocommerce-breadcrumb\" data-id=\"dd3eca7\" data-element_type=\"widget\" data-widget_type=\"woocommerce-breadcrumb.default\">\n\t\t\t\t<div class=\"elementor-widget-container\">\n\t\t\t<nav class=\"woocommerce-breadcrumb\" data-no-translation=\"\" data-trp-gettext=\"\">Inicio<\/nav>\t\t<\/div>\n\t\t\t\t<\/div>\n\t\t\t\t<\/div>\n\t\t<div class=\"elementor-element elementor-element-6290723 e-flex e-con-boxed e-con e-parent\" data-id=\"6290723\" data-element_type=\"container\">\n\t\t\t\t\t<div class=\"e-con-inner\">\n\t\t<div class=\"elementor-element elementor-element-ef19482 e-con-full e-flex e-con e-child\" data-id=\"ef19482\" data-element_type=\"container\">\n\t\t\t\t<div class=\"elementor-element elementor-element-30ca2f6 elementor-widget elementor-widget-heading\" data-id=\"30ca2f6\" data-element_type=\"widget\" data-widget_type=\"heading.default\">\n\t\t\t\t<div class=\"elementor-widget-container\">\n\t\t\t<h2 class=\"elementor-heading-title elementor-size-default\">La perfecci\u00f3n est\u00e1 en los detalles<\/h2>\t\t<\/div>\n\t\t\t\t<\/div>\n\t\t\t\t<\/div>\n\t\t<div class=\"elementor-element elementor-element-36d2cbb e-con-full e-flex e-con e-child\" data-id=\"36d2cbb\" data-element_type=\"container\">\n\t\t\t\t<div class=\"elementor-element elementor-element-d0fab3d elementor-widget elementor-widget-text-editor\" data-id=\"d0fab3d\" data-element_type=\"widget\" data-widget_type=\"text-editor.default\">\n\t\t\t\t<div class=\"elementor-widget-container\">\n\t\t\t\t\t\t\t<p>Cuando se trata de producir cristaler\u00eda excepcional, son los peque\u00f1os detalles los que marcan la gran diferencia. En Lida Glassware, no solo fabricamos; elaboramos. Desde el boceto inicial del dise\u00f1o hasta el tratamiento final de la superficie, nuestro control de calidad y <span style=\"text-decoration: underline;\"><strong><a href=\"https:\/\/lidaglassware.com\/es\/glassware-manufacturing\/\" target=\"_blank\" rel=\"nofollow noopener\">Departamento de fabricaci\u00f3n<\/a><\/strong><\/span> Trabajamos estrictamente en cada paso de nuestro compromiso con la calidad y <span style=\"text-decoration: underline;\"><strong><a href=\"https:\/\/lidaglassware.com\/es\/customization\/\" target=\"_blank\" rel=\"nofollow noopener\">personalizaci\u00f3n<\/a><\/strong><\/span>.\u00a0<\/p>\t\t\t\t\t\t<\/div>\n\t\t\t\t<\/div>\n\t\t\t\t<\/div>\n\t\t\t\t\t<\/div>\n\t\t\t\t<\/div>\n\t\t<div class=\"elementor-element elementor-element-32c11a4 e-flex e-con-boxed e-con e-parent\" data-id=\"32c11a4\" data-element_type=\"container\" data-settings=\"{&quot;background_background&quot;:&quot;classic&quot;}\">\n\t\t\t\t\t<div class=\"e-con-inner\">\n\t\t<div class=\"elementor-element elementor-element-eddcf34 e-con-full e-flex e-con e-child\" data-id=\"eddcf34\" data-element_type=\"container\">\n\t\t\t\t<div class=\"elementor-element elementor-element-ee3fdb9 elementor-widget elementor-widget-image\" data-id=\"ee3fdb9\" data-element_type=\"widget\" data-widget_type=\"image.default\">\n\t\t\t\t<div class=\"elementor-widget-container\">\n\t\t\t\t\t\t\t\t\t\t\t\t\t<img fetchpriority=\"high\" decoding=\"async\" width=\"1920\" height=\"1283\" src=\"https:\/\/lidaglassware.com\/wp-content\/uploads\/2023\/08\/Changing-Moulds.jpg\" class=\"attachment-full size-full wp-image-2556\" alt=\"Moldes\" srcset=\"https:\/\/lidaglassware.com\/wp-content\/uploads\/2023\/08\/Changing-Moulds.jpg 1920w, https:\/\/lidaglassware.com\/wp-content\/uploads\/2023\/08\/Changing-Moulds-300x200.jpg 300w, https:\/\/lidaglassware.com\/wp-content\/uploads\/2023\/08\/Changing-Moulds-1024x684.jpg 1024w, https:\/\/lidaglassware.com\/wp-content\/uploads\/2023\/08\/Changing-Moulds-768x513.jpg 768w, https:\/\/lidaglassware.com\/wp-content\/uploads\/2023\/08\/Changing-Moulds-1536x1026.jpg 1536w, https:\/\/lidaglassware.com\/wp-content\/uploads\/2023\/08\/Changing-Moulds-600x401.jpg 600w\" sizes=\"(max-width: 1920px) 100vw, 1920px\" \/>\t\t\t\t\t\t\t\t\t\t\t\t\t<\/div>\n\t\t\t\t<\/div>\n\t\t\t\t<\/div>\n\t\t<div class=\"elementor-element elementor-element-3bde7b8 e-con-full e-flex e-con e-child\" data-id=\"3bde7b8\" data-element_type=\"container\">\n\t\t\t\t<div class=\"elementor-element elementor-element-621df00 elementor-widget elementor-widget-text-editor\" data-id=\"621df00\" data-element_type=\"widget\" data-widget_type=\"text-editor.default\">\n\t\t\t\t<div class=\"elementor-widget-container\">\n\t\t\t\t\t\t\t<h2><strong>Inspecci\u00f3n de molduras<\/strong><\/h2><p>No se puede subestimar la importancia de la inspecci\u00f3n de moldes en el control de calidad. Es el paso fundamental que marca la pauta para todo el proceso de producci\u00f3n. En esta fase crucial, se debe prestar atenci\u00f3n a:<\/p><ol><li><p>Integridad del molde: verifique si hay grietas, deformidades o desgaste que puedan afectar la calidad del producto final.<\/p><\/li><li><p>Precisi\u00f3n dimensional: mida las dimensiones y tolerancias para asegurarse de que se alineen con las especificaciones de dise\u00f1o.<\/p><\/li><li><p>Propiedades del material: valide los atributos t\u00e9rmicos y mec\u00e1nicos para asegurarse de que el molde pueda soportar las condiciones de fabricaci\u00f3n de vidrio.<\/p><\/li><\/ol>\t\t\t\t\t\t<\/div>\n\t\t\t\t<\/div>\n\t\t\t\t<\/div>\n\t\t\t\t\t<\/div>\n\t\t\t\t<\/div>\n\t\t<div class=\"elementor-element elementor-element-561a003 e-flex e-con-boxed e-con e-parent\" data-id=\"561a003\" data-element_type=\"container\" data-settings=\"{&quot;background_background&quot;:&quot;classic&quot;}\">\n\t\t\t\t\t<div class=\"e-con-inner\">\n\t\t<div class=\"elementor-element elementor-element-a0bd3b0 e-con-full e-flex e-con e-child\" data-id=\"a0bd3b0\" data-element_type=\"container\">\n\t\t\t\t<div class=\"elementor-element elementor-element-4dc5ed4 elementor-widget elementor-widget-image\" data-id=\"4dc5ed4\" data-element_type=\"widget\" data-widget_type=\"image.default\">\n\t\t\t\t<div class=\"elementor-widget-container\">\n\t\t\t\t\t\t\t\t\t\t\t\t\t<img decoding=\"async\" width=\"800\" height=\"534\" src=\"https:\/\/lidaglassware.com\/wp-content\/uploads\/2023\/08\/Glass-Cup-Sample-1024x684.jpg\" class=\"attachment-large size-large wp-image-2531\" alt=\"Muestras gratuitas de cristaler\u00eda\" srcset=\"https:\/\/lidaglassware.com\/wp-content\/uploads\/2023\/08\/Glass-Cup-Sample-1024x684.jpg 1024w, https:\/\/lidaglassware.com\/wp-content\/uploads\/2023\/08\/Glass-Cup-Sample-300x200.jpg 300w, https:\/\/lidaglassware.com\/wp-content\/uploads\/2023\/08\/Glass-Cup-Sample-768x513.jpg 768w, https:\/\/lidaglassware.com\/wp-content\/uploads\/2023\/08\/Glass-Cup-Sample-1536x1026.jpg 1536w, https:\/\/lidaglassware.com\/wp-content\/uploads\/2023\/08\/Glass-Cup-Sample-600x401.jpg 600w, https:\/\/lidaglassware.com\/wp-content\/uploads\/2023\/08\/Glass-Cup-Sample.jpg 1920w\" sizes=\"(max-width: 800px) 100vw, 800px\" \/>\t\t\t\t\t\t\t\t\t\t\t\t\t<\/div>\n\t\t\t\t<\/div>\n\t\t\t\t<\/div>\n\t\t<div class=\"elementor-element elementor-element-f34d7a0 e-con-full e-flex e-con e-child\" data-id=\"f34d7a0\" data-element_type=\"container\">\n\t\t\t\t<div class=\"elementor-element elementor-element-0076fca elementor-widget elementor-widget-text-editor\" data-id=\"0076fca\" data-element_type=\"widget\" data-widget_type=\"text-editor.default\">\n\t\t\t\t<div class=\"elementor-widget-container\">\n\t\t\t\t\t\t\t<h2><strong>Inspecci\u00f3n durante la producci\u00f3n<\/strong><\/h2><p>La inspecci\u00f3n durante la producci\u00f3n es un paso cr\u00edtico para garantizar la calidad y consistencia del producto. Los enfoques clave durante esta etapa incluyen:<\/p><ol><li><p>Comprobaciones dimensionales: Confirme que las dimensiones del producto est\u00e9n alineadas con las especificaciones de dise\u00f1o.<\/p><\/li><li><p>Calidad de la superficie: Inspeccione si hay defectos, grietas u otros problemas de calidad en la superficie de la cristaler\u00eda.<\/p><\/li><li><p>Propiedades del material: Validar la composici\u00f3n y propiedades f\u00edsicas del vidrio para cumplir con los est\u00e1ndares de calidad.<\/p><\/li><li><p>Par\u00e1metros del proceso: verifique todos los equipos de producci\u00f3n y los par\u00e1metros del proceso para asegurarse de que est\u00e9n optimizados.<\/p><\/li><li><p>Inspecci\u00f3n intermedia de productos: las verificaciones de muestras en varias etapas de producci\u00f3n permiten la identificaci\u00f3n y correcci\u00f3n temprana de problemas.<\/p><\/li><\/ol>\t\t\t\t\t\t<\/div>\n\t\t\t\t<\/div>\n\t\t\t\t<\/div>\n\t\t\t\t\t<\/div>\n\t\t\t\t<\/div>\n\t\t<div class=\"elementor-element elementor-element-6bd7394 e-flex e-con-boxed e-con e-parent\" data-id=\"6bd7394\" data-element_type=\"container\" data-settings=\"{&quot;background_background&quot;:&quot;classic&quot;}\">\n\t\t\t\t\t<div class=\"e-con-inner\">\n\t\t<div class=\"elementor-element elementor-element-150e727 e-con-full e-flex e-con e-child\" data-id=\"150e727\" data-element_type=\"container\">\n\t\t\t\t<div class=\"elementor-element elementor-element-e844073 elementor-widget elementor-widget-image\" data-id=\"e844073\" data-element_type=\"widget\" data-widget_type=\"image.default\">\n\t\t\t\t<div class=\"elementor-widget-container\">\n\t\t\t\t\t\t\t\t\t\t\t\t\t<img decoding=\"async\" width=\"800\" height=\"534\" src=\"https:\/\/lidaglassware.com\/wp-content\/uploads\/2023\/08\/Annealing-process-1024x684.jpg\" class=\"attachment-large size-large wp-image-2559\" alt=\"\" srcset=\"https:\/\/lidaglassware.com\/wp-content\/uploads\/2023\/08\/Annealing-process-1024x684.jpg 1024w, https:\/\/lidaglassware.com\/wp-content\/uploads\/2023\/08\/Annealing-process-300x200.jpg 300w, https:\/\/lidaglassware.com\/wp-content\/uploads\/2023\/08\/Annealing-process-768x513.jpg 768w, https:\/\/lidaglassware.com\/wp-content\/uploads\/2023\/08\/Annealing-process-1536x1026.jpg 1536w, https:\/\/lidaglassware.com\/wp-content\/uploads\/2023\/08\/Annealing-process-600x401.jpg 600w, https:\/\/lidaglassware.com\/wp-content\/uploads\/2023\/08\/Annealing-process.jpg 1920w\" sizes=\"(max-width: 800px) 100vw, 800px\">\t\t\t\t\t\t\t\t\t\t\t\t\t<\/div>\n\t\t\t\t<\/div>\n\t\t\t\t<\/div>\n\t\t<div class=\"elementor-element elementor-element-264510b e-con-full e-flex e-con e-child\" data-id=\"264510b\" data-element_type=\"container\">\n\t\t\t\t<div class=\"elementor-element elementor-element-4b66d6f elementor-widget elementor-widget-text-editor\" data-id=\"4b66d6f\" data-element_type=\"widget\" data-widget_type=\"text-editor.default\">\n\t\t\t\t<div class=\"elementor-widget-container\">\n\t\t\t\t\t\t\t<h2><strong>Inspecci\u00f3n final\u00a0<\/strong><\/h2><p>La inspecci\u00f3n de calidad final es una fase cr\u00edtica para garantizar que la cristaler\u00eda terminada cumpla con todos los est\u00e1ndares de calidad especificados. En esta etapa, la atenci\u00f3n se centra en:<\/p><ol><li><p>Inspecci\u00f3n visual: examinar la cristaler\u00eda en busca de defectos visuales como grietas, burbujas o inconsistencias en el dise\u00f1o.<\/p><\/li><li><p>Precisi\u00f3n dimensional: medir las dimensiones para garantizar que est\u00e9n en l\u00ednea con las especificaciones proporcionadas.<\/p><\/li><li><p>Pruebas funcionales: comprobar la cristaler\u00eda para detectar problemas funcionales, como estabilidad y durabilidad.<\/p><\/li><li><p>Muestreo final: selecci\u00f3n aleatoria de piezas del lote terminado para realizar pruebas m\u00e1s rigurosas y confirmar que cumplen con todos los par\u00e1metros de calidad.<\/p><\/li><li><p>Documentaci\u00f3n: Verificar que todos los controles de calidad se hayan documentado correctamente para su trazabilidad y cumplimiento.<\/p><\/li><\/ol>\t\t\t\t\t\t<\/div>\n\t\t\t\t<\/div>\n\t\t\t\t<\/div>\n\t\t\t\t\t<\/div>\n\t\t\t\t<\/div>\n\t\t<div class=\"elementor-element elementor-element-7e7de8d0 e-flex e-con-boxed e-con e-parent\" data-id=\"7e7de8d0\" data-element_type=\"container\" data-settings=\"{&quot;background_background&quot;:&quot;classic&quot;}\">\n\t\t\t\t\t<div class=\"e-con-inner\">\n\t\t<div class=\"elementor-element elementor-element-671f4219 e-flex e-con-boxed e-con e-child\" data-id=\"671f4219\" data-element_type=\"container\">\n\t\t\t\t\t<div class=\"e-con-inner\">\n\t\t\t\t<div class=\"elementor-element elementor-element-7fb21d26 elementor-widget elementor-widget-heading\" data-id=\"7fb21d26\" data-element_type=\"widget\" data-widget_type=\"heading.default\">\n\t\t\t\t<div class=\"elementor-widget-container\">\n\t\t\t<h1 class=\"elementor-heading-title elementor-size-default\">Consulte a sus expertos en ventas en cristaler\u00eda Lida<\/h1>\t\t<\/div>\n\t\t\t\t<\/div>\n\t\t\t\t\t<\/div>\n\t\t\t\t<\/div>\n\t\t\t\t<div class=\"elementor-element elementor-element-4b2ecd5b elementor-widget elementor-widget-text-editor\" data-id=\"4b2ecd5b\" data-element_type=\"widget\" data-widget_type=\"text-editor.default\">\n\t\t\t\t<div class=\"elementor-widget-container\">\n\t\t\t\t\t\t\t<p>Naveguemos juntos por el mundo de la cristaler\u00eda, manteniendo siempre la calidad y la innovaci\u00f3n a la vanguardia.<\/p>\t\t\t\t\t\t<\/div>\n\t\t\t\t<\/div>\n\t\t<div class=\"elementor-element elementor-element-6887c528 e-flex e-con-boxed e-con e-child\" data-id=\"6887c528\" data-element_type=\"container\" data-settings=\"{&quot;background_background&quot;:&quot;classic&quot;}\">\n\t\t\t\t\t<div class=\"e-con-inner\">\n\t\t<div class=\"elementor-element elementor-element-473988cb e-con-full e-flex e-con e-child\" data-id=\"473988cb\" data-element_type=\"container\">\n\t\t\t\t<div class=\"elementor-element elementor-element-58a59fba elementor-align-center elementor-widget elementor-widget-button\" data-id=\"58a59fba\" data-element_type=\"widget\" data-widget_type=\"button.default\">\n\t\t\t\t<div class=\"elementor-widget-container\">\n\t\t\t\t\t<div class=\"elementor-button-wrapper\">\n\t\t\t<a class=\"elementor-button elementor-button-link elementor-size-md\" href=\"#elementor-action:action=popup:open&settings=eyJpZCI6IjQ2NiIsInRvZ2dsZSI6ZmFsc2V9\">\n\t\t\t\t\t\t<span class=\"elementor-button-content-wrapper\">\n\t\t\t\t\t\t<span class=\"elementor-button-icon\">\n\t\t\t\t\t\t\t<\/span>\n\t\t\t\t\t\t\t\t\t<span class=\"elementor-button-text\">SOLICITE UNA COTIZACI\u00d3N R\u00c1PIDA<\/span>\n\t\t\t\t\t<\/span>\n\t\t\t\t\t<\/a>\n\t\t<\/div>\n\t\t\t\t<\/div>\n\t\t\t\t<\/div>\n\t\t\t\t<\/div>\n\t\t<div class=\"elementor-element elementor-element-526f783c e-con-full e-flex e-con e-child\" data-id=\"526f783c\" data-element_type=\"container\">\n\t\t\t\t<div class=\"elementor-element elementor-element-1cc14265 elementor-align-center elementor-widget elementor-widget-button\" data-id=\"1cc14265\" data-element_type=\"widget\" data-widget_type=\"button.default\">\n\t\t\t\t<div class=\"elementor-widget-container\">\n\t\t\t\t\t<div class=\"elementor-button-wrapper\">\n\t\t\t<a class=\"elementor-button elementor-button-link elementor-size-md\" href=\"https:\/\/lidaglassware.com\/es\/products\/\">\n\t\t\t\t\t\t<span class=\"elementor-button-content-wrapper\">\n\t\t\t\t\t\t<span class=\"elementor-button-icon\">\n\t\t\t\t\t\t\t<\/span>\n\t\t\t\t\t\t\t\t\t<span class=\"elementor-button-text\">EXPLORA TODOS LOS PRODUCTOS<\/span>\n\t\t\t\t\t<\/span>\n\t\t\t\t\t<\/a>\n\t\t<\/div>\n\t\t\t\t<\/div>\n\t\t\t\t<\/div>\n\t\t\t\t<\/div>\n\t\t\t\t\t<\/div>\n\t\t\t\t<\/div>\n\t\t\t\t\t<\/div>\n\t\t\t\t<\/div>\n\t\t\t\t<\/div>","protected":false},"excerpt":{"rendered":"<p>Quality Control At Lida Glassware Etablishing a fulfilled quality control system. Perfection Lies In The Details When it comes to producing exceptional glassware, it&#8217;s the small details that make a big difference. At Lida Glassware, we don&#8217;t just manufacture; we craft. From the initial design sketch to the final surface treatment, our quality control and [&hellip;]<\/p>","protected":false},"author":1,"featured_media":0,"parent":0,"menu_order":0,"comment_status":"closed","ping_status":"closed","template":"","meta":{"footnotes":""},"class_list":["post-2575","page","type-page","status-publish","hentry"],"_links":{"self":[{"href":"https:\/\/lidaglassware.com\/es\/wp-json\/wp\/v2\/pages\/2575","targetHints":{"allow":["GET"]}}],"collection":[{"href":"https:\/\/lidaglassware.com\/es\/wp-json\/wp\/v2\/pages"}],"about":[{"href":"https:\/\/lidaglassware.com\/es\/wp-json\/wp\/v2\/types\/page"}],"author":[{"embeddable":true,"href":"https:\/\/lidaglassware.com\/es\/wp-json\/wp\/v2\/users\/1"}],"replies":[{"embeddable":true,"href":"https:\/\/lidaglassware.com\/es\/wp-json\/wp\/v2\/comments?post=2575"}],"version-history":[{"count":0,"href":"https:\/\/lidaglassware.com\/es\/wp-json\/wp\/v2\/pages\/2575\/revisions"}],"wp:attachment":[{"href":"https:\/\/lidaglassware.com\/es\/wp-json\/wp\/v2\/media?parent=2575"}],"curies":[{"name":"wp","href":"https:\/\/api.w.org\/{rel}","templated":true}]}}