{"id":2610,"date":"2023-09-01T02:57:47","date_gmt":"2023-09-01T10:57:47","guid":{"rendered":"https:\/\/lidaglassware.com\/?page_id=2610"},"modified":"2024-04-02T00:41:14","modified_gmt":"2024-04-02T08:41:14","slug":"after-sales-service","status":"publish","type":"page","link":"https:\/\/lidaglassware.com\/es\/after-sales-service\/","title":{"rendered":"Servicio postventa"},"content":{"rendered":"<div data-elementor-type=\"wp-page\" data-elementor-id=\"2610\" class=\"elementor elementor-2610\" data-elementor-post-type=\"page\">\n\t\t\t\t<div class=\"elementor-element elementor-element-756ab9f e-con-full e-flex e-con e-parent\" data-id=\"756ab9f\" data-element_type=\"container\" data-settings=\"{&quot;background_background&quot;:&quot;classic&quot;}\">\n\t\t<div class=\"elementor-element elementor-element-4f741291 e-flex e-con-boxed e-con e-child\" data-id=\"4f741291\" data-element_type=\"container\">\n\t\t\t\t\t<div class=\"e-con-inner\">\n\t\t\t\t<div class=\"elementor-element elementor-element-87dd541 elementor-widget elementor-widget-heading\" data-id=\"87dd541\" data-element_type=\"widget\" data-widget_type=\"heading.default\">\n\t\t\t\t<div class=\"elementor-widget-container\">\n\t\t\t<h1 class=\"elementor-heading-title elementor-size-default\">Servicio postventa de cristaler\u00eda Lida<\/h1>\t\t<\/div>\n\t\t\t\t<\/div>\n\t\t\t\t\t<\/div>\n\t\t\t\t<\/div>\n\t\t\t\t<div class=\"elementor-element elementor-element-1cfc2e95 elementor-widget elementor-widget-text-editor\" data-id=\"1cfc2e95\" data-element_type=\"widget\" data-widget_type=\"text-editor.default\">\n\t\t\t\t<div class=\"elementor-widget-container\">\n\t\t\t\t\t\t\t<p>Estamos aqu\u00ed siempre.<\/p>\t\t\t\t\t\t<\/div>\n\t\t\t\t<\/div>\n\t\t\t\t<div class=\"elementor-element elementor-element-55af4c33 elementor-widget elementor-widget-woocommerce-breadcrumb\" data-id=\"55af4c33\" data-element_type=\"widget\" data-widget_type=\"woocommerce-breadcrumb.default\">\n\t\t\t\t<div class=\"elementor-widget-container\">\n\t\t\t<nav class=\"woocommerce-breadcrumb\" data-no-translation=\"\" data-trp-gettext=\"\">Inicio<\/nav>\t\t<\/div>\n\t\t\t\t<\/div>\n\t\t\t\t<\/div>\n\t\t<div class=\"elementor-element elementor-element-75d7eca e-flex e-con-boxed e-con e-parent\" data-id=\"75d7eca\" data-element_type=\"container\" data-settings=\"{&quot;background_background&quot;:&quot;classic&quot;}\">\n\t\t\t\t\t<div class=\"e-con-inner\">\n\t\t<div class=\"elementor-element elementor-element-dcbbbc4 e-con-full e-flex e-con e-child\" data-id=\"dcbbbc4\" data-element_type=\"container\">\n\t\t\t\t<div class=\"elementor-element elementor-element-78e039e elementor-widget elementor-widget-heading\" data-id=\"78e039e\" data-element_type=\"widget\" data-widget_type=\"heading.default\">\n\t\t\t\t<div class=\"elementor-widget-container\">\n\t\t\t<h2 class=\"elementor-heading-title elementor-size-default\">Ofreciendo servicio durante todo el ciclo de vida del producto<\/h2>\t\t<\/div>\n\t\t\t\t<\/div>\n\t\t\t\t<div class=\"elementor-element elementor-element-03985d3 elementor-widget elementor-widget-text-editor\" data-id=\"03985d3\" data-element_type=\"widget\" data-widget_type=\"text-editor.default\">\n\t\t\t\t<div class=\"elementor-widget-container\">\n\t\t\t\t\t\t\t<p>Si tienes alguna duda o problema, nuestro departamento de servicio postventa est\u00e1 aqu\u00ed para ayudarte. La gama de servicios que puede aprovechar abarca desde el inicio del producto hasta las devoluciones.<\/p><p>Si es necesario, nuestro personal llegar\u00e1 al sitio en un corto per\u00edodo de tiempo para trabajar con usted y abordar sus inquietudes e intereses. Nuestros empleados del servicio postventa no son s\u00f3lo expertos en cristaler\u00eda; tambi\u00e9n tienen calificaciones en muchas otras \u00e1reas espec\u00edficas. Por ejemplo, nuestro equipo incluye dise\u00f1adores experimentados que estar\u00e1n encantados de brindar sugerencias de productos adicionales para cualquier evento en particular.<\/p>\t\t\t\t\t\t<\/div>\n\t\t\t\t<\/div>\n\t\t\t\t<\/div>\n\t\t<div class=\"elementor-element elementor-element-0e31972 e-con-full e-flex e-con e-child\" data-id=\"0e31972\" data-element_type=\"container\">\n\t\t\t\t<div class=\"elementor-element elementor-element-8cc322e elementor-widget elementor-widget-image\" data-id=\"8cc322e\" data-element_type=\"widget\" data-widget_type=\"image.default\">\n\t\t\t\t<div class=\"elementor-widget-container\">\n\t\t\t\t\t\t\t\t\t\t\t\t\t<img fetchpriority=\"high\" decoding=\"async\" width=\"800\" height=\"534\" src=\"https:\/\/lidaglassware.com\/wp-content\/uploads\/2023\/08\/After-sales-service-1024x684.jpg\" class=\"attachment-large size-large wp-image-2488\" alt=\"Servicio postventa\" srcset=\"https:\/\/lidaglassware.com\/wp-content\/uploads\/2023\/08\/After-sales-service-1024x684.jpg 1024w, https:\/\/lidaglassware.com\/wp-content\/uploads\/2023\/08\/After-sales-service-300x200.jpg 300w, https:\/\/lidaglassware.com\/wp-content\/uploads\/2023\/08\/After-sales-service-768x513.jpg 768w, https:\/\/lidaglassware.com\/wp-content\/uploads\/2023\/08\/After-sales-service-1536x1026.jpg 1536w, https:\/\/lidaglassware.com\/wp-content\/uploads\/2023\/08\/After-sales-service-600x401.jpg 600w, https:\/\/lidaglassware.com\/wp-content\/uploads\/2023\/08\/After-sales-service.jpg 1920w\" sizes=\"(max-width: 800px) 100vw, 800px\" \/>\t\t\t\t\t\t\t\t\t\t\t\t\t<\/div>\n\t\t\t\t<\/div>\n\t\t\t\t<\/div>\n\t\t\t\t\t<\/div>\n\t\t\t\t<\/div>\n\t\t<div class=\"elementor-element elementor-element-5548483 e-flex e-con-boxed e-con e-parent\" data-id=\"5548483\" data-element_type=\"container\">\n\t\t\t\t\t<div class=\"e-con-inner\">\n\t\t<div class=\"elementor-element elementor-element-adaacaa e-con-full e-flex e-con e-child\" data-id=\"adaacaa\" data-element_type=\"container\">\n\t\t\t\t<div class=\"elementor-element elementor-element-9d106bc elementor-widget elementor-widget-image\" data-id=\"9d106bc\" data-element_type=\"widget\" data-widget_type=\"image.default\">\n\t\t\t\t<div class=\"elementor-widget-container\">\n\t\t\t\t\t\t\t\t\t\t\t\t\t<img decoding=\"async\" width=\"800\" height=\"534\" src=\"https:\/\/lidaglassware.com\/wp-content\/uploads\/2023\/08\/Glassware-Production-1024x684.jpg\" class=\"attachment-large size-large wp-image-2558\" alt=\"Producci\u00f3n de cristaler\u00eda\" srcset=\"https:\/\/lidaglassware.com\/wp-content\/uploads\/2023\/08\/Glassware-Production-1024x684.jpg 1024w, https:\/\/lidaglassware.com\/wp-content\/uploads\/2023\/08\/Glassware-Production-300x200.jpg 300w, https:\/\/lidaglassware.com\/wp-content\/uploads\/2023\/08\/Glassware-Production-768x513.jpg 768w, https:\/\/lidaglassware.com\/wp-content\/uploads\/2023\/08\/Glassware-Production-1536x1026.jpg 1536w, https:\/\/lidaglassware.com\/wp-content\/uploads\/2023\/08\/Glassware-Production-600x401.jpg 600w, https:\/\/lidaglassware.com\/wp-content\/uploads\/2023\/08\/Glassware-Production.jpg 1920w\" sizes=\"(max-width: 800px) 100vw, 800px\" \/>\t\t\t\t\t\t\t\t\t\t\t\t\t<\/div>\n\t\t\t\t<\/div>\n\t\t\t\t<\/div>\n\t\t<div class=\"elementor-element elementor-element-a2b4a01 e-con-full e-flex e-con e-child\" data-id=\"a2b4a01\" data-element_type=\"container\">\n\t\t\t\t<div class=\"elementor-element elementor-element-3e152c6 elementor-widget elementor-widget-heading\" data-id=\"3e152c6\" data-element_type=\"widget\" data-widget_type=\"heading.default\">\n\t\t\t\t<div class=\"elementor-widget-container\">\n\t\t\t<h2 class=\"elementor-heading-title elementor-size-default\">\u00bfNecesita ayuda? \u00a1Estamos a tu servicio 24\/7\/365!<\/h2>\t\t<\/div>\n\t\t\t\t<\/div>\n\t\t\t\t<div class=\"elementor-element elementor-element-42a5266 elementor-widget elementor-widget-text-editor\" data-id=\"42a5266\" data-element_type=\"widget\" data-widget_type=\"text-editor.default\">\n\t\t\t\t<div class=\"elementor-widget-container\">\n\t\t\t\t\t\t\t<p>Estamos comprometidos con su satisfacci\u00f3n, mucho despu\u00e9s de haber realizado su compra. Basadas en los principios de asociaci\u00f3n y confiabilidad, nuestras soluciones de servicio est\u00e1n dise\u00f1adas para ofrecerle soporte continuo. Aqu\u00ed en China, estos valores son el coraz\u00f3n de nuestra operaci\u00f3n. Si alguna vez necesita ayuda, sepa que siempre estamos a solo una llamada o un mensaje de distancia.<\/p>\t\t\t\t\t\t<\/div>\n\t\t\t\t<\/div>\n\t\t\t\t<\/div>\n\t\t\t\t\t<\/div>\n\t\t\t\t<\/div>\n\t\t<div class=\"elementor-element elementor-element-16cc2a0 e-flex e-con-boxed e-con e-parent\" data-id=\"16cc2a0\" data-element_type=\"container\">\n\t\t\t\t\t<div class=\"e-con-inner\">\n\t\t<div class=\"elementor-element elementor-element-48831e6 e-con-full e-flex e-con e-child\" data-id=\"48831e6\" data-element_type=\"container\">\n\t\t\t\t<\/div>\n\t\t<div class=\"elementor-element elementor-element-a97815f e-con-full e-flex e-con e-child\" data-id=\"a97815f\" data-element_type=\"container\">\n\t\t\t\t<div class=\"elementor-element elementor-element-38d8cb9 elementor-align-center elementor-widget__width-initial elementor-widget elementor-widget-button\" data-id=\"38d8cb9\" data-element_type=\"widget\" data-widget_type=\"button.default\">\n\t\t\t\t<div class=\"elementor-widget-container\">\n\t\t\t\t\t<div class=\"elementor-button-wrapper\">\n\t\t\t<a class=\"elementor-button elementor-button-link elementor-size-xl\" href=\"https:\/\/lidaglassware.com\/es\/faq\/\">\n\t\t\t\t\t\t<span class=\"elementor-button-content-wrapper\">\n\t\t\t\t\t\t<span class=\"elementor-button-icon\">\n\t\t\t\t\t\t\t<\/span>\n\t\t\t\t\t\t\t\t\t<span class=\"elementor-button-text\">Consulte las preguntas frecuentes ahora<\/span>\n\t\t\t\t\t<\/span>\n\t\t\t\t\t<\/a>\n\t\t<\/div>\n\t\t\t\t<\/div>\n\t\t\t\t<\/div>\n\t\t\t\t<\/div>\n\t\t<div class=\"elementor-element elementor-element-d96d460 e-con-full e-flex e-con e-child\" data-id=\"d96d460\" data-element_type=\"container\">\n\t\t\t\t<div class=\"elementor-element elementor-element-3f04e54 elementor-align-center elementor-widget__width-initial elementor-widget elementor-widget-button\" data-id=\"3f04e54\" data-element_type=\"widget\" data-widget_type=\"button.default\">\n\t\t\t\t<div class=\"elementor-widget-container\">\n\t\t\t\t\t<div class=\"elementor-button-wrapper\">\n\t\t\t<a class=\"elementor-button elementor-button-link elementor-size-xl\" href=\"#elementor-action:action=popup:open&settings=eyJpZCI6IjQ2NiIsInRvZ2dsZSI6ZmFsc2V9\">\n\t\t\t\t\t\t<span class=\"elementor-button-content-wrapper\">\n\t\t\t\t\t\t<span class=\"elementor-button-icon\">\n\t\t\t\t\t\t\t<\/span>\n\t\t\t\t\t\t\t\t\t<span class=\"elementor-button-text\">Quiere soporte ahora<\/span>\n\t\t\t\t\t<\/span>\n\t\t\t\t\t<\/a>\n\t\t<\/div>\n\t\t\t\t<\/div>\n\t\t\t\t<\/div>\n\t\t\t\t<\/div>\n\t\t\t\t\t<\/div>\n\t\t\t\t<\/div>\n\t\t\t\t<\/div>","protected":false},"excerpt":{"rendered":"<p>Lida Glassware After-Sales Service We are here always. Offering Service Throughout the Product Lifecycle If you have any questions or issues, our after-sales service department is here to assist you. The range of services you can avail of spans from product initiation to returns. If necessary, our staff will arrive on-site in a short amount [&hellip;]<\/p>","protected":false},"author":1,"featured_media":0,"parent":0,"menu_order":0,"comment_status":"closed","ping_status":"closed","template":"","meta":{"footnotes":""},"class_list":["post-2610","page","type-page","status-publish","hentry"],"_links":{"self":[{"href":"https:\/\/lidaglassware.com\/es\/wp-json\/wp\/v2\/pages\/2610","targetHints":{"allow":["GET"]}}],"collection":[{"href":"https:\/\/lidaglassware.com\/es\/wp-json\/wp\/v2\/pages"}],"about":[{"href":"https:\/\/lidaglassware.com\/es\/wp-json\/wp\/v2\/types\/page"}],"author":[{"embeddable":true,"href":"https:\/\/lidaglassware.com\/es\/wp-json\/wp\/v2\/users\/1"}],"replies":[{"embeddable":true,"href":"https:\/\/lidaglassware.com\/es\/wp-json\/wp\/v2\/comments?post=2610"}],"version-history":[{"count":0,"href":"https:\/\/lidaglassware.com\/es\/wp-json\/wp\/v2\/pages\/2610\/revisions"}],"wp:attachment":[{"href":"https:\/\/lidaglassware.com\/es\/wp-json\/wp\/v2\/media?parent=2610"}],"curies":[{"name":"wp","href":"https:\/\/api.w.org\/{rel}","templated":true}]}}