{"id":1001,"date":"2021-07-15T17:03:36","date_gmt":"2021-07-16T01:03:36","guid":{"rendered":"https:\/\/lidaglassware.com\/?post_type=product&#038;p=1001"},"modified":"2024-01-16T17:36:55","modified_gmt":"2024-01-17T01:36:55","slug":"skull-shot-glasses-1-5oz-45ml","status":"publish","type":"product","link":"https:\/\/lidaglassware.com\/es\/producto\/vasos-de-tiro-craneo-1-5oz-45ml\/","title":{"rendered":"Vasos de chupito con forma de calavera, 1,5 oz\/45 ml"},"content":{"rendered":"<h2>Vasos de chupito con forma de calavera, 1,5 oz\/45 ml<\/h2>\n<p>Estos vasos de chupito \u00fanicos tienen forma de calavera, que es el estilo m\u00e1s popular de vasos de chupito. Lida Glassware tiene la capacidad de proporcionar soluciones OEM seg\u00fan sus ideas sobre las gafas. S\u00f3lo un pensamiento, obtendr\u00e1 un plan perfecto para satisfacer a sus clientes.<\/p>\n<p>Estos vasos de chupito ofrecen una forma cl\u00e1sica de vaso estriado, perfecta para una medida legal de su bebida espirituosa favorita. No hay necesidad de jugar con varias medidas de dedal tratando de obtener un trago exacto, simplemente vierta directamente en este vaso de chupito de base pesada para servir un solo trago.<\/p>\n<p><strong>Vasos de chupito de calavera<\/strong> son una adici\u00f3n \u00fanica y llamativa a cualquier colecci\u00f3n de art\u00edculos de bar, perfectas para fiestas tem\u00e1ticas, ocasiones especiales o para agregar un toque vanguardista a su decoraci\u00f3n. Estas son algunas de las caracter\u00edsticas clave del producto Skull Shot Glasses:<\/p>\n<ol>\n<li><strong>Dise\u00f1o unico:<\/strong> Cada vaso tiene forma de calavera, lo que proporciona una apariencia llamativa y distintiva que seguramente iniciar\u00e1 conversaciones y llamar\u00e1 la atenci\u00f3n de los invitados.<\/li>\n<li><strong>Material de alta calidad:<\/strong> Por lo general, est\u00e1n hechos de vidrio o cristal grueso y duradero para garantizar la longevidad y resistir roturas.<\/li>\n<li><strong>Uso vers\u00e1til:<\/strong> Ideal para servir tragos de tus licores favoritos, degustar diferentes licores o incluso usarlo como una forma creativa de presentar mini postres o aperitivos.<\/li>\n<li><strong>C\u00f3modo de sostener:<\/strong> A pesar de su forma \u00fanica, estos vasos est\u00e1n dise\u00f1ados para ser f\u00e1ciles y c\u00f3modos de sostener, lo que garantiza una experiencia de bebida agradable.<\/li>\n<li><strong>Perfecto para eventos tem\u00e1ticos:<\/strong> Un \u00e9xito en fiestas de Halloween, eventos con tem\u00e1tica pirata o cualquier reuni\u00f3n donde se desee un toque atrevido e inusual.<\/li>\n<li><strong>Tama\u00f1o compacto:<\/strong> Los vasos Skull Shot suelen ser compactos y f\u00e1ciles de guardar, lo que los convierte en un complemento pr\u00e1ctico para cualquier cocina o zona de bar.<\/li>\n<li><strong>F\u00e1cil de limpiar:<\/strong> La mayor\u00eda de los vasos Skull Shot son aptos para lavavajillas, lo que los hace tan pr\u00e1cticos como elegantes.<\/li>\n<li><strong>Potencial de regalo:<\/strong> Estos vasos son un regalo \u00fanico e inolvidable, perfecto para quienes aprecian los art\u00edculos de bar distintivos o tienen predilecci\u00f3n por los estilos g\u00f3ticos o alternativos.<\/li>\n<li><strong>Capacidad:<\/strong> Por lo general, mantienen el volumen de trago est\u00e1ndar, lo que garantiza que pueda disfrutar de sus bebidas espirituosas con moderaci\u00f3n mientras aprecia la presentaci\u00f3n \u00fanica.<\/li>\n<li><strong>Naturaleza coleccionable:<\/strong> A menudo buscadas por coleccionistas y entusiastas, estas gafas pueden ser parte de una colecci\u00f3n tem\u00e1tica o una pieza destacada en exhibici\u00f3n.<\/li>\n<\/ol>\n<p><img fetchpriority=\"high\" decoding=\"async\" class=\"aligncenter size-full wp-image-4104\" src=\"https:\/\/lidaglassware.com\/wp-content\/uploads\/2021\/07\/skull-shot-glasses.jpg\" alt=\"vasos de chupito de calavera\" width=\"807\" height=\"420\" srcset=\"https:\/\/lidaglassware.com\/wp-content\/uploads\/2021\/07\/skull-shot-glasses.jpg 807w, https:\/\/lidaglassware.com\/wp-content\/uploads\/2021\/07\/skull-shot-glasses-300x156.jpg 300w, https:\/\/lidaglassware.com\/wp-content\/uploads\/2021\/07\/skull-shot-glasses-768x400.jpg 768w, https:\/\/lidaglassware.com\/wp-content\/uploads\/2021\/07\/skull-shot-glasses-18x9.jpg 18w, https:\/\/lidaglassware.com\/wp-content\/uploads\/2021\/07\/skull-shot-glasses-600x312.jpg 600w\" sizes=\"(max-width: 807px) 100vw, 807px\" \/><\/p>\n<p><img decoding=\"async\" class=\"aligncenter size-full wp-image-4103\" src=\"https:\/\/lidaglassware.com\/wp-content\/uploads\/2021\/07\/skull-shot-glasses-2.jpg\" alt=\"vasos de chupito de calavera\" width=\"800\" height=\"459\" srcset=\"https:\/\/lidaglassware.com\/wp-content\/uploads\/2021\/07\/skull-shot-glasses-2.jpg 800w, https:\/\/lidaglassware.com\/wp-content\/uploads\/2021\/07\/skull-shot-glasses-2-300x172.jpg 300w, https:\/\/lidaglassware.com\/wp-content\/uploads\/2021\/07\/skull-shot-glasses-2-768x441.jpg 768w, https:\/\/lidaglassware.com\/wp-content\/uploads\/2021\/07\/skull-shot-glasses-2-18x10.jpg 18w, https:\/\/lidaglassware.com\/wp-content\/uploads\/2021\/07\/skull-shot-glasses-2-600x344.jpg 600w\" sizes=\"(max-width: 800px) 100vw, 800px\" \/><\/p>\n<h1 id=\"firstHeading\" class=\"firstHeading\" lang=\"en\"><span style=\"color: #000000;\">Chupito<\/span><\/h1>\n<div id=\"bodyContent\" class=\"mw-body-content\">\n<div id=\"siteSub\"><span style=\"color: #000000;\">De Wikipedia, la enciclopedia libre<\/span><\/div>\n<div id=\"contentSub\"><\/div>\n<div id=\"jump-to-nav\" class=\"mw-jump\"><\/div>\n<div id=\"mw-content-text\" class=\"mw-content-ltr\" dir=\"ltr\" lang=\"en\">\n<div class=\"thumb tright\">\n<div class=\"thumbinner\">\n<p><span style=\"color: #000000;\"><a class=\"image\" style=\"color: #000000;\" href=\"https:\/\/en.wikipedia.org\/wiki\/File:Three_shotglasses.jpg\" target=\"_blank\" rel=\"noopener\"><img decoding=\"async\" class=\"thumbimage\" src=\"https:\/\/upload.wikimedia.org\/wikipedia\/commons\/thumb\/f\/fb\/Three_shotglasses.jpg\/220px-Three_shotglasses.jpg\" srcset=\"\/\/upload.wikimedia.org\/wikipedia\/commons\/thumb\/f\/fb\/Three_shotglasses.jpg\/330px-Three_shotglasses.jpg 1.5x, \/\/upload.wikimedia.org\/wikipedia\/commons\/thumb\/f\/fb\/Three_shotglasses.jpg\/440px-Three_shotglasses.jpg 2x\" alt=\"\" width=\"220\" height=\"174\" data-file-width=\"3136\" data-file-height=\"2480\"><\/a><\/span><\/p>\n<div class=\"thumbcaption\">\n<div class=\"magnify\"><\/div>\n<p><span style=\"color: #000000;\">Tres vasos de chupito de diferentes formas y tama\u00f1os.<\/span><\/p>\n<\/div>\n<\/div>\n<\/div>\n<div class=\"thumb tright\">\n<div class=\"thumbinner\">\n<p><span style=\"color: #000000;\"><a class=\"image\" style=\"color: #000000;\" href=\"https:\/\/en.wikipedia.org\/wiki\/File:Novelty_Shot_Glasses.JPG\" target=\"_blank\" rel=\"noopener\"><img loading=\"lazy\" decoding=\"async\" class=\"thumbimage\" src=\"https:\/\/upload.wikimedia.org\/wikipedia\/commons\/thumb\/0\/0b\/Novelty_Shot_Glasses.JPG\/220px-Novelty_Shot_Glasses.JPG\" srcset=\"\/\/upload.wikimedia.org\/wikipedia\/commons\/thumb\/0\/0b\/Novelty_Shot_Glasses.JPG\/330px-Novelty_Shot_Glasses.JPG 1.5x, \/\/upload.wikimedia.org\/wikipedia\/commons\/thumb\/0\/0b\/Novelty_Shot_Glasses.JPG\/440px-Novelty_Shot_Glasses.JPG 2x\" alt=\"\" width=\"220\" height=\"121\" data-file-width=\"3048\" data-file-height=\"1683\"><\/a><\/span><\/p>\n<div class=\"thumbcaption\">\n<div class=\"magnify\"><\/div>\n<p><span style=\"color: #000000;\">Vasos de chupito con variedad de dise\u00f1os. Los vasos de chupito como estos suelen coleccionarse como art\u00edculos novedosos.<\/span><\/p>\n<\/div>\n<\/div>\n<\/div>\n<p><span style=\"color: #000000;\">A <b>Chupito<\/b> es una peque\u00f1a <a class=\"mw-redirect\" style=\"color: #000000;\" title=\"Vidrio (bebidas)\" href=\"https:\/\/en.wikipedia.org\/wiki\/Glass_(drinkware)\" target=\"_blank\" rel=\"nofollow noopener\">vaso<\/a> dise\u00f1ado para sostener o medir <a style=\"color: #000000;\" title=\"bebida destilada\" href=\"https:\/\/en.wikipedia.org\/wiki\/Distilled_beverage\" target=\"_blank\" rel=\"nofollow noopener\">bebidas espirituosas o licor<\/a>, que se bebe directamente del vaso (\u201cun trago\u201d) o se vierte en una <a style=\"color: #000000;\" title=\"C\u00f3ctel\" href=\"https:\/\/en.wikipedia.org\/wiki\/Cocktail\" target=\"_blank\" rel=\"nofollow noopener\">c\u00f3ctel<\/a>. No es lo mismo un \u201ctrago\u201d de licor que un \u201c<a style=\"color: #000000;\" title=\"Tirador (bebida)\" href=\"https:\/\/en.wikipedia.org\/wiki\/Shooter_(drink)\" target=\"_blank\" rel=\"nofollow noopener\">tirador<\/a>&#8220;.<\/span><\/p>\n<p><span style=\"color: #000000;\">Vasos de chupito decorados con una amplia variedad de <a style=\"color: #000000;\" title=\"Brindis (honor)\" href=\"https:\/\/en.wikipedia.org\/wiki\/Toast_(honor)\" target=\"_blank\" rel=\"nofollow noopener\">brindis<\/a>, los anuncios y las im\u00e1genes humor\u00edsticas son populares. <a style=\"color: #000000;\" title=\"Recuerdo\" href=\"https:\/\/en.wikipedia.org\/wiki\/Souvenir\" target=\"_blank\" rel=\"nofollow noopener\">recuerdos<\/a> y <a style=\"color: #000000;\" title=\"cervecera\" href=\"https:\/\/en.wikipedia.org\/wiki\/Breweriana\" target=\"_blank\" rel=\"nofollow noopener\">coleccionables<\/a>.<\/span><\/p>\n<\/div>\n<\/div>","protected":false},"excerpt":{"rendered":"<p>El vaso Skull Shot es una opci\u00f3n audaz y distintiva para servir tragos, que combina un toque macabro con un toque divertido. Ideales para fiestas tem\u00e1ticas, ocasiones especiales o como complemento \u00fanico para cualquier colecci\u00f3n de bar, estos vasos est\u00e1n dise\u00f1ados para parecerse a un cr\u00e1neo humano y ofrecen una forma visualmente impactante de disfrutar de sus bebidas espirituosas favoritas. Ya sea para una celebraci\u00f3n de Halloween, un evento con tem\u00e1tica pirata o simplemente para agregar algo de car\u00e1cter a la barra de su hogar, los vasos Skull Shot seguramente dar\u00e1n inicio a una conversaci\u00f3n.<\/p>","protected":false},"featured_media":4067,"comment_status":"closed","ping_status":"closed","template":"","meta":[],"class_list":["post-1001","product","type-product","status-publish","has-post-thumbnail","hentry","product_cat-branded-glasses","product_cat-shot-glasses","product_tag-branded-glasses","product_tag-shot-glasses"],"_links":{"self":[{"href":"https:\/\/lidaglassware.com\/es\/wp-json\/wp\/v2\/product\/1001","targetHints":{"allow":["GET"]}}],"collection":[{"href":"https:\/\/lidaglassware.com\/es\/wp-json\/wp\/v2\/product"}],"about":[{"href":"https:\/\/lidaglassware.com\/es\/wp-json\/wp\/v2\/types\/product"}],"replies":[{"embeddable":true,"href":"https:\/\/lidaglassware.com\/es\/wp-json\/wp\/v2\/comments?post=1001"}],"wp:featuredmedia":[{"embeddable":true,"href":"https:\/\/lidaglassware.com\/es\/wp-json\/wp\/v2\/media\/4067"}],"wp:attachment":[{"href":"https:\/\/lidaglassware.com\/es\/wp-json\/wp\/v2\/media?parent=1001"}],"curies":[{"name":"wp","href":"https:\/\/api.w.org\/{rel}","templated":true}]}}