{"id":1038,"date":"2021-07-15T17:09:28","date_gmt":"2021-07-16T01:09:28","guid":{"rendered":"https:\/\/lidaglassware.com\/?post_type=product&#038;p=1038"},"modified":"2021-07-18T23:44:18","modified_gmt":"2021-07-19T07:44:18","slug":"cocktail-shaker-lid-with-silicone-seals-for-regular-mouth-mason-ball-canning-jars-stainless-steel","status":"publish","type":"product","link":"https:\/\/lidaglassware.com\/es\/producto\/tapa-de-coctelera-con-sellos-de-silicona-para-tarros-de-latas-de-boca-normal-mason-ball-acero-inoxidable\/","title":{"rendered":"Tapa de coctelera con sellos de silicona para boca regular, tarros de conservas (acero inoxidable)"},"content":{"rendered":"<h4><span style=\"color: #333333;\">Caracter\u00edsticas<\/span><\/h4>\n<ul>\n<li>Tapa de coctelera<\/li>\n<li>Material: Acero inoxidable<\/li>\n<li>Color: Color metal, pulido o sin pulir.<\/li>\n<li>Uso: Para tarro o taza Mason<\/li>\n<li>El logotipo l\u00e1ser es aceptable<\/li>\n<li>Alimentos seguros<\/li>\n<li>Embalado con tarro o taza Mason<\/li>\n<\/ul>\n<p>\u00a1Esta tapa de coctelera de acero inoxidable no gotea y no se oxida! Probamos todas las cocteleras para tarros Mason del mercado y descubrimos que todas goteaban cuando las agitaba, ya sea donde el frasco se une con la tapa o donde se unen la tapa y la tapa peque\u00f1a. Nuestra soluci\u00f3n fueron dos anillos de sellado de silicona dise\u00f1ados a medida y ahora podemos ofrecer a nuestros clientes el mejor producto del mercado.<\/p>\n<p>&nbsp;<\/p>","protected":false},"excerpt":{"rendered":"<p>Mezcla tus bebidas con estilo. Esta exclusiva tapa agitadora de tarro Mason seguramente atraer\u00e1 la atenci\u00f3n y los comentarios. Compra extras para tus amigos porque se pondr\u00e1n celosos cuando enrosques esta incre\u00edble tapa en tu tarro Mason y prepares una tanda de deliciosos martinis, margaritas o el c\u00f3ctel de tu casa del momento.<\/p>","protected":false},"featured_media":1168,"comment_status":"closed","ping_status":"closed","template":"","meta":[],"class_list":["post-1038","product","type-product","status-publish","has-post-thumbnail","hentry","product_cat-bottles-and-jars","product_tag-mason-jar-mug","product_tag-shaker-lid"],"_links":{"self":[{"href":"https:\/\/lidaglassware.com\/es\/wp-json\/wp\/v2\/product\/1038","targetHints":{"allow":["GET"]}}],"collection":[{"href":"https:\/\/lidaglassware.com\/es\/wp-json\/wp\/v2\/product"}],"about":[{"href":"https:\/\/lidaglassware.com\/es\/wp-json\/wp\/v2\/types\/product"}],"replies":[{"embeddable":true,"href":"https:\/\/lidaglassware.com\/es\/wp-json\/wp\/v2\/comments?post=1038"}],"wp:featuredmedia":[{"embeddable":true,"href":"https:\/\/lidaglassware.com\/es\/wp-json\/wp\/v2\/media\/1168"}],"wp:attachment":[{"href":"https:\/\/lidaglassware.com\/es\/wp-json\/wp\/v2\/media?parent=1038"}],"curies":[{"name":"wp","href":"https:\/\/api.w.org\/{rel}","templated":true}]}}