{"id":1047,"date":"2021-07-15T17:11:10","date_gmt":"2021-07-16T01:11:10","guid":{"rendered":"https:\/\/lidaglassware.com\/?post_type=product&#038;p=1047"},"modified":"2021-07-18T23:49:26","modified_gmt":"2021-07-19T07:49:26","slug":"mason-jar-mug-20oz-with-shaker-lid-580ml","status":"publish","type":"product","link":"https:\/\/lidaglassware.com\/es\/producto\/taza-mason-jar-20oz-con-tapa-coctelera-580ml\/","title":{"rendered":"Taza Mason Jar de 20 oz con tapa agitadora \/ 580 ml"},"content":{"rendered":"<p>Un bonito recordatorio de los c\u00e1lidos d\u00edas de verano, esta taza de tarro de cristal se remonta a los viejos tiempos. Es fant\u00e1stico para el uso diario y es la base perfecta para regalos y manualidades de temporada.<\/p>\n<ul>\n<li>Taza de tarro de mas\u00f3n de 20 oz<\/li>\n<li>Material: vidrio de cal sodada<\/li>\n<li>Color: Seg\u00fan Pantone\n<p>Accesorio: Taza Mason Jar con tapa agitadora<\/li>\n<li>Logotipo en relieve cambiable<\/li>\n<li>Aptas para el lavavajillas<\/li>\n<li>Disponible en caja de regalo<\/li>\n<\/ul>","protected":false},"excerpt":{"rendered":"<p>A nice reminder of warm summer days, this mason jar mug harkens back to the good old days. It&#8217;s great for everyday use, and it is the perfect basis for seasonal gifts and crafts. Mason Jar Mug 20oz Material: Soda Lime Glass Color: According to Pantone Accessory: Mason jar mug with shaker lid Changable Embossed [&hellip;]<\/p>","protected":false},"featured_media":1177,"comment_status":"closed","ping_status":"closed","template":"","meta":[],"class_list":["post-1047","product","type-product","status-publish","has-post-thumbnail","hentry","product_cat-bottles-and-jars","product_tag-mason-jar-mug"],"_links":{"self":[{"href":"https:\/\/lidaglassware.com\/es\/wp-json\/wp\/v2\/product\/1047","targetHints":{"allow":["GET"]}}],"collection":[{"href":"https:\/\/lidaglassware.com\/es\/wp-json\/wp\/v2\/product"}],"about":[{"href":"https:\/\/lidaglassware.com\/es\/wp-json\/wp\/v2\/types\/product"}],"replies":[{"embeddable":true,"href":"https:\/\/lidaglassware.com\/es\/wp-json\/wp\/v2\/comments?post=1047"}],"wp:featuredmedia":[{"embeddable":true,"href":"https:\/\/lidaglassware.com\/es\/wp-json\/wp\/v2\/media\/1177"}],"wp:attachment":[{"href":"https:\/\/lidaglassware.com\/es\/wp-json\/wp\/v2\/media?parent=1047"}],"curies":[{"name":"wp","href":"https:\/\/api.w.org\/{rel}","templated":true}]}}