{"id":1051,"date":"2021-07-15T17:11:50","date_gmt":"2021-07-16T01:11:50","guid":{"rendered":"https:\/\/lidaglassware.com\/?post_type=product&#038;p=1051"},"modified":"2022-09-27T01:35:23","modified_gmt":"2022-09-27T09:35:23","slug":"custom-shot-glasses-1-4oz-40ml","status":"publish","type":"product","link":"https:\/\/lidaglassware.com\/es\/producto\/vasos-de-chupito-personalizados-1-4oz-40ml\/","title":{"rendered":"Vasos de chupito personalizados 1,4 oz \/ 40 ml"},"content":{"rendered":"<h2>Vasos de Chupito 1.4oz \/ 40ml<\/h2>\n<p>\u00a1Haz que tu vino destaque!<\/p>\n<p>\u00a1Que sea el mejor material de marketing para tu marca de licores!<\/p>\n<p>Diferentes decoraciones para su elecci\u00f3n as\u00ed como dise\u00f1o de caja de embalaje especial.<\/p>\n<p>Ideales para cualquier bebida espirituosa, los vasos de chupito son el comienzo perfecto de la fiesta. Este dise\u00f1o ofrece un vaso m\u00e1s elegante con una tapa ancha y una base gruesa y pesada, lo que ayuda a ofrecer una apariencia atrevida para acompa\u00f1ar sus bebidas.<\/p>\n<p>&nbsp;<\/p>\n<h1 id=\"firstHeading\" class=\"firstHeading\" lang=\"en\">Chupito<\/h1>\n<div id=\"bodyContent\" class=\"mw-body-content\">\n<div id=\"siteSub\">De Wikipedia, la enciclopedia libre<\/div>\n<div id=\"contentSub\"><\/div>\n<div id=\"jump-to-nav\" class=\"mw-jump\"><\/div>\n<div id=\"mw-content-text\" class=\"mw-content-ltr\" dir=\"ltr\" lang=\"en\">\n<div class=\"thumb tright\">\n<div class=\"thumbinner\">\n<p><a class=\"image\" href=\"https:\/\/en.wikipedia.org\/wiki\/File:Three_shotglasses.jpg\" target=\"_blank\" rel=\"noopener\"><img decoding=\"async\" class=\"thumbimage\" src=\"https:\/\/upload.wikimedia.org\/wikipedia\/commons\/thumb\/f\/fb\/Three_shotglasses.jpg\/220px-Three_shotglasses.jpg\" srcset=\"\/\/upload.wikimedia.org\/wikipedia\/commons\/thumb\/f\/fb\/Three_shotglasses.jpg\/330px-Three_shotglasses.jpg 1.5x, \/\/upload.wikimedia.org\/wikipedia\/commons\/thumb\/f\/fb\/Three_shotglasses.jpg\/440px-Three_shotglasses.jpg 2x\" alt=\"\" width=\"220\" height=\"174\" data-file-width=\"3136\" data-file-height=\"2480\"><\/a><\/p>\n<div class=\"thumbcaption\">\n<div class=\"magnify\"><\/div>\n<p>Tres vasos de chupito de diferentes formas y tama\u00f1os.<\/p>\n<\/div>\n<\/div>\n<\/div>\n<div class=\"thumb tright\">\n<div class=\"thumbinner\">\n<p><a class=\"image\" href=\"https:\/\/en.wikipedia.org\/wiki\/File:Novelty_Shot_Glasses.JPG\" target=\"_blank\" rel=\"noopener\"><img decoding=\"async\" class=\"thumbimage\" src=\"https:\/\/upload.wikimedia.org\/wikipedia\/commons\/thumb\/0\/0b\/Novelty_Shot_Glasses.JPG\/220px-Novelty_Shot_Glasses.JPG\" srcset=\"\/\/upload.wikimedia.org\/wikipedia\/commons\/thumb\/0\/0b\/Novelty_Shot_Glasses.JPG\/330px-Novelty_Shot_Glasses.JPG 1.5x, \/\/upload.wikimedia.org\/wikipedia\/commons\/thumb\/0\/0b\/Novelty_Shot_Glasses.JPG\/440px-Novelty_Shot_Glasses.JPG 2x\" alt=\"\" width=\"220\" height=\"121\" data-file-width=\"3048\" data-file-height=\"1683\"><\/a><\/p>\n<div class=\"thumbcaption\">\n<div class=\"magnify\"><\/div>\n<p>Vasos de chupito con variedad de dise\u00f1os. Los vasos de chupito como estos suelen coleccionarse como art\u00edculos novedosos.<\/p>\n<\/div>\n<\/div>\n<\/div>\n<p>A <b>Chupito<\/b> es una peque\u00f1a <a class=\"mw-redirect\" title=\"Vidrio (bebidas)\" href=\"https:\/\/en.wikipedia.org\/wiki\/Glass_(drinkware)\" target=\"_blank\" rel=\"noopener\">vaso<\/a> dise\u00f1ado para sostener o medir <a title=\"bebida destilada\" href=\"https:\/\/en.wikipedia.org\/wiki\/Distilled_beverage\" target=\"_blank\" rel=\"noopener\">bebidas espirituosas o licor<\/a>, que se bebe directamente del vaso (\u201cun trago\u201d) o se vierte en una <a title=\"C\u00f3ctel\" href=\"https:\/\/en.wikipedia.org\/wiki\/Cocktail\" target=\"_blank\" rel=\"noopener\">c\u00f3ctel<\/a>. No es lo mismo un \u201ctrago\u201d de licor que un \u201c<a title=\"Tirador (bebida)\" href=\"https:\/\/en.wikipedia.org\/wiki\/Shooter_(drink)\" target=\"_blank\" rel=\"noopener\">tirador<\/a>&#8220;.<\/p>\n<p>Vasos de chupito decorados con una amplia variedad de <a title=\"Brindis (honor)\" href=\"https:\/\/en.wikipedia.org\/wiki\/Toast_(honor)\" target=\"_blank\" rel=\"noopener\">brindis<\/a>, los anuncios y las im\u00e1genes humor\u00edsticas son populares. <a title=\"Recuerdo\" href=\"https:\/\/en.wikipedia.org\/wiki\/Souvenir\" target=\"_blank\" rel=\"noopener\">recuerdos<\/a> y <a title=\"cervecera\" href=\"https:\/\/en.wikipedia.org\/wiki\/Breweriana\" target=\"_blank\" rel=\"noopener\">coleccionables<\/a>.<\/p>\n<\/div>\n<\/div>","protected":false},"excerpt":{"rendered":"<p>Shot Glasses 1.4oz \/ 40ml Make your wine stand out! Let it be the best marketing material for your liquor brand! Different decorations for your choice as well as special packing box design. Ideal for any spirits, the shot glasses\u00a0are the perfect party starter. This design offers a more stylish glass with a wide\u00a0top and [&hellip;]<\/p>","protected":false},"featured_media":1180,"comment_status":"closed","ping_status":"closed","template":"","meta":[],"class_list":["post-1051","product","type-product","status-publish","has-post-thumbnail","hentry","product_cat-shot-glasses","product_tag-custom-glasses","product_tag-decorated-glasses","product_tag-liquor-promoting","product_tag-shot-glasses"],"_links":{"self":[{"href":"https:\/\/lidaglassware.com\/es\/wp-json\/wp\/v2\/product\/1051","targetHints":{"allow":["GET"]}}],"collection":[{"href":"https:\/\/lidaglassware.com\/es\/wp-json\/wp\/v2\/product"}],"about":[{"href":"https:\/\/lidaglassware.com\/es\/wp-json\/wp\/v2\/types\/product"}],"replies":[{"embeddable":true,"href":"https:\/\/lidaglassware.com\/es\/wp-json\/wp\/v2\/comments?post=1051"}],"wp:featuredmedia":[{"embeddable":true,"href":"https:\/\/lidaglassware.com\/es\/wp-json\/wp\/v2\/media\/1180"}],"wp:attachment":[{"href":"https:\/\/lidaglassware.com\/es\/wp-json\/wp\/v2\/media?parent=1051"}],"curies":[{"name":"wp","href":"https:\/\/api.w.org\/{rel}","templated":true}]}}