{"id":1079,"date":"2021-07-15T17:16:41","date_gmt":"2021-07-16T01:16:41","guid":{"rendered":"https:\/\/lidaglassware.com\/?post_type=product&#038;p=1079"},"modified":"2021-07-20T17:45:52","modified_gmt":"2021-07-21T01:45:52","slug":"golden-decoration-glass-candle-holder-13-5oz-380ml","status":"publish","type":"product","link":"https:\/\/lidaglassware.com\/es\/producto\/candelabro-de-vidrio-con-decoracion-dorada-13-5oz-380ml\/","title":{"rendered":"Candelabro de Vidrio con Decoraci\u00f3n Dorada 13.5oz \/ 380ml"},"content":{"rendered":"<h2>Candelabro de Vidrio con Decoraci\u00f3n Dorada 13.5oz \/ 380ml<\/h2>\n<p>El cristal transparente permite que la luz de las velas cree un brillo encantador para cualquier ocasi\u00f3n. Cree un incre\u00edble paisaje de mesa para bodas y cenas o haga brillar una hermosa luminiscencia que genere un ambiente elegante en sus dormitorios, ba\u00f1os o donde desee esa luna tranquila y relajante que solo brinda la luz de las velas.<\/p>\n<p>Si quieres ganarle al mercado normal de velas, necesitas dise\u00f1ar la tuya propia para la competencia, para obtener ganancias. Estamos aqu\u00ed esper\u00e1ndote, para darnos cuenta de lo que piensas y lo que necesitas.<\/p>\n<p>Tenemos diferentes soluciones para ti. \u00a1Solo llama o env\u00eda un correo electr\u00f3nico!<\/p>","protected":false},"excerpt":{"rendered":"<p>Preciosos portavelas, hacen tu vida hermosa y sencilla. \u00a1Los portavasos son las mejores opciones!<\/p>","protected":false},"featured_media":1198,"comment_status":"closed","ping_status":"closed","template":"","meta":[],"class_list":["post-1079","product","type-product","status-publish","has-post-thumbnail","hentry","product_cat-glass-candle-holders","product_tag-branded-glasses","product_tag-decorated-glasses","product_tag-glass-candle-holder","product_tag-whiskey-glass"],"_links":{"self":[{"href":"https:\/\/lidaglassware.com\/es\/wp-json\/wp\/v2\/product\/1079","targetHints":{"allow":["GET"]}}],"collection":[{"href":"https:\/\/lidaglassware.com\/es\/wp-json\/wp\/v2\/product"}],"about":[{"href":"https:\/\/lidaglassware.com\/es\/wp-json\/wp\/v2\/types\/product"}],"replies":[{"embeddable":true,"href":"https:\/\/lidaglassware.com\/es\/wp-json\/wp\/v2\/comments?post=1079"}],"wp:featuredmedia":[{"embeddable":true,"href":"https:\/\/lidaglassware.com\/es\/wp-json\/wp\/v2\/media\/1198"}],"wp:attachment":[{"href":"https:\/\/lidaglassware.com\/es\/wp-json\/wp\/v2\/media?parent=1079"}],"curies":[{"name":"wp","href":"https:\/\/api.w.org\/{rel}","templated":true}]}}