{"id":1145,"date":"2021-07-15T17:27:43","date_gmt":"2021-07-16T01:27:43","guid":{"rendered":"https:\/\/lidaglassware.com\/?post_type=product&#038;p=1145"},"modified":"2021-07-18T23:31:26","modified_gmt":"2021-07-19T07:31:26","slug":"colored-pint-glass-with-inside-pattern-16oz-453ml","status":"publish","type":"product","link":"https:\/\/lidaglassware.com\/es\/producto\/colored-pint-glass-with-inside-pattern-16oz-453ml\/","title":{"rendered":"Vaso de pinta de color con patr\u00f3n interior 16oz \/ 453ml"},"content":{"rendered":"<h1><span style=\"color: #000000;\">Vaso de pinta de color con patr\u00f3n interior 16oz \/ 453ml<\/span><\/h1>\n<div class=\"fusion-li-item-content\">\n<ul>\n<li>Vaso de pinta de color con patr\u00f3n interior<\/li>\n<\/ul>\n<\/div>\n<div class=\"fusion-li-item-content\">\n<ul>\n<li>Material: vidrio de cal sodada<\/li>\n<\/ul>\n<\/div>\n<div class=\"fusion-li-item-content\">\n<ul>\n<li>Base pesada<\/li>\n<\/ul>\n<\/div>\n<div class=\"fusion-li-item-content\">\n<ul>\n<li>Forma V<\/li>\n<\/ul>\n<\/div>\n<div class=\"fusion-li-item-content\">\n<ul>\n<li>Aptas para el lavavajillas<\/li>\n<\/ul>\n<\/div>\n<div class=\"fusion-li-item-content\">\n<ul>\n<li>Disponible en caja de regalo<\/li>\n<\/ul>\n<\/div>\n<div class=\"fusion-li-item-content\">\n<ul>\n<li>El logotipo es bienvenido<\/li>\n<\/ul>\n<p>&nbsp;<\/p>\n<\/div>\n<p>Estos vasos de pinta de colores sirven para cerveza y vasos mezcladores para c\u00f3cteles y otras bebidas mixtas.<\/p>\n<p>Los colores Pantone son viables para su elecci\u00f3n personalizada. Utilizan tintes EP y son aptos para lavavajillas.<\/p>\n<p>Los vasos de pinta personalizados muestran una empresa comprometida con la divulgaci\u00f3n y con una perspectiva empresarial \u00fanica.<\/p>\n<p>Para que su marca se destaque, su logotipo personalizado es imprescindible.<\/p>","protected":false},"excerpt":{"rendered":"<p>Esto es m\u00e1s personal que sus competidores. Funcionan bien como art\u00edculos promocionales para bodas, eventos corporativos o cualquier ocasi\u00f3n festiva.<\/p>","protected":false},"featured_media":1251,"comment_status":"closed","ping_status":"closed","template":"","meta":[],"class_list":["post-1145","product","type-product","status-publish","has-post-thumbnail","hentry","product_cat-beer-glasses","product_cat-colored-glasses","product_tag-colored-glass","product_tag-decorated-glasses","product_tag-glass-tumbler","product_tag-pint-glass","product_tag-sprayed-glass","product_tag-table-glass","product_tag-wine-glass"],"_links":{"self":[{"href":"https:\/\/lidaglassware.com\/es\/wp-json\/wp\/v2\/product\/1145","targetHints":{"allow":["GET"]}}],"collection":[{"href":"https:\/\/lidaglassware.com\/es\/wp-json\/wp\/v2\/product"}],"about":[{"href":"https:\/\/lidaglassware.com\/es\/wp-json\/wp\/v2\/types\/product"}],"replies":[{"embeddable":true,"href":"https:\/\/lidaglassware.com\/es\/wp-json\/wp\/v2\/comments?post=1145"}],"wp:featuredmedia":[{"embeddable":true,"href":"https:\/\/lidaglassware.com\/es\/wp-json\/wp\/v2\/media\/1251"}],"wp:attachment":[{"href":"https:\/\/lidaglassware.com\/es\/wp-json\/wp\/v2\/media?parent=1145"}],"curies":[{"name":"wp","href":"https:\/\/api.w.org\/{rel}","templated":true}]}}