{"id":1171,"date":"2021-07-15T17:30:49","date_gmt":"2021-07-16T01:30:49","guid":{"rendered":"https:\/\/lidaglassware.com\/?post_type=product&#038;p=1171"},"modified":"2024-01-16T18:08:02","modified_gmt":"2024-01-17T02:08:02","slug":"decorated-bullet-shot-glasses-1-5oz-40ml","status":"publish","type":"product","link":"https:\/\/lidaglassware.com\/es\/producto\/vasos-de-tiro-bala-decorados-1-5oz-40ml\/","title":{"rendered":"Vasos de chupito tipo bala decorados 1,5 oz \/ 40 ml"},"content":{"rendered":"<h2>Vasos de chupito Bullet decorados<\/h2>\n<p>Este peque\u00f1o vaso de chupito es perfecto para balancearse hacia atr\u00e1s y derribar a esos tiradores que hacen llorar los ojos.<\/p>\n<p>La base gruesa le da a este vaso resistencia y robustez adicionales, brind\u00e1ndole tranquilidad al repartir tomas de aspecto peligroso entre amigos.<\/p>\n<p><strong>Caracter\u00edsticas del producto de los vasos Bullet Shot:<\/strong><\/p>\n<ul>\n<li><strong>Dise\u00f1o distintivo:<\/strong> Los vasos Bullet Shot cuentan con un dise\u00f1o \u00fanico con una bala incrustada en el costado del vaso, lo que da la apariencia de que se ha disparado. Este dise\u00f1o distintivo hace que estos vasos destaquen y agrega un toque de encanto resistente a su colecci\u00f3n de art\u00edculos de bar. Pero a veces tambi\u00e9n llamamos vaso de chupito peque\u00f1o con forma redonda Vaso de chupito de bala.<\/li>\n<\/ul>\n<p><img fetchpriority=\"high\" decoding=\"async\" class=\"aligncenter size-full wp-image-4105\" src=\"https:\/\/lidaglassware.com\/wp-content\/uploads\/2021\/07\/Bullet-Shot-Glasses.jpg\" alt=\"Vasos de tiro tipo bala\" width=\"900\" height=\"622\" srcset=\"https:\/\/lidaglassware.com\/wp-content\/uploads\/2021\/07\/Bullet-Shot-Glasses.jpg 900w, https:\/\/lidaglassware.com\/wp-content\/uploads\/2021\/07\/Bullet-Shot-Glasses-300x207.jpg 300w, https:\/\/lidaglassware.com\/wp-content\/uploads\/2021\/07\/Bullet-Shot-Glasses-768x531.jpg 768w, https:\/\/lidaglassware.com\/wp-content\/uploads\/2021\/07\/Bullet-Shot-Glasses-18x12.jpg 18w, https:\/\/lidaglassware.com\/wp-content\/uploads\/2021\/07\/Bullet-Shot-Glasses-600x415.jpg 600w\" sizes=\"(max-width: 900px) 100vw, 900px\" \/><\/p>\n<ul>\n<li><strong>Material de alta calidad:<\/strong> Hechos de vidrio duradero y de alta calidad, estos vasos de chupito est\u00e1n dise\u00f1ados para durar y resistir el uso regular.<\/li>\n<li><strong>Capacidad est\u00e1ndar:<\/strong> Por lo general, est\u00e1 dise\u00f1ado para contener el volumen de trago est\u00e1ndar (alrededor de 1,5 a 2 onzas), perfecto para servir bebidas espirituosas y licores.<\/li>\n<li><strong>Base estable:<\/strong> A pesar del dise\u00f1o \u00fanico, estos vasos mantienen una base estable para garantizar que su bebida permanezca segura en la mesa.<\/li>\n<li><strong>Iniciador de conversaci\u00f3n:<\/strong> El dise\u00f1o de bala incrustado seguramente llamar\u00e1 la atenci\u00f3n y generar\u00e1 conversaci\u00f3n entre sus invitados.<\/li>\n<li><strong>Regalo ideal:<\/strong> Los vasos Bullet Shot son un regalo \u00fanico e inolvidable, especialmente para aquellos que aprecian los art\u00edculos de bar novedosos y tem\u00e1ticos.<\/li>\n<li><strong>F\u00e1cil de limpiar:<\/strong> Estos vasos son f\u00e1ciles de limpiar y mantener, aunque se recomienda lavarlos a mano para preservar el intrincado detalle del dise\u00f1o de la bala.<\/li>\n<\/ul>\n<p><strong>Uso de vasos de chupito tipo bala:<\/strong><\/p>\n<p>Los vasos Bullet Shot son perfectos para una variedad de ocasiones y agregan un toque \u00fanico y tem\u00e1tico a su experiencia de beber. Se pueden utilizar para servir tragos de whisky, tequila, vodka o cualquier otro licor de su elecci\u00f3n. Estos vasos son particularmente populares para fiestas tem\u00e1ticas, eventos especiales o como complemento \u00fanico para cualquier bar en casa. Tambi\u00e9n pueden servir como una interesante pieza de exhibici\u00f3n o como parte de un conjunto de coleccionista.<\/p>","protected":false},"excerpt":{"rendered":"<p>El vaso Bullet Shot, con capacidad para 40 ml del trago deseado, es ideal para cualquier cosa, desde un trago de tequila hasta un trago de whisky.<\/p>\n<p>Los vasos Bullet Shot son el ep\u00edtome de los art\u00edculos de bar atrevidos y vanguardistas, y presentan un dise\u00f1o llamativo con una bala falsa incrustada en el costado, creando la ilusi\u00f3n de un vaso a medio tomar. Elaborados con vidrio de alta calidad para mayor durabilidad y una visualizaci\u00f3n clara de sus bebidas espirituosas favoritas, estos vasos tienen el volumen de trago est\u00e1ndar, lo que los hace perfectos para disfrutar de whisky, tequila o vodka. Ideales para fiestas tem\u00e1ticas, como art\u00edculos de colecci\u00f3n o como regalo \u00fanico, los vasos Bullet Shot prometen iniciar una conversaci\u00f3n y ser una adici\u00f3n destacada a cualquier colecci\u00f3n de bares en el hogar.<\/p>","protected":false},"featured_media":1265,"comment_status":"closed","ping_status":"closed","template":"","meta":[],"class_list":["post-1171","product","type-product","status-publish","has-post-thumbnail","hentry","product_cat-colored-glasses","product_cat-shot-glasses","product_tag-colored-glass","product_tag-decorated-glasses","product_tag-liquor-promoting","product_tag-shot-glasses"],"_links":{"self":[{"href":"https:\/\/lidaglassware.com\/es\/wp-json\/wp\/v2\/product\/1171","targetHints":{"allow":["GET"]}}],"collection":[{"href":"https:\/\/lidaglassware.com\/es\/wp-json\/wp\/v2\/product"}],"about":[{"href":"https:\/\/lidaglassware.com\/es\/wp-json\/wp\/v2\/types\/product"}],"replies":[{"embeddable":true,"href":"https:\/\/lidaglassware.com\/es\/wp-json\/wp\/v2\/comments?post=1171"}],"wp:featuredmedia":[{"embeddable":true,"href":"https:\/\/lidaglassware.com\/es\/wp-json\/wp\/v2\/media\/1265"}],"wp:attachment":[{"href":"https:\/\/lidaglassware.com\/es\/wp-json\/wp\/v2\/media?parent=1171"}],"curies":[{"name":"wp","href":"https:\/\/api.w.org\/{rel}","templated":true}]}}