{"id":2021,"date":"2023-08-02T22:41:30","date_gmt":"2023-08-03T06:41:30","guid":{"rendered":"https:\/\/lidaglassware.com\/?post_type=product&#038;p=2021"},"modified":"2023-08-02T23:11:22","modified_gmt":"2023-08-03T07:11:22","slug":"premium-crystal-whiskey-glass-320ml","status":"publish","type":"product","link":"https:\/\/lidaglassware.com\/es\/producto\/vaso-de-whisky-de-cristal-premium-320ml\/","title":{"rendered":"Vaso de Whisky Cristal Premium 320ml"},"content":{"rendered":"<h2>Vaso de Whisky Cristal Premium 320ml<\/h2>\n<p><em><strong>Secci\u00f3n 1: \u201cUn toque de elegancia\u201d<\/strong><\/em><\/p>\n<p>Disfrute de la sofisticaci\u00f3n incomparable de nuestros vasos de whisky de cristal, elaborados a la perfecci\u00f3n para quienes aprecian la verdadera calidad. Estos elegantes vasos no s\u00f3lo son impresionantes a la vista, sino que tambi\u00e9n proporcionan el recipiente perfecto para su whisky favorito, realzando el sabor y el aroma. Con su brillo brillante y su sensaci\u00f3n de lujo, estos vasos elevan cada sorbo a una experiencia verdaderamente exquisita.<\/p>\n<p><em><strong>Secci\u00f3n 2: \u201cCreado para conocedores\u201d<\/strong><\/em><\/p>\n<p>Nuestros vasos de whisky de cristal est\u00e1n dise\u00f1ados pensando en el verdadero amante del whisky. Su forma \u00fanica permite que el whisky respire, realzando el sabor y brindando un sabor rico y con mucho cuerpo. La base pesada garantiza estabilidad, mientras que el borde fino ofrece una experiencia t\u00e1ctil agradable. Estas gafas son la elecci\u00f3n de los conocedores y a\u00f1aden un toque de clase a cualquier ocasi\u00f3n.<\/p>\n<p><em><strong>Secci\u00f3n 3: \u201cCalidad y artesan\u00eda duraderas\u201d<\/strong><\/em><\/p>\n<p>Cuando elige nuestros vasos de whisky de cristal, est\u00e1 invirtiendo en calidad y artesan\u00eda que durar\u00e1n muchos a\u00f1os. Cada vaso est\u00e1 meticulosamente elaborado para garantizar un acabado impecable. El cristal duradero proporciona una apariencia clara y brillante que no se desvanece ni se nubla. Conf\u00ede en la belleza duradera y el rendimiento de nuestros vasos de whisky de cristal para disfrutar de sus bebidas favoritas con estilo y gracia.<\/p>\n<div class=\"mw-body-content\">\n<div id=\"bodyContent\" class=\"mw-body-content\">\n<div id=\"mw-content-text\" class=\"mw-content-ltr\" dir=\"ltr\" lang=\"en\">\n<header class=\"content-header\"><\/header>\n<section class=\"content-body text incontent-ads-area\" data-track-section=\"Body\" data-track-ranker=\"*\">&nbsp;<\/p>\n<\/section>\n<\/div>\n<\/div>\n<\/div>","protected":false},"excerpt":{"rendered":"<p>Experimente una sofisticaci\u00f3n incomparable con nuestros vasos de whisky de cristal. Dise\u00f1ados para conocedores, estos vasos realzan el sabor y el aroma. \u00a1Disfruta hoy!<\/p>","protected":false},"featured_media":2062,"comment_status":"closed","ping_status":"closed","template":"","meta":[],"class_list":["post-2021","product","type-product","status-publish","has-post-thumbnail","hentry","product_cat-whiskey-glasses","product_tag-branded-glasses","product_tag-decal-process","product_tag-decorated-glasses","product_tag-whiskey-glass","product_tag-wine-glass"],"_links":{"self":[{"href":"https:\/\/lidaglassware.com\/es\/wp-json\/wp\/v2\/product\/2021","targetHints":{"allow":["GET"]}}],"collection":[{"href":"https:\/\/lidaglassware.com\/es\/wp-json\/wp\/v2\/product"}],"about":[{"href":"https:\/\/lidaglassware.com\/es\/wp-json\/wp\/v2\/types\/product"}],"replies":[{"embeddable":true,"href":"https:\/\/lidaglassware.com\/es\/wp-json\/wp\/v2\/comments?post=2021"}],"wp:featuredmedia":[{"embeddable":true,"href":"https:\/\/lidaglassware.com\/es\/wp-json\/wp\/v2\/media\/2062"}],"wp:attachment":[{"href":"https:\/\/lidaglassware.com\/es\/wp-json\/wp\/v2\/media?parent=2021"}],"curies":[{"name":"wp","href":"https:\/\/api.w.org\/{rel}","templated":true}]}}