{"id":2071,"date":"2023-08-02T23:29:44","date_gmt":"2023-08-03T07:29:44","guid":{"rendered":"https:\/\/lidaglassware.com\/?post_type=product&#038;p=2071"},"modified":"2023-09-04T04:02:19","modified_gmt":"2023-09-04T12:02:19","slug":"celebration-crystal-whiskey-glasses-230ml","status":"publish","type":"product","link":"https:\/\/lidaglassware.com\/es\/producto\/vasos-de-whisky-de-cristal-de-celebracion-230ml\/","title":{"rendered":"Vasos De Whisky Celebration Cristal 230ml"},"content":{"rendered":"<p><em><strong>Secci\u00f3n 1: &quot;Disfruta de la sofisticaci\u00f3n&quot;<\/strong><\/em><\/p>\n<p>Mejore su experiencia con el whisky con nuestros impresionantes vasos de whisky de cristal. Bellamente dise\u00f1ados para capturar la esencia de la elegancia, estos vasos brindan un toque lujoso al bar de su hogar. La fina artesan\u00eda garantiza un agarre c\u00f3modo y una experiencia de sorbo sensacional, dejando una impresi\u00f3n eterna en sus papilas gustativas y en sus invitados.<\/p>\n<p><em><strong>Secci\u00f3n 2: \u201cArte en cada detalle\u201d<\/strong><\/em><\/p>\n<p>Elaborados con el m\u00e1ximo cuidado y precisi\u00f3n, nuestros vasos de whisky de cristal muestran el arte de la cristaler\u00eda fina. El brillo deslumbrante, el equilibrio armonioso entre peso y est\u00e9tica y los intrincados detalles hacen de cada vaso una obra maestra. Estos vasos no son s\u00f3lo vasos; son un tema de conversaci\u00f3n, un s\u00edmbolo de prestigio y una obra de arte.<\/p>\n<p><em><strong>Secci\u00f3n 3: \u201cCelebrar con Calidad\u201d<\/strong><\/em><\/p>\n<p>La calidad importa cuando se trata de disfrutar de sus bebidas espirituosas favoritas, y nuestros vasos de whisky de cristal est\u00e1n a la altura de las expectativas. Fabricados con los mejores materiales, estos vasos ofrecen una claridad impecable que realza el atractivo visual de su whisky. Robustos pero sofisticados, est\u00e1n dise\u00f1ados para durar y destinados a convertirse en sus anteojos preferidos tanto para celebraciones como para veladas tranquilas.<\/p>\n<div class=\"mw-body-content\">\n<div id=\"bodyContent\" class=\"mw-body-content\">\n<div id=\"mw-content-text\" class=\"mw-content-ltr\" dir=\"ltr\" lang=\"en\">\n<header class=\"content-header\"><\/header>\n<section class=\"content-body text incontent-ads-area\" data-track-section=\"Body\" data-track-ranker=\"*\">\u00a0<\/section>\n<\/div>\n<\/div>\n<\/div>","protected":false},"excerpt":{"rendered":"<p>Obt\u00e9n la verdadera esencia del whisky con nuestras elegantes copas de cristal. La artesan\u00eda, la calidad y el arte se combinan para brindar la mejor experiencia.<\/p>","protected":false},"featured_media":2047,"comment_status":"closed","ping_status":"closed","template":"","meta":[],"class_list":["post-2071","product","type-product","status-publish","has-post-thumbnail","hentry","product_cat-whiskey-glasses","product_tag-branded-glasses","product_tag-decal-process","product_tag-decorated-glasses","product_tag-whiskey-glass","product_tag-wine-glass"],"_links":{"self":[{"href":"https:\/\/lidaglassware.com\/es\/wp-json\/wp\/v2\/product\/2071","targetHints":{"allow":["GET"]}}],"collection":[{"href":"https:\/\/lidaglassware.com\/es\/wp-json\/wp\/v2\/product"}],"about":[{"href":"https:\/\/lidaglassware.com\/es\/wp-json\/wp\/v2\/types\/product"}],"replies":[{"embeddable":true,"href":"https:\/\/lidaglassware.com\/es\/wp-json\/wp\/v2\/comments?post=2071"}],"wp:featuredmedia":[{"embeddable":true,"href":"https:\/\/lidaglassware.com\/es\/wp-json\/wp\/v2\/media\/2047"}],"wp:attachment":[{"href":"https:\/\/lidaglassware.com\/es\/wp-json\/wp\/v2\/media?parent=2071"}],"curies":[{"name":"wp","href":"https:\/\/api.w.org\/{rel}","templated":true}]}}