{"id":2966,"date":"2023-09-07T00:48:15","date_gmt":"2023-09-07T08:48:15","guid":{"rendered":"https:\/\/lidaglassware.com\/?post_type=product&#038;p=2966"},"modified":"2023-09-07T00:54:51","modified_gmt":"2023-09-07T08:54:51","slug":"vintage-sour-glass-155ml","status":"publish","type":"product","link":"https:\/\/lidaglassware.com\/es\/producto\/vaso-agrio-vintage-155ml\/","title":{"rendered":"Vaso Agrio Vintage 155ml"},"content":{"rendered":"<p>Vintage Sour Glass: Emb\u00e1rquese en un viaje nost\u00e1lgico con nuestra colecci\u00f3n Vintage Sour Glass bellamente elaborada. Dise\u00f1adas para capturar la esencia de \u00e9pocas pasadas, estas copas son un testimonio de la rica historia de la cultura de los c\u00f3cteles. Con su curvatura \u00fanica y su dise\u00f1o elegante, no son solo vasos, sino una obra de arte que eleva cada bebida que se sirve en ellos. La forma est\u00e1 meticulosamente elaborada para realzar el delicado equilibrio entre los componentes agridulces de los c\u00f3cteles cl\u00e1sicos, asegurando que cada sorbo sea una mezcla armoniosa de sabores. El tallo largo, una firma de dise\u00f1o vintage, garantiza que su bebida se mantenga fresca, brindando una experiencia de degustaci\u00f3n ininterrumpida. Ya sea que sea un barman experimentado, un entusiasta de los c\u00f3cteles o alguien que aprecia las cosas buenas de la vida, nuestro Vintage Sour Glass es una adici\u00f3n imprescindible a su colecci\u00f3n de art\u00edculos de bar. Sum\u00e9rgete en el mundo de la cocteler\u00eda cl\u00e1sica y deja que cada bebida sea un reflejo de elegancia y tradici\u00f3n. Explora nuestra gama y lleva a casa un toque de sofisticaci\u00f3n atemporal.<\/p>","protected":false},"excerpt":{"rendered":"<p>Vintage Sour Glass: mejore su experiencia de c\u00f3ctel con nuestro Vintage Sour Glass de dise\u00f1o aut\u00e9ntico. Con una forma perfecta para resaltar el equilibrio entre lo agridulce en las bebidas cl\u00e1sicas, su elegante curva y su largo tallo combinan tradici\u00f3n con funcionalidad. Imprescindible para los aficionados a los c\u00f3cteles y aquellos con inclinaci\u00f3n por la elegancia atemporal.<\/p>","protected":false},"featured_media":2947,"comment_status":"open","ping_status":"closed","template":"","meta":[],"class_list":["post-2966","product","type-product","status-publish","has-post-thumbnail","hentry","product_cat-cocktail-glasses","product_tag-cocktail-glasses"],"_links":{"self":[{"href":"https:\/\/lidaglassware.com\/es\/wp-json\/wp\/v2\/product\/2966","targetHints":{"allow":["GET"]}}],"collection":[{"href":"https:\/\/lidaglassware.com\/es\/wp-json\/wp\/v2\/product"}],"about":[{"href":"https:\/\/lidaglassware.com\/es\/wp-json\/wp\/v2\/types\/product"}],"replies":[{"embeddable":true,"href":"https:\/\/lidaglassware.com\/es\/wp-json\/wp\/v2\/comments?post=2966"}],"wp:featuredmedia":[{"embeddable":true,"href":"https:\/\/lidaglassware.com\/es\/wp-json\/wp\/v2\/media\/2947"}],"wp:attachment":[{"href":"https:\/\/lidaglassware.com\/es\/wp-json\/wp\/v2\/media?parent=2966"}],"curies":[{"name":"wp","href":"https:\/\/api.w.org\/{rel}","templated":true}]}}