{"id":71,"date":"2020-12-16T00:12:08","date_gmt":"2020-12-16T08:12:08","guid":{"rendered":"http:\/\/lidaglassware.com\/?post_type=product&#038;p=71"},"modified":"2021-07-19T00:03:08","modified_gmt":"2021-07-19T08:03:08","slug":"hiball-tumbler-glass-250ml","status":"publish","type":"product","link":"https:\/\/lidaglassware.com\/es\/producto\/hiball-tumbler-glass-250ml\/","title":{"rendered":"Vaso Hiball Vaso 250ml \/ 9oz"},"content":{"rendered":"<p>\u2022 Vaso Hiball<br \/>\n\u2022 Dise\u00f1o cl\u00e1sico<br \/>\n\u2022 Gran resistencia<br \/>\n\u2022 Resistente a choques t\u00e9rmicos de -20\u00b0C a +100\u00b0C<br \/>\n\u2022 El vidrio se rompe en fragmentos romos si se rompe<br \/>\n\u2022 Ideal para servir refrescos, agua, jugos o bebidas calientes<br \/>\n\u2022 Seguro para que lo usen los ni\u00f1os<br \/>\n\u2022 Microondas<br \/>\n\u2022 Aptas para el lavavajillas<\/p>\n<p>\u2022 Embalaje: 298 x 372 x 422 mm, 72 piezas<\/p>","protected":false},"excerpt":{"rendered":"<p>Para darle un toque cl\u00e1sico a tu cristaler\u00eda, estos vasos ofrecen un estilo fuerte. Con un dise\u00f1o limpio y cuadrado, estos vasos son el hogar perfecto para cualquier bebida. Simplemente termine con una generosa raci\u00f3n de hielo, una pajita y una rodajita de lim\u00f3n.<\/p>","protected":false},"featured_media":73,"comment_status":"open","ping_status":"closed","template":"","meta":[],"class_list":["post-71","product","type-product","status-publish","has-post-thumbnail","hentry","product_cat-tumbler-glasses","product_tag-tumbler"],"_links":{"self":[{"href":"https:\/\/lidaglassware.com\/es\/wp-json\/wp\/v2\/product\/71","targetHints":{"allow":["GET"]}}],"collection":[{"href":"https:\/\/lidaglassware.com\/es\/wp-json\/wp\/v2\/product"}],"about":[{"href":"https:\/\/lidaglassware.com\/es\/wp-json\/wp\/v2\/types\/product"}],"replies":[{"embeddable":true,"href":"https:\/\/lidaglassware.com\/es\/wp-json\/wp\/v2\/comments?post=71"}],"wp:featuredmedia":[{"embeddable":true,"href":"https:\/\/lidaglassware.com\/es\/wp-json\/wp\/v2\/media\/73"}],"wp:attachment":[{"href":"https:\/\/lidaglassware.com\/es\/wp-json\/wp\/v2\/media?parent=71"}],"curies":[{"name":"wp","href":"https:\/\/api.w.org\/{rel}","templated":true}]}}