{"id":816,"date":"2021-06-28T01:32:44","date_gmt":"2021-06-28T09:32:44","guid":{"rendered":"https:\/\/lidaglassware.com\/?post_type=product&#038;p=816"},"modified":"2024-01-15T22:56:45","modified_gmt":"2024-01-16T06:56:45","slug":"1-75oz-customizable-clear-shot-glass","status":"publish","type":"product","link":"https:\/\/lidaglassware.com\/es\/producto\/1-75oz-customizable-clear-shot-glass\/","title":{"rendered":"VASO DE CHUPITO TRANSPARENTE PERSONALIZABLE DE 1.75 OZ"},"content":{"rendered":"<p>Este Scotch and Whisky Shot es nuestro art\u00edculo m\u00e1s vendido con un gran volumen de producci\u00f3n cada mes. La mejor opci\u00f3n es realizar pedidos juntos si no desea llenar demasiado su almac\u00e9n. Mientras tanto, se aceptan pedidos personalizados. Podemos producir los productos finales con todos sus detalles muy r\u00e1pidamente. Lo que puede hacer es solo esperar a que lleguen los productos y se entreguen a sus clientes.<\/p>\n<div class=\"product-point-box\">\n<div class=\"product-point-title\">Caracter\u00edsticas<\/div>\n<ul class=\"product-point\">\n<li>Logotipos personalizables, mediante relieve en la base o logotipo adhesivo en el cuerpo.<\/li>\n<li>Simplemente escribe<\/li>\n<li>Sin costo de moldeo<\/li>\n<li>Medidas: 2.375\u2033 altura x 1.875\u2033 Di\u00e1metro del borde x 1.375\u2033 Di\u00e1metro inferior<\/li>\n<li>Blanco puro de alta calidad.<\/li>\n<li>Los colores de pintura son viables.<\/li>\n<li>Aprobaci\u00f3n de muestras antes de la producci\u00f3n en masa.<\/li>\n<\/ul>\n<p><strong>Caracter\u00edsticas del producto de los vasos de chupito transparentes personalizables:<\/strong><\/p>\n<ol>\n<li><strong>Opciones de personalizaci\u00f3n:<\/strong> Posibilidad de personalizar con varios dise\u00f1os, logotipos o textos, ofreciendo una forma \u00fanica de personalizar la experiencia de beber.<\/li>\n<li><strong>Vidrio de alta calidad:<\/strong> Fabricado con vidrio transparente y duradero, que garantiza longevidad y una sensaci\u00f3n de primera calidad.<\/li>\n<li><strong>Uso vers\u00e1til:<\/strong> Adecuado para servir una variedad de bebidas espirituosas y licores, as\u00ed como para sesiones de degustaci\u00f3n.<\/li>\n<li><strong>Visibilidad clara:<\/strong> El dise\u00f1o transparente muestra el color y la claridad de los contenidos, mejorando el atractivo visual.<\/li>\n<li><strong>Tama\u00f1o est\u00e1ndar:<\/strong> Por lo general, contiene de 1 a 2 onzas, ideal para tragos tradicionales.<\/li>\n<li><strong>Aptas para el lavavajillas:<\/strong> F\u00e1cil de limpiar y mantener, apto para uso regular.<\/li>\n<li><strong>Dise\u00f1o elegante:<\/strong> Dise\u00f1o sencillo pero elegante que encaja bien en cualquier entorno, desde reuniones informales hasta eventos formales.<\/li>\n<li><strong>Ideal para regalos y souvenirs:<\/strong> Perfecto como regalo personalizado, obsequio de boda o art\u00edculo promocional.<\/li>\n<li><strong>Marca mejorada:<\/strong> Ofrece a las empresas la oportunidad de mejorar la presencia de la marca en eventos y actividades promocionales.<\/li>\n<li><strong>Opciones de pedidos al por mayor:<\/strong> Disponibles para pedidos al por mayor, lo que los hace ideales para eventos o necesidades corporativas.<\/li>\n<\/ol>\n<\/div>","protected":false},"excerpt":{"rendered":"<p>Este vaso de chupito de 1,75 onzas es uno de nuestros m\u00e1s vendidos. Muestra una claridad de alta calidad y se ve fant\u00e1stico con nuestro proceso de serigraf\u00eda personalizado. La tinta no se elimina en el lavavajillas y dura muchos a\u00f1os.<\/p>\n<p>Los vasos de chupito transparentes personalizables ofrecen una combinaci\u00f3n perfecta de personalizaci\u00f3n y elegancia para cualquier ocasi\u00f3n. Estos vasos son ideales para agregar un toque \u00fanico a eventos, regalos o su colecci\u00f3n personal de art\u00edculos de bar. Con la opci\u00f3n de agregar dise\u00f1os, logotipos o texto personalizados, estos vasos de chupito se pueden adaptar para reflejar estilos personales, conmemorar eventos especiales o mejorar la visibilidad de la marca. Ya sea para una boda, un evento corporativo o un recuerdo personal, estos vasos brindan un recuerdo memorable y funcional.<\/p>","protected":false},"featured_media":4073,"comment_status":"open","ping_status":"closed","template":"","meta":[],"class_list":["post-816","product","type-product","status-publish","has-post-thumbnail","hentry","product_cat-branded-glasses","product_cat-shot-glasses","product_tag-shot-glasses"],"_links":{"self":[{"href":"https:\/\/lidaglassware.com\/es\/wp-json\/wp\/v2\/product\/816","targetHints":{"allow":["GET"]}}],"collection":[{"href":"https:\/\/lidaglassware.com\/es\/wp-json\/wp\/v2\/product"}],"about":[{"href":"https:\/\/lidaglassware.com\/es\/wp-json\/wp\/v2\/types\/product"}],"replies":[{"embeddable":true,"href":"https:\/\/lidaglassware.com\/es\/wp-json\/wp\/v2\/comments?post=816"}],"wp:featuredmedia":[{"embeddable":true,"href":"https:\/\/lidaglassware.com\/es\/wp-json\/wp\/v2\/media\/4073"}],"wp:attachment":[{"href":"https:\/\/lidaglassware.com\/es\/wp-json\/wp\/v2\/media?parent=816"}],"curies":[{"name":"wp","href":"https:\/\/api.w.org\/{rel}","templated":true}]}}