{"id":860,"date":"2021-07-12T23:21:00","date_gmt":"2021-07-13T07:21:00","guid":{"rendered":"https:\/\/lidaglassware.com\/?post_type=product&#038;p=860"},"modified":"2022-09-27T00:21:05","modified_gmt":"2022-09-27T08:21:05","slug":"beverage-highball-glass-12oz","status":"publish","type":"product","link":"https:\/\/lidaglassware.com\/es\/producto\/beverage-highball-glass-12oz\/","title":{"rendered":"Vaso para bebidas\/vaso alto de 12 oz"},"content":{"rendered":"<ul class=\"product-point\">\n<li>Capacidad: 12 onzas<\/li>\n<li>Tama\u00f1o: 79x145mm<\/li>\n<li>Peso: 340g<\/li>\n<li>Logotipo: Apto para lavavajillas<\/li>\n<\/ul>\n<p>\u2022 Vasos altos de c\u00f3ctel delgados<br \/>\n\u2022 Material: Vidrio sodoc\u00e1lcico<br \/>\n\u2022 Aptas para el lavavajillas<br \/>\n\u2022 Base de burbujas pesada<br \/>\n\u2022 Perfecto para una amplia variedad de bebidas, incluidos c\u00f3cteles, refrescos o combinados<br \/>\n\u2022 Ideal para uso comercial o dom\u00e9stico<\/p>\n<p>Fabricadas con vidrio de alta calidad y un dise\u00f1o delgado, estas gafas ofrecen estilo y durabilidad. Ideal para uso diario en casa o en un bar.<\/p>","protected":false},"excerpt":{"rendered":"<p>Este vaso Highball es la mejor soluci\u00f3n para proveedores de bares o para cualquiera que busque disponer de cristaler\u00eda de alta calidad para eventos especiales, fiestas navide\u00f1as o regalos.<\/p>","protected":false},"featured_media":861,"comment_status":"open","ping_status":"closed","template":"","meta":[],"class_list":["post-860","product","type-product","status-publish","has-post-thumbnail","hentry","product_cat-tumbler-glasses","product_tag-hiball-glasses","product_tag-promotional-glassware","product_tag-tumbler"],"_links":{"self":[{"href":"https:\/\/lidaglassware.com\/es\/wp-json\/wp\/v2\/product\/860","targetHints":{"allow":["GET"]}}],"collection":[{"href":"https:\/\/lidaglassware.com\/es\/wp-json\/wp\/v2\/product"}],"about":[{"href":"https:\/\/lidaglassware.com\/es\/wp-json\/wp\/v2\/types\/product"}],"replies":[{"embeddable":true,"href":"https:\/\/lidaglassware.com\/es\/wp-json\/wp\/v2\/comments?post=860"}],"wp:featuredmedia":[{"embeddable":true,"href":"https:\/\/lidaglassware.com\/es\/wp-json\/wp\/v2\/media\/861"}],"wp:attachment":[{"href":"https:\/\/lidaglassware.com\/es\/wp-json\/wp\/v2\/media?parent=860"}],"curies":[{"name":"wp","href":"https:\/\/api.w.org\/{rel}","templated":true}]}}