{"id":942,"date":"2021-07-15T16:57:34","date_gmt":"2021-07-16T00:57:34","guid":{"rendered":"https:\/\/lidaglassware.com\/?post_type=product&#038;p=942"},"modified":"2024-01-15T22:24:42","modified_gmt":"2024-01-16T06:24:42","slug":"wyborowa-shot-glasses-1-7oz-50ml","status":"publish","type":"product","link":"https:\/\/lidaglassware.com\/es\/producto\/wyborowa-shot-glasses-1-7oz-50ml\/","title":{"rendered":"Vasos de chupito WYBOROWA 1,7 oz \/ 50 ml"},"content":{"rendered":"<p>Estos vasos de chupito WYBOROWA son <a href=\"https:\/\/lidaglassware.com\/es\/customization\/\" target=\"_blank\" rel=\"noopener sponsored\">personalizado<\/a> con <span style=\"color: #000000;\">marca<\/span> logo.<\/p>\n<p>El dise\u00f1o bonito y cristalino te hace disfrutar de tu tiempo con el vino. \u00bfTambi\u00e9n necesitas tus propias gafas?<\/p>\n<p>Todo lo que necesitamos son sus solicitudes de volumen y logotipo\/monograma que prefiera, le daremos los planes \u00fanicos para su elecci\u00f3n. Obtendr\u00e1 la experiencia especial de compra sencilla y calidad garantizada.<\/p>","protected":false},"excerpt":{"rendered":"<p>Los vasos de chupito con logotipo en relieve destacan como un toque personalizado en cualquier bar, combinando funcionalidad con un estilo personalizado. Estos vasos no son simples recipientes para tus bebidas espirituosas favoritas; son una declaraci\u00f3n de estilo e individualidad. Ideales para empresas que buscan marcar sus art\u00edculos de bar, eventos que buscan un recuerdo memorable o incluso como un regalo \u00fanico, estos vasos de chupito con logotipos en relieve ofrecen practicidad y un toque personal. El dise\u00f1o en relieve del logotipo agrega un elemento t\u00e1ctil a la experiencia, haciendo que cada sorbo sea m\u00e1s atractivo.<\/p>","protected":false},"featured_media":4068,"comment_status":"closed","ping_status":"closed","template":"","meta":[],"class_list":["post-942","product","type-product","status-publish","has-post-thumbnail","hentry","product_cat-branded-glasses","product_cat-shot-glasses"],"_links":{"self":[{"href":"https:\/\/lidaglassware.com\/es\/wp-json\/wp\/v2\/product\/942","targetHints":{"allow":["GET"]}}],"collection":[{"href":"https:\/\/lidaglassware.com\/es\/wp-json\/wp\/v2\/product"}],"about":[{"href":"https:\/\/lidaglassware.com\/es\/wp-json\/wp\/v2\/types\/product"}],"replies":[{"embeddable":true,"href":"https:\/\/lidaglassware.com\/es\/wp-json\/wp\/v2\/comments?post=942"}],"wp:featuredmedia":[{"embeddable":true,"href":"https:\/\/lidaglassware.com\/es\/wp-json\/wp\/v2\/media\/4068"}],"wp:attachment":[{"href":"https:\/\/lidaglassware.com\/es\/wp-json\/wp\/v2\/media?parent=942"}],"curies":[{"name":"wp","href":"https:\/\/api.w.org\/{rel}","templated":true}]}}